{"id":73906,"date":"2025-03-27T18:39:17","date_gmt":"2025-03-27T16:39:17","guid":{"rendered":"https:\/\/nautical.store\/toode\/esther-v-neck-toppi\/"},"modified":"2025-11-25T19:25:08","modified_gmt":"2025-11-25T17:25:08","slug":"esther-v-neck-toppi","status":"publish","type":"product","link":"https:\/\/nautical.store\/fi\/tuote\/esther-v-neck-toppi\/","title":{"rendered":"Esther V-Neck Toppi"},"content":{"rendered":"<p><!--StartFragment --><\/p>\n<p>Kevyt V-p\u00e4\u00e4ntie toppi \u2013 pehme\u00e4\u00e4 viskoosia arkeen ja juhlaan. T\u00e4m\u00e4 lyhyt toppi on ilmava ja miellytt\u00e4v\u00e4 p\u00e4\u00e4ll\u00e4 \u2013 t\u00e4ydellinen kes\u00e4p\u00e4iviin tai kerrospukeutumiseen.<\/p>\n<ul>\n<li><strong>Materiaali:<\/strong> 93 % viskoosia, 7 % elastaania<\/li>\n<li>Pitk\u00e4 olkalinja tuo rennon fiiliksen<\/li>\n<li>Edess\u00e4 tyylik\u00e4s laskos, joka korostaa kaunista istuvuutta<\/li>\n<li>V\u00e4lj\u00e4 malli takaa hengitt\u00e4vyyden ja mukavuuden<\/li>\n<li>\u00d6ko-Tex-sertifioitu kangas \u2013 hyv\u00e4 olo my\u00f6s ekologisesti<\/li>\n<li>Valmistettu Euroopassa laadukkaasti<\/li>\n<\/ul>\n<p><!--EndFragment --><\/p>\n","protected":false},"excerpt":{"rendered":"<p>Kevyt V-p\u00e4\u00e4ntie toppi \u2013 pehme\u00e4\u00e4 viskoosia arkeen ja juhlaan. T\u00e4m\u00e4 lyhyt toppi on ilmava ja miellytt\u00e4v\u00e4 p\u00e4\u00e4ll\u00e4 \u2013 t\u00e4ydellinen kes\u00e4p\u00e4iviin tai kerrospukeutumiseen. Materiaali: 93 % viskoosia, 7 % elastaania Pitk\u00e4 olkalinja tuo rennon fiiliksen Edess\u00e4 tyylik\u00e4s laskos, joka korostaa kaunista istuvuutta V\u00e4lj\u00e4 malli takaa hengitt\u00e4vyyden ja mukavuuden \u00d6ko-Tex-sertifioitu kangas \u2013 hyv\u00e4 olo my\u00f6s ekologisesti Valmistettu [&hellip;]<\/p>\n","protected":false},"featured_media":72815,"template":"","meta":{"_acf_changed":false},"pwb-brand":[836],"product_brand":[],"product_cat":[877,827,590],"product_tag":[],"woo-feed-brand":[],"class_list":{"0":"post-73906","1":"product","2":"type-product","3":"status-publish","4":"has-post-thumbnail","6":"pwb-brand-holebrook-fi","7":"product_cat-edullinen-hinta-naiset","8":"product_cat-naiset","9":"product_cat-paidat","11":"first","12":"instock","13":"sale","14":"taxable","15":"shipping-taxable","16":"purchasable","17":"product-type-variable","18":"wvs-archive-product-wrapper"},"acf":[],"brands":[{"id":836,"name":"Holebrook","slug":"holebrook-fi"}],"_links":{"self":[{"href":"https:\/\/nautical.store\/fi\/wp-json\/wp\/v2\/product\/73906","targetHints":{"allow":["GET"]}}],"collection":[{"href":"https:\/\/nautical.store\/fi\/wp-json\/wp\/v2\/product"}],"about":[{"href":"https:\/\/nautical.store\/fi\/wp-json\/wp\/v2\/types\/product"}],"wp:featuredmedia":[{"embeddable":true,"href":"https:\/\/nautical.store\/fi\/wp-json\/wp\/v2\/media\/72815"}],"wp:attachment":[{"href":"https:\/\/nautical.store\/fi\/wp-json\/wp\/v2\/media?parent=73906"}],"wp:term":[{"taxonomy":"pwb-brand","embeddable":true,"href":"https:\/\/nautical.store\/fi\/wp-json\/wp\/v2\/pwb-brand?post=73906"},{"taxonomy":"product_brand","embeddable":true,"href":"https:\/\/nautical.store\/fi\/wp-json\/wp\/v2\/product_brand?post=73906"},{"taxonomy":"product_cat","embeddable":true,"href":"https:\/\/nautical.store\/fi\/wp-json\/wp\/v2\/product_cat?post=73906"},{"taxonomy":"product_tag","embeddable":true,"href":"https:\/\/nautical.store\/fi\/wp-json\/wp\/v2\/product_tag?post=73906"},{"taxonomy":"woo-feed-brand","embeddable":true,"href":"https:\/\/nautical.store\/fi\/wp-json\/wp\/v2\/woo-feed-brand?post=73906"}],"curies":[{"name":"wp","href":"https:\/\/api.w.org\/{rel}","templated":true}]}}