{"id":73923,"date":"2025-03-26T17:49:25","date_gmt":"2025-03-26T15:49:25","guid":{"rendered":"https:\/\/nautical.store\/toode\/mallan-tank-toppi\/"},"modified":"2025-07-28T10:53:05","modified_gmt":"2025-07-28T07:53:05","slug":"mallan-tank-toppi","status":"publish","type":"product","link":"https:\/\/nautical.store\/fi\/tuote\/mallan-tank-toppi\/","title":{"rendered":"Mallan Tank Toppi"},"content":{"rendered":"<p><!--StartFragment --><\/p>\n<p>Tyylik\u00e4s ribbineule-toppi \u2013 pehme\u00e4\u00e4 viskoosisekoitetta arkeen ja juhlaan<\/p>\n<p>Elegantti toppi, joka tuntuu iholla mukavalta ja n\u00e4ytt\u00e4\u00e4 hyv\u00e4lt\u00e4 \u2013 helppo yhdist\u00e4\u00e4 eri asuihin.<\/p>\n<ul>\n<li>Materiaali: 80 % viskoosia, 20 % polyamidia<\/li>\n<li>Normaali istuvuus, joka my\u00f6t\u00e4ilee kauniisti vartaloa<\/li>\n<li>Syv\u00e4 py\u00f6re\u00e4 p\u00e4\u00e4ntie tuo naisellisuutta<\/li>\n<li>Sivuhalkiot tuovat keveytt\u00e4 ja liikkuvuutta<\/li>\n<li>Holebrook-logo helmassa vasemmalla<\/li>\n<li>Valmistettu Euroopassa huolella ja vastuullisesti<\/li>\n<li>Yhdist\u00e4 Mallan-hameeseen ja luo viimeistelty, tyylik\u00e4s kokonaisuus<\/li>\n<\/ul>\n<p><!--EndFragment --><\/p>\n","protected":false},"excerpt":{"rendered":"<p>Tyylik\u00e4s ribbineule-toppi \u2013 pehme\u00e4\u00e4 viskoosisekoitetta arkeen ja juhlaan Elegantti toppi, joka tuntuu iholla mukavalta ja n\u00e4ytt\u00e4\u00e4 hyv\u00e4lt\u00e4 \u2013 helppo yhdist\u00e4\u00e4 eri asuihin. Materiaali: 80 % viskoosia, 20 % polyamidia Normaali istuvuus, joka my\u00f6t\u00e4ilee kauniisti vartaloa Syv\u00e4 py\u00f6re\u00e4 p\u00e4\u00e4ntie tuo naisellisuutta Sivuhalkiot tuovat keveytt\u00e4 ja liikkuvuutta Holebrook-logo helmassa vasemmalla Valmistettu Euroopassa huolella ja vastuullisesti Yhdist\u00e4 Mallan-hameeseen [&hellip;]<\/p>\n","protected":false},"featured_media":72942,"template":"","meta":{"_acf_changed":false},"pwb-brand":[836],"product_brand":[],"product_cat":[877,827,601],"product_tag":[],"woo-feed-brand":[],"class_list":{"0":"post-73923","1":"product","2":"type-product","3":"status-publish","4":"has-post-thumbnail","6":"pwb-brand-holebrook-fi","7":"product_cat-edullinen-hinta-naiset","8":"product_cat-naiset","9":"product_cat-neuleet","11":"first","12":"instock","13":"sale","14":"taxable","15":"shipping-taxable","16":"purchasable","17":"product-type-variable","18":"wvs-archive-product-wrapper"},"acf":[],"brands":[{"id":836,"name":"Holebrook","slug":"holebrook-fi"}],"_links":{"self":[{"href":"https:\/\/nautical.store\/fi\/wp-json\/wp\/v2\/product\/73923","targetHints":{"allow":["GET"]}}],"collection":[{"href":"https:\/\/nautical.store\/fi\/wp-json\/wp\/v2\/product"}],"about":[{"href":"https:\/\/nautical.store\/fi\/wp-json\/wp\/v2\/types\/product"}],"wp:featuredmedia":[{"embeddable":true,"href":"https:\/\/nautical.store\/fi\/wp-json\/wp\/v2\/media\/72942"}],"wp:attachment":[{"href":"https:\/\/nautical.store\/fi\/wp-json\/wp\/v2\/media?parent=73923"}],"wp:term":[{"taxonomy":"pwb-brand","embeddable":true,"href":"https:\/\/nautical.store\/fi\/wp-json\/wp\/v2\/pwb-brand?post=73923"},{"taxonomy":"product_brand","embeddable":true,"href":"https:\/\/nautical.store\/fi\/wp-json\/wp\/v2\/product_brand?post=73923"},{"taxonomy":"product_cat","embeddable":true,"href":"https:\/\/nautical.store\/fi\/wp-json\/wp\/v2\/product_cat?post=73923"},{"taxonomy":"product_tag","embeddable":true,"href":"https:\/\/nautical.store\/fi\/wp-json\/wp\/v2\/product_tag?post=73923"},{"taxonomy":"woo-feed-brand","embeddable":true,"href":"https:\/\/nautical.store\/fi\/wp-json\/wp\/v2\/woo-feed-brand?post=73923"}],"curies":[{"name":"wp","href":"https:\/\/api.w.org\/{rel}","templated":true}]}}