{"id":73936,"date":"2025-03-26T14:19:15","date_gmt":"2025-03-26T12:19:15","guid":{"rendered":"https:\/\/nautical.store\/toode\/mallan-toppi\/"},"modified":"2025-03-26T14:19:15","modified_gmt":"2025-03-26T12:19:15","slug":"mallan-toppi","status":"publish","type":"product","link":"https:\/\/nautical.store\/fi\/tuote\/mallan-toppi\/","title":{"rendered":"Mallan Toppi"},"content":{"rendered":"<p class=\"\" data-start=\"0\" data-end=\"149\">Elegantti ribbineulottu toppi, valmistettu korkealaatuisesta viskoosin ja polyamidin sekoitteesta. Viskoosipitoisuus takaa pehmeyden ja mukavuuden.<\/p>\n<ul>\n<li data-start=\"151\" data-end=\"379\">Koostumus: 80% viskoosia, 20% polyamidia<\/li>\n<li data-start=\"151\" data-end=\"379\">Normaali istuvuus<\/li>\n<li data-start=\"151\" data-end=\"379\">Syv\u00e4 py\u00f6re\u00e4 p\u00e4\u00e4ntie<\/li>\n<li data-start=\"151\" data-end=\"379\">Halkiot sivuilla<\/li>\n<li data-start=\"151\" data-end=\"379\">Vasemman alareunan Holebrook-logo<\/li>\n<li data-start=\"151\" data-end=\"379\">Valmistettu Euroopassa<\/li>\n<li data-start=\"151\" data-end=\"379\">Yhdist\u00e4 Mallan-hameeseen luodaksesi tyylikk\u00e4\u00e4n asukokonaisuuden<\/li>\n<\/ul>\n","protected":false},"excerpt":{"rendered":"<p>Elegantti ribbineulottu toppi, valmistettu korkealaatuisesta viskoosin ja polyamidin sekoitteesta. Viskoosipitoisuus takaa pehmeyden ja mukavuuden. Koostumus: 80% viskoosia, 20% polyamidia Normaali istuvuus Syv\u00e4 py\u00f6re\u00e4 p\u00e4\u00e4ntie Halkiot sivuilla Vasemman alareunan Holebrook-logo Valmistettu Euroopassa Yhdist\u00e4 Mallan-hameeseen luodaksesi tyylikk\u00e4\u00e4n asukokonaisuuden<\/p>\n","protected":false},"featured_media":72921,"template":"","meta":{"_acf_changed":false},"pwb-brand":[836],"product_brand":[],"product_cat":[877,827,601],"product_tag":[],"woo-feed-brand":[],"class_list":{"0":"post-73936","1":"product","2":"type-product","3":"status-publish","4":"has-post-thumbnail","6":"pwb-brand-holebrook-fi","7":"product_cat-edullinen-hinta-naiset","8":"product_cat-naiset","9":"product_cat-neuleet","11":"first","12":"instock","13":"sale","14":"taxable","15":"shipping-taxable","16":"purchasable","17":"product-type-variable","18":"wvs-archive-product-wrapper"},"acf":[],"brands":[{"id":836,"name":"Holebrook","slug":"holebrook-fi"}],"_links":{"self":[{"href":"https:\/\/nautical.store\/fi\/wp-json\/wp\/v2\/product\/73936","targetHints":{"allow":["GET"]}}],"collection":[{"href":"https:\/\/nautical.store\/fi\/wp-json\/wp\/v2\/product"}],"about":[{"href":"https:\/\/nautical.store\/fi\/wp-json\/wp\/v2\/types\/product"}],"wp:featuredmedia":[{"embeddable":true,"href":"https:\/\/nautical.store\/fi\/wp-json\/wp\/v2\/media\/72921"}],"wp:attachment":[{"href":"https:\/\/nautical.store\/fi\/wp-json\/wp\/v2\/media?parent=73936"}],"wp:term":[{"taxonomy":"pwb-brand","embeddable":true,"href":"https:\/\/nautical.store\/fi\/wp-json\/wp\/v2\/pwb-brand?post=73936"},{"taxonomy":"product_brand","embeddable":true,"href":"https:\/\/nautical.store\/fi\/wp-json\/wp\/v2\/product_brand?post=73936"},{"taxonomy":"product_cat","embeddable":true,"href":"https:\/\/nautical.store\/fi\/wp-json\/wp\/v2\/product_cat?post=73936"},{"taxonomy":"product_tag","embeddable":true,"href":"https:\/\/nautical.store\/fi\/wp-json\/wp\/v2\/product_tag?post=73936"},{"taxonomy":"woo-feed-brand","embeddable":true,"href":"https:\/\/nautical.store\/fi\/wp-json\/wp\/v2\/woo-feed-brand?post=73936"}],"curies":[{"name":"wp","href":"https:\/\/api.w.org\/{rel}","templated":true}]}}