{"id":73947,"date":"2025-03-26T13:24:37","date_gmt":"2025-03-26T11:24:37","guid":{"rendered":"https:\/\/nautical.store\/toode\/juni-neule-2\/"},"modified":"2025-03-26T13:24:37","modified_gmt":"2025-03-26T11:24:37","slug":"juni-neule-2","status":"publish","type":"product","link":"https:\/\/nautical.store\/fi\/tuote\/juni-neule-2\/","title":{"rendered":"Juni Neule"},"content":{"rendered":"<p class=\"\" data-start=\"0\" data-end=\"90\">Klassinen venep\u00e4\u00e4ntiellinen neule, jonka rullatut reunat tuovat persoonallisuutta.<\/p>\n<ul>\n<li data-start=\"92\" data-end=\"263\">Koostumus: 100% puuvillaa<\/li>\n<li data-start=\"92\" data-end=\"263\">Normaali istuvuus<\/li>\n<li data-start=\"92\" data-end=\"263\">Vasemman alareunan Holebrook-logo<\/li>\n<li data-start=\"92\" data-end=\"263\">Valmistettu Euroopassa<\/li>\n<li data-start=\"92\" data-end=\"263\">Yhdist\u00e4 Cissi-hameeseen luodaksesi tyylikk\u00e4\u00e4n asukokonaisuuden<\/li>\n<\/ul>\n","protected":false},"excerpt":{"rendered":"<p>Klassinen venep\u00e4\u00e4ntiellinen neule, jonka rullatut reunat tuovat persoonallisuutta. Koostumus: 100% puuvillaa Normaali istuvuus Vasemman alareunan Holebrook-logo Valmistettu Euroopassa Yhdist\u00e4 Cissi-hameeseen luodaksesi tyylikk\u00e4\u00e4n asukokonaisuuden<\/p>\n","protected":false},"featured_media":72893,"template":"","meta":{"_acf_changed":false},"pwb-brand":[836],"product_brand":[],"product_cat":[877,827,601],"product_tag":[],"woo-feed-brand":[],"class_list":{"0":"post-73947","1":"product","2":"type-product","3":"status-publish","4":"has-post-thumbnail","6":"pwb-brand-holebrook-fi","7":"product_cat-edullinen-hinta-naiset","8":"product_cat-naiset","9":"product_cat-neuleet","11":"first","12":"outofstock","13":"taxable","14":"shipping-taxable","15":"product-type-variable","16":"wvs-archive-product-wrapper"},"acf":[],"brands":[{"id":836,"name":"Holebrook","slug":"holebrook-fi"}],"_links":{"self":[{"href":"https:\/\/nautical.store\/fi\/wp-json\/wp\/v2\/product\/73947","targetHints":{"allow":["GET"]}}],"collection":[{"href":"https:\/\/nautical.store\/fi\/wp-json\/wp\/v2\/product"}],"about":[{"href":"https:\/\/nautical.store\/fi\/wp-json\/wp\/v2\/types\/product"}],"wp:featuredmedia":[{"embeddable":true,"href":"https:\/\/nautical.store\/fi\/wp-json\/wp\/v2\/media\/72893"}],"wp:attachment":[{"href":"https:\/\/nautical.store\/fi\/wp-json\/wp\/v2\/media?parent=73947"}],"wp:term":[{"taxonomy":"pwb-brand","embeddable":true,"href":"https:\/\/nautical.store\/fi\/wp-json\/wp\/v2\/pwb-brand?post=73947"},{"taxonomy":"product_brand","embeddable":true,"href":"https:\/\/nautical.store\/fi\/wp-json\/wp\/v2\/product_brand?post=73947"},{"taxonomy":"product_cat","embeddable":true,"href":"https:\/\/nautical.store\/fi\/wp-json\/wp\/v2\/product_cat?post=73947"},{"taxonomy":"product_tag","embeddable":true,"href":"https:\/\/nautical.store\/fi\/wp-json\/wp\/v2\/product_tag?post=73947"},{"taxonomy":"woo-feed-brand","embeddable":true,"href":"https:\/\/nautical.store\/fi\/wp-json\/wp\/v2\/woo-feed-brand?post=73947"}],"curies":[{"name":"wp","href":"https:\/\/api.w.org\/{rel}","templated":true}]}}