{"id":73969,"date":"2025-03-25T22:50:43","date_gmt":"2025-03-25T20:50:43","guid":{"rendered":"https:\/\/nautical.store\/toode\/cina-t-paita\/"},"modified":"2025-03-31T09:31:38","modified_gmt":"2025-03-31T06:31:38","slug":"cina-t-paita","status":"publish","type":"product","link":"https:\/\/nautical.store\/fi\/tuote\/cina-t-paita\/","title":{"rendered":"Cina T-Paita"},"content":{"rendered":"<p class=\"\" data-start=\"0\" data-end=\"50\">Klassinen T-paita 100% orgaanisesta puuvillasta.<\/p>\n<ul>\n<li data-start=\"52\" data-end=\"198\">Laskettu olkalinja<\/li>\n<li data-start=\"52\" data-end=\"198\">Leve\u00e4 ja v\u00e4lj\u00e4 malli<\/li>\n<li data-start=\"52\" data-end=\"198\">Halkiot helmassa sivuilla<\/li>\n<li data-start=\"52\" data-end=\"198\">Vasemman sivun brodeerattu Holebrook Sweden -logo<\/li>\n<li data-start=\"52\" data-end=\"198\">Valmistettu Euroopassa<\/li>\n<\/ul>\n","protected":false},"excerpt":{"rendered":"<p>Klassinen T-paita 100% orgaanisesta puuvillasta. Laskettu olkalinja Leve\u00e4 ja v\u00e4lj\u00e4 malli Halkiot helmassa sivuilla Vasemman sivun brodeerattu Holebrook Sweden -logo Valmistettu Euroopassa<\/p>\n","protected":false},"featured_media":72848,"template":"","meta":{"_acf_changed":false},"pwb-brand":[836],"product_brand":[],"product_cat":[827,590],"product_tag":[],"woo-feed-brand":[],"class_list":{"0":"post-73969","1":"product","2":"type-product","3":"status-publish","4":"has-post-thumbnail","6":"pwb-brand-holebrook-fi","7":"product_cat-naiset","8":"product_cat-paidat","10":"first","11":"instock","12":"taxable","13":"shipping-taxable","14":"purchasable","15":"product-type-variable","16":"wvs-archive-product-wrapper"},"acf":[],"brands":[{"id":836,"name":"Holebrook","slug":"holebrook-fi"}],"_links":{"self":[{"href":"https:\/\/nautical.store\/fi\/wp-json\/wp\/v2\/product\/73969","targetHints":{"allow":["GET"]}}],"collection":[{"href":"https:\/\/nautical.store\/fi\/wp-json\/wp\/v2\/product"}],"about":[{"href":"https:\/\/nautical.store\/fi\/wp-json\/wp\/v2\/types\/product"}],"wp:featuredmedia":[{"embeddable":true,"href":"https:\/\/nautical.store\/fi\/wp-json\/wp\/v2\/media\/72848"}],"wp:attachment":[{"href":"https:\/\/nautical.store\/fi\/wp-json\/wp\/v2\/media?parent=73969"}],"wp:term":[{"taxonomy":"pwb-brand","embeddable":true,"href":"https:\/\/nautical.store\/fi\/wp-json\/wp\/v2\/pwb-brand?post=73969"},{"taxonomy":"product_brand","embeddable":true,"href":"https:\/\/nautical.store\/fi\/wp-json\/wp\/v2\/product_brand?post=73969"},{"taxonomy":"product_cat","embeddable":true,"href":"https:\/\/nautical.store\/fi\/wp-json\/wp\/v2\/product_cat?post=73969"},{"taxonomy":"product_tag","embeddable":true,"href":"https:\/\/nautical.store\/fi\/wp-json\/wp\/v2\/product_tag?post=73969"},{"taxonomy":"woo-feed-brand","embeddable":true,"href":"https:\/\/nautical.store\/fi\/wp-json\/wp\/v2\/woo-feed-brand?post=73969"}],"curies":[{"name":"wp","href":"https:\/\/api.w.org\/{rel}","templated":true}]}}