{"id":73979,"date":"2025-03-25T22:09:05","date_gmt":"2025-03-25T20:09:05","guid":{"rendered":"https:\/\/nautical.store\/toode\/corinne-pusero\/"},"modified":"2026-01-06T16:41:06","modified_gmt":"2026-01-06T14:41:06","slug":"corinne-pusero","status":"publish","type":"product","link":"https:\/\/nautical.store\/fi\/tuote\/corinne-pusero\/","title":{"rendered":"Corinne Collegepaita"},"content":{"rendered":"<p class=\"\" data-start=\"0\" data-end=\"85\">Collegepaita korkealaatuisesta luomupuuvillasekoitteesta. Pehme\u00e4, harjattu sis\u00e4pinta. Normaali\u2013oversize-mitoitus ja joustavat resorit. Yhdist\u00e4 Corinne-sweatshortseihin yhten\u00e4isen lookin saamiseksi. Valmistettu kest\u00e4v\u00e4sti Euroopassa.<\/p>\n<p data-start=\"0\" data-end=\"85\">\n<p><!--StartFragment --><\/p>\n<ul>\n<li>Regular\u2013oversize-mitoitus<\/li>\n<li>Joustavat resorit, pudotettu olkalinja<\/li>\n<li>Logokirjailu<\/li>\n<li>Valmistettu 100 % luomupuuvillasta<\/li>\n<li>Tuotettu Euroopassa<\/li>\n<li>Materiaali: 80 % luomupuuvillaa \/ 20 % polyesteri\u00e4<!--EndFragment --><\/li>\n<\/ul>\n","protected":false},"excerpt":{"rendered":"<p>Naisten luomupuuvillainen collegepaita<\/p>\n","protected":false},"featured_media":72829,"template":"","meta":{"_acf_changed":false},"pwb-brand":[836],"product_brand":[],"product_cat":[877,688,827,2183],"product_tag":[],"woo-feed-brand":[],"class_list":{"0":"post-73979","1":"product","2":"type-product","3":"status-publish","4":"has-post-thumbnail","6":"pwb-brand-holebrook-fi","7":"product_cat-edullinen-hinta-naiset","8":"product_cat-hupparit-ja-fleecet","9":"product_cat-naiset","10":"product_cat-outlet-fi","12":"first","13":"instock","14":"sale","15":"taxable","16":"shipping-taxable","17":"purchasable","18":"product-type-variable","19":"wvs-archive-product-wrapper"},"acf":[],"brands":[{"id":836,"name":"Holebrook","slug":"holebrook-fi"}],"_links":{"self":[{"href":"https:\/\/nautical.store\/fi\/wp-json\/wp\/v2\/product\/73979","targetHints":{"allow":["GET"]}}],"collection":[{"href":"https:\/\/nautical.store\/fi\/wp-json\/wp\/v2\/product"}],"about":[{"href":"https:\/\/nautical.store\/fi\/wp-json\/wp\/v2\/types\/product"}],"wp:featuredmedia":[{"embeddable":true,"href":"https:\/\/nautical.store\/fi\/wp-json\/wp\/v2\/media\/72829"}],"wp:attachment":[{"href":"https:\/\/nautical.store\/fi\/wp-json\/wp\/v2\/media?parent=73979"}],"wp:term":[{"taxonomy":"pwb-brand","embeddable":true,"href":"https:\/\/nautical.store\/fi\/wp-json\/wp\/v2\/pwb-brand?post=73979"},{"taxonomy":"product_brand","embeddable":true,"href":"https:\/\/nautical.store\/fi\/wp-json\/wp\/v2\/product_brand?post=73979"},{"taxonomy":"product_cat","embeddable":true,"href":"https:\/\/nautical.store\/fi\/wp-json\/wp\/v2\/product_cat?post=73979"},{"taxonomy":"product_tag","embeddable":true,"href":"https:\/\/nautical.store\/fi\/wp-json\/wp\/v2\/product_tag?post=73979"},{"taxonomy":"woo-feed-brand","embeddable":true,"href":"https:\/\/nautical.store\/fi\/wp-json\/wp\/v2\/woo-feed-brand?post=73979"}],"curies":[{"name":"wp","href":"https:\/\/api.w.org\/{rel}","templated":true}]}}