{"id":73993,"date":"2025-03-25T19:26:26","date_gmt":"2025-03-25T17:26:26","guid":{"rendered":"https:\/\/nautical.store\/toode\/cissi-hame\/"},"modified":"2025-07-28T10:25:47","modified_gmt":"2025-07-28T07:25:47","slug":"cissi-hame","status":"publish","type":"product","link":"https:\/\/nautical.store\/fi\/tuote\/cissi-hame\/","title":{"rendered":"Cissi Hame"},"content":{"rendered":"<p><!--StartFragment --><\/p>\n<p>Neulottu pitk\u00e4 hame \u2013 100 % orgaanista puuvillaa<\/p>\n<ul>\n<li>Valmistettu pehme\u00e4st\u00e4 ja hengitt\u00e4v\u00e4st\u00e4 orgaanisesta puuvillasta<\/li>\n<li>Joustava ja leve\u00e4 vy\u00f6t\u00e4r\u00f6nauha takaa mukavan istuvuuden<\/li>\n<li>K\u00e4tev\u00e4t sivutaskut \u2013 vasemmassa taskussa tyylik\u00e4s Holebrook-logo<\/li>\n<li>Takana naisellinen halkio, joka tuo liikkumavapautta<\/li>\n<li>Valmistettu Euroopassa laadukkaasti ja vastuullisesti<\/li>\n<li>Yhdist\u00e4 Juni-venep\u00e4\u00e4ntiepaitaan ja luo ajaton, tyylik\u00e4s asukokonaisuus<\/li>\n<\/ul>\n<p><!--EndFragment --><\/p>\n","protected":false},"excerpt":{"rendered":"<p>Ajaton neulottu hame<\/p>\n","protected":false},"featured_media":72771,"template":"","meta":{"_acf_changed":false},"pwb-brand":[836],"product_brand":[],"product_cat":[877,639,827,601],"product_tag":[],"woo-feed-brand":[],"class_list":{"0":"post-73993","1":"product","2":"type-product","3":"status-publish","4":"has-post-thumbnail","6":"pwb-brand-holebrook-fi","7":"product_cat-edullinen-hinta-naiset","8":"product_cat-hameet","9":"product_cat-naiset","10":"product_cat-neuleet","12":"first","13":"instock","14":"sale","15":"taxable","16":"shipping-taxable","17":"purchasable","18":"product-type-variable","19":"wvs-archive-product-wrapper"},"acf":[],"brands":[{"id":836,"name":"Holebrook","slug":"holebrook-fi"}],"_links":{"self":[{"href":"https:\/\/nautical.store\/fi\/wp-json\/wp\/v2\/product\/73993","targetHints":{"allow":["GET"]}}],"collection":[{"href":"https:\/\/nautical.store\/fi\/wp-json\/wp\/v2\/product"}],"about":[{"href":"https:\/\/nautical.store\/fi\/wp-json\/wp\/v2\/types\/product"}],"wp:featuredmedia":[{"embeddable":true,"href":"https:\/\/nautical.store\/fi\/wp-json\/wp\/v2\/media\/72771"}],"wp:attachment":[{"href":"https:\/\/nautical.store\/fi\/wp-json\/wp\/v2\/media?parent=73993"}],"wp:term":[{"taxonomy":"pwb-brand","embeddable":true,"href":"https:\/\/nautical.store\/fi\/wp-json\/wp\/v2\/pwb-brand?post=73993"},{"taxonomy":"product_brand","embeddable":true,"href":"https:\/\/nautical.store\/fi\/wp-json\/wp\/v2\/product_brand?post=73993"},{"taxonomy":"product_cat","embeddable":true,"href":"https:\/\/nautical.store\/fi\/wp-json\/wp\/v2\/product_cat?post=73993"},{"taxonomy":"product_tag","embeddable":true,"href":"https:\/\/nautical.store\/fi\/wp-json\/wp\/v2\/product_tag?post=73993"},{"taxonomy":"woo-feed-brand","embeddable":true,"href":"https:\/\/nautical.store\/fi\/wp-json\/wp\/v2\/woo-feed-brand?post=73993"}],"curies":[{"name":"wp","href":"https:\/\/api.w.org\/{rel}","templated":true}]}}