{"id":74033,"date":"2025-03-25T15:00:23","date_gmt":"2025-03-25T13:00:23","guid":{"rendered":"https:\/\/nautical.store\/toode\/micaela-hame\/"},"modified":"2025-10-06T16:30:22","modified_gmt":"2025-10-06T13:30:22","slug":"micaela-hame","status":"publish","type":"product","link":"https:\/\/nautical.store\/fi\/tuote\/micaela-hame\/","title":{"rendered":"Micaela Hame"},"content":{"rendered":"<p>Kevyt ja ilmava kes\u00e4inen popliinihame, valmistettu 100 % korkealaatuisesta puuvillasta. Popliini on tihe\u00e4\u00e4n kudottu kangas, joka takaa erinomaisen kest\u00e4vyyden ja keveyden.<\/p>\n<ul>\n<li>Materiaali: 100 % puuvilla<\/li>\n<li>Sivutaskut<\/li>\n<li>Joustava vy\u00f6t\u00e4r\u00f6 takaa mukavan istuvuuden<\/li>\n<li>V\u00e4lj\u00e4 leikkaus<\/li>\n<li>Valmistettu Euroopassa<\/li>\n<li>Koko S, pituus 88 cm<\/li>\n<li>Yhdist\u00e4 Micaela topin tai paidan kanssa<\/li>\n<\/ul>\n","protected":false},"excerpt":{"rendered":"<p>Kevyt ja ilmava kes\u00e4inen popliinihame, valmistettu 100 % korkealaatuisesta puuvillasta. Popliini on tihe\u00e4\u00e4n kudottu kangas, joka takaa erinomaisen kest\u00e4vyyden ja keveyden. Materiaali: 100 % puuvilla Sivutaskut Joustava vy\u00f6t\u00e4r\u00f6 takaa mukavan istuvuuden V\u00e4lj\u00e4 leikkaus Valmistettu Euroopassa Koko S, pituus 88 cm Yhdist\u00e4 Micaela topin tai paidan kanssa<\/p>\n","protected":false},"featured_media":72736,"template":"","meta":{"_acf_changed":false},"pwb-brand":[836],"product_brand":[],"product_cat":[877,639,827],"product_tag":[],"woo-feed-brand":[],"class_list":{"0":"post-74033","1":"product","2":"type-product","3":"status-publish","4":"has-post-thumbnail","6":"pwb-brand-holebrook-fi","7":"product_cat-edullinen-hinta-naiset","8":"product_cat-hameet","9":"product_cat-naiset","11":"first","12":"instock","13":"sale","14":"taxable","15":"shipping-taxable","16":"purchasable","17":"product-type-variable","18":"wvs-archive-product-wrapper"},"acf":[],"brands":[{"id":836,"name":"Holebrook","slug":"holebrook-fi"}],"_links":{"self":[{"href":"https:\/\/nautical.store\/fi\/wp-json\/wp\/v2\/product\/74033","targetHints":{"allow":["GET"]}}],"collection":[{"href":"https:\/\/nautical.store\/fi\/wp-json\/wp\/v2\/product"}],"about":[{"href":"https:\/\/nautical.store\/fi\/wp-json\/wp\/v2\/types\/product"}],"wp:featuredmedia":[{"embeddable":true,"href":"https:\/\/nautical.store\/fi\/wp-json\/wp\/v2\/media\/72736"}],"wp:attachment":[{"href":"https:\/\/nautical.store\/fi\/wp-json\/wp\/v2\/media?parent=74033"}],"wp:term":[{"taxonomy":"pwb-brand","embeddable":true,"href":"https:\/\/nautical.store\/fi\/wp-json\/wp\/v2\/pwb-brand?post=74033"},{"taxonomy":"product_brand","embeddable":true,"href":"https:\/\/nautical.store\/fi\/wp-json\/wp\/v2\/product_brand?post=74033"},{"taxonomy":"product_cat","embeddable":true,"href":"https:\/\/nautical.store\/fi\/wp-json\/wp\/v2\/product_cat?post=74033"},{"taxonomy":"product_tag","embeddable":true,"href":"https:\/\/nautical.store\/fi\/wp-json\/wp\/v2\/product_tag?post=74033"},{"taxonomy":"woo-feed-brand","embeddable":true,"href":"https:\/\/nautical.store\/fi\/wp-json\/wp\/v2\/woo-feed-brand?post=74033"}],"curies":[{"name":"wp","href":"https:\/\/api.w.org\/{rel}","templated":true}]}}