{"id":74039,"date":"2025-03-25T18:53:19","date_gmt":"2025-03-25T16:53:19","guid":{"rendered":"https:\/\/nautical.store\/toode\/liselotte-mekko\/"},"modified":"2025-07-28T10:57:42","modified_gmt":"2025-07-28T07:57:42","slug":"liselotte-mekko","status":"publish","type":"product","link":"https:\/\/nautical.store\/fi\/tuote\/liselotte-mekko\/","title":{"rendered":"Liselotte Mekko"},"content":{"rendered":"<p><!--StartFragment --><\/p>\n<p>Pitk\u00e4 neulemekko \u2013 pellava-puuvillasekoitetta kes\u00e4n rentoon menoon<\/p>\n<p>T\u00e4ss\u00e4 mekossa yhdistyy tyyli ja mukavuus \u2013 ilmava pinta ja kevyet yksityiskohdat tekev\u00e4t siit\u00e4 t\u00e4ydellisen valinnan l\u00e4mpimiin p\u00e4iviin.<\/p>\n<ul>\n<li>Materiaali: 70 % puuvillaa, 30 % pellavaa<\/li>\n<li>Rentoa istuvuutta ja leve\u00e4t hihat, joissa on kes\u00e4fiilist\u00e4<\/li>\n<li>Syv\u00e4 py\u00f6re\u00e4 p\u00e4\u00e4ntie tuo keveytt\u00e4 ja naisellisuutta<\/li>\n<li>Sivuhalkiot helpottavat liikkumista<\/li>\n<li>Helmassa ja hihoissa rei\u2019itetty kuviointi, joka lis\u00e4\u00e4 ilmavuutta<\/li>\n<li>Vasemmalla sivusaumassa tyylik\u00e4s Holebrook-logo<\/li>\n<li>Pituus koossa XS olkap\u00e4\u00e4lt\u00e4 helmaan 134 cm<\/li>\n<li>Oeko-Tex\u00ae-sertifioitu lanka \u2013 vastuullisesti valmistettu Euroopassa<\/li>\n<\/ul>\n<p>&nbsp;<\/p>\n<p>&nbsp;<\/p>\n<p><!--EndFragment --><\/p>\n","protected":false},"excerpt":{"rendered":"<p>Pitk\u00e4 neulemekko \u2013 pellava-puuvillasekoitetta kes\u00e4n rentoon menoon T\u00e4ss\u00e4 mekossa yhdistyy tyyli ja mukavuus \u2013 ilmava pinta ja kevyet yksityiskohdat tekev\u00e4t siit\u00e4 t\u00e4ydellisen valinnan l\u00e4mpimiin p\u00e4iviin. Materiaali: 70 % puuvillaa, 30 % pellavaa Rentoa istuvuutta ja leve\u00e4t hihat, joissa on kes\u00e4fiilist\u00e4 Syv\u00e4 py\u00f6re\u00e4 p\u00e4\u00e4ntie tuo keveytt\u00e4 ja naisellisuutta Sivuhalkiot helpottavat liikkumista Helmassa ja hihoissa rei\u2019itetty kuviointi, [&hellip;]<\/p>\n","protected":false},"featured_media":72752,"template":"","meta":{"_acf_changed":false},"pwb-brand":[836],"product_brand":[],"product_cat":[877,593,827],"product_tag":[],"woo-feed-brand":[],"class_list":{"0":"post-74039","1":"product","2":"type-product","3":"status-publish","4":"has-post-thumbnail","6":"pwb-brand-holebrook-fi","7":"product_cat-edullinen-hinta-naiset","8":"product_cat-mekot","9":"product_cat-naiset","11":"first","12":"instock","13":"sale","14":"taxable","15":"shipping-taxable","16":"purchasable","17":"product-type-variable","18":"wvs-archive-product-wrapper"},"acf":[],"brands":[{"id":836,"name":"Holebrook","slug":"holebrook-fi"}],"_links":{"self":[{"href":"https:\/\/nautical.store\/fi\/wp-json\/wp\/v2\/product\/74039","targetHints":{"allow":["GET"]}}],"collection":[{"href":"https:\/\/nautical.store\/fi\/wp-json\/wp\/v2\/product"}],"about":[{"href":"https:\/\/nautical.store\/fi\/wp-json\/wp\/v2\/types\/product"}],"wp:featuredmedia":[{"embeddable":true,"href":"https:\/\/nautical.store\/fi\/wp-json\/wp\/v2\/media\/72752"}],"wp:attachment":[{"href":"https:\/\/nautical.store\/fi\/wp-json\/wp\/v2\/media?parent=74039"}],"wp:term":[{"taxonomy":"pwb-brand","embeddable":true,"href":"https:\/\/nautical.store\/fi\/wp-json\/wp\/v2\/pwb-brand?post=74039"},{"taxonomy":"product_brand","embeddable":true,"href":"https:\/\/nautical.store\/fi\/wp-json\/wp\/v2\/product_brand?post=74039"},{"taxonomy":"product_cat","embeddable":true,"href":"https:\/\/nautical.store\/fi\/wp-json\/wp\/v2\/product_cat?post=74039"},{"taxonomy":"product_tag","embeddable":true,"href":"https:\/\/nautical.store\/fi\/wp-json\/wp\/v2\/product_tag?post=74039"},{"taxonomy":"woo-feed-brand","embeddable":true,"href":"https:\/\/nautical.store\/fi\/wp-json\/wp\/v2\/woo-feed-brand?post=74039"}],"curies":[{"name":"wp","href":"https:\/\/api.w.org\/{rel}","templated":true}]}}