{"id":74043,"date":"2025-03-25T14:01:55","date_gmt":"2025-03-25T12:01:55","guid":{"rendered":"https:\/\/nautical.store\/toode\/maud-mekko\/"},"modified":"2025-07-28T11:02:29","modified_gmt":"2025-07-28T08:02:29","slug":"maud-mekko","status":"publish","type":"product","link":"https:\/\/nautical.store\/fi\/tuote\/maud-mekko\/","title":{"rendered":"Maud Mekko"},"content":{"rendered":"<article class=\"w-full text-token-text-primary\" dir=\"auto\" data-testid=\"conversation-turn-18\" data-scroll-anchor=\"true\">\n<div class=\"text-base my-auto mx-auto py-5 px-6\">\n<div class=\"mx-auto flex flex-1 text-base gap-4 md:gap-5 lg:gap-6 md:max-w-3xl lg:max-w-[40rem] xl:max-w-[48rem] group\/turn-messages focus-visible:outline-none\" tabindex=\"-1\">\n<div class=\"group\/conversation-turn relative flex w-full min-w-0 flex-col agent-turn @xs\/thread:px-0 @sm\/thread:px-1.5 @md\/thread:px-4\">\n<div class=\"relative flex-col gap-1 md:gap-3\">\n<div class=\"flex max-w-full flex-col flex-grow\">\n<div class=\"min-h-8 text-message relative flex w-full flex-col items-end gap-2 whitespace-normal break-words text-start [.text-message+&amp;]:mt-5\" dir=\"auto\" data-message-author-role=\"assistant\" data-message-id=\"e2910de0-ba16-4458-ae4f-47d7ff2cd31f\" data-message-model-slug=\"gpt-4o\">\n<div class=\"flex w-full flex-col gap-1 empty:hidden first:pt-[3px]\">\n<div class=\"markdown prose w-full break-words dark:prose-invert light\"><\/div>\n<\/div>\n<\/div>\n<\/div>\n<\/div>\n<div class=\"absolute\">\n<div class=\"flex items-center justify-center\"><!--StartFragment -->Monik\u00e4ytt\u00f6inen neulemekko \u2013 luomupuuvillaa ja rentoa tyyli\u00e4<\/p>\n<p>Kevyt ja miellytt\u00e4v\u00e4 mekko, jossa V-p\u00e4\u00e4ntie tuo ryhti\u00e4 \u2013 voit k\u00e4ytt\u00e4\u00e4 sen edess\u00e4 tai takana, fiiliksen mukaan.<\/p>\n<ul>\n<li>Materiaali: 100 % luomupuuvillaa<\/li>\n<li>Normaalisti istuva malli, jossa pidennetyt olkap\u00e4\u00e4t<\/li>\n<li>V-p\u00e4\u00e4ntie toimii molemmin p\u00e4in \u2013 yksi mekko, kaksi ilmett\u00e4<\/li>\n<li>Pituus koossa S noin 104 cm (mitattu olkap\u00e4\u00e4lt\u00e4 helmaan)<\/li>\n<li>Valmistettu Euroopassa vastuullisesti<\/li>\n<\/ul>\n<p><!--EndFragment --><\/div>\n<\/div>\n<\/div>\n<\/div>\n<\/div>\n<\/article>\n<div class=\"pointer-events-none h-px w-px\" aria-hidden=\"true\" data-edge=\"true\"><\/div>\n","protected":false},"excerpt":{"rendered":"<p>Neulottu mekko, jossa kaksi erilaista p\u00e4\u00e4ntiet\u00e4<\/p>\n","protected":false},"featured_media":72705,"template":"","meta":{"_acf_changed":false},"pwb-brand":[836],"product_brand":[],"product_cat":[877,593,827],"product_tag":[],"woo-feed-brand":[],"class_list":{"0":"post-74043","1":"product","2":"type-product","3":"status-publish","4":"has-post-thumbnail","6":"pwb-brand-holebrook-fi","7":"product_cat-edullinen-hinta-naiset","8":"product_cat-mekot","9":"product_cat-naiset","11":"first","12":"instock","13":"sale","14":"taxable","15":"shipping-taxable","16":"purchasable","17":"product-type-variable","18":"wvs-archive-product-wrapper"},"acf":[],"brands":[{"id":836,"name":"Holebrook","slug":"holebrook-fi"}],"_links":{"self":[{"href":"https:\/\/nautical.store\/fi\/wp-json\/wp\/v2\/product\/74043","targetHints":{"allow":["GET"]}}],"collection":[{"href":"https:\/\/nautical.store\/fi\/wp-json\/wp\/v2\/product"}],"about":[{"href":"https:\/\/nautical.store\/fi\/wp-json\/wp\/v2\/types\/product"}],"wp:featuredmedia":[{"embeddable":true,"href":"https:\/\/nautical.store\/fi\/wp-json\/wp\/v2\/media\/72705"}],"wp:attachment":[{"href":"https:\/\/nautical.store\/fi\/wp-json\/wp\/v2\/media?parent=74043"}],"wp:term":[{"taxonomy":"pwb-brand","embeddable":true,"href":"https:\/\/nautical.store\/fi\/wp-json\/wp\/v2\/pwb-brand?post=74043"},{"taxonomy":"product_brand","embeddable":true,"href":"https:\/\/nautical.store\/fi\/wp-json\/wp\/v2\/product_brand?post=74043"},{"taxonomy":"product_cat","embeddable":true,"href":"https:\/\/nautical.store\/fi\/wp-json\/wp\/v2\/product_cat?post=74043"},{"taxonomy":"product_tag","embeddable":true,"href":"https:\/\/nautical.store\/fi\/wp-json\/wp\/v2\/product_tag?post=74043"},{"taxonomy":"woo-feed-brand","embeddable":true,"href":"https:\/\/nautical.store\/fi\/wp-json\/wp\/v2\/woo-feed-brand?post=74043"}],"curies":[{"name":"wp","href":"https:\/\/api.w.org\/{rel}","templated":true}]}}