{"id":74048,"date":"2025-03-25T13:32:14","date_gmt":"2025-03-25T11:32:14","guid":{"rendered":"https:\/\/nautical.store\/toode\/mallan-hame\/"},"modified":"2025-03-25T13:32:14","modified_gmt":"2025-03-25T11:32:14","slug":"mallan-hame","status":"publish","type":"product","link":"https:\/\/nautical.store\/fi\/tuote\/mallan-hame\/","title":{"rendered":"Mallan Hame"},"content":{"rendered":"<p class=\"\" data-start=\"0\" data-end=\"149\">Neulottu pitk\u00e4 hame, valmistettu korkealaatuisesta viskoosin ja polyamidin sekoituksesta. Viskoosipitoisuus antaa hameelle pehmeytt\u00e4 ja mukavuutta.<\/p>\n<ul>\n<li data-start=\"151\" data-end=\"355\">Koostumus: 80 % viskoosi, 20 % polyamidi<\/li>\n<li data-start=\"151\" data-end=\"355\">Joustava vy\u00f6t\u00e4r\u00f6 takaa mukavan istuvuuden<\/li>\n<li data-start=\"151\" data-end=\"355\">Normaali istuvuus<\/li>\n<li data-start=\"151\" data-end=\"355\">Valmistettu Euroopassa<\/li>\n<li data-start=\"151\" data-end=\"355\">Koko M, pituus 90 cm<\/li>\n<li data-start=\"151\" data-end=\"355\">Yhdist\u00e4 Mallan topin tai Mallan tanktopin kanssa<\/li>\n<\/ul>\n","protected":false},"excerpt":{"rendered":"<p>Neulottu pitk\u00e4 hame, valmistettu korkealaatuisesta viskoosin ja polyamidin sekoituksesta. Viskoosipitoisuus antaa hameelle pehmeytt\u00e4 ja mukavuutta. Koostumus: 80 % viskoosi, 20 % polyamidi Joustava vy\u00f6t\u00e4r\u00f6 takaa mukavan istuvuuden Normaali istuvuus Valmistettu Euroopassa Koko M, pituus 90 cm Yhdist\u00e4 Mallan topin tai Mallan tanktopin kanssa<\/p>\n","protected":false},"featured_media":72646,"template":"","meta":{"_acf_changed":false},"pwb-brand":[836],"product_brand":[],"product_cat":[877,639,827,601],"product_tag":[],"woo-feed-brand":[],"class_list":{"0":"post-74048","1":"product","2":"type-product","3":"status-publish","4":"has-post-thumbnail","6":"pwb-brand-holebrook-fi","7":"product_cat-edullinen-hinta-naiset","8":"product_cat-hameet","9":"product_cat-naiset","10":"product_cat-neuleet","12":"first","13":"instock","14":"sale","15":"taxable","16":"shipping-taxable","17":"purchasable","18":"product-type-variable","19":"wvs-archive-product-wrapper"},"acf":[],"brands":[{"id":836,"name":"Holebrook","slug":"holebrook-fi"}],"_links":{"self":[{"href":"https:\/\/nautical.store\/fi\/wp-json\/wp\/v2\/product\/74048","targetHints":{"allow":["GET"]}}],"collection":[{"href":"https:\/\/nautical.store\/fi\/wp-json\/wp\/v2\/product"}],"about":[{"href":"https:\/\/nautical.store\/fi\/wp-json\/wp\/v2\/types\/product"}],"wp:featuredmedia":[{"embeddable":true,"href":"https:\/\/nautical.store\/fi\/wp-json\/wp\/v2\/media\/72646"}],"wp:attachment":[{"href":"https:\/\/nautical.store\/fi\/wp-json\/wp\/v2\/media?parent=74048"}],"wp:term":[{"taxonomy":"pwb-brand","embeddable":true,"href":"https:\/\/nautical.store\/fi\/wp-json\/wp\/v2\/pwb-brand?post=74048"},{"taxonomy":"product_brand","embeddable":true,"href":"https:\/\/nautical.store\/fi\/wp-json\/wp\/v2\/product_brand?post=74048"},{"taxonomy":"product_cat","embeddable":true,"href":"https:\/\/nautical.store\/fi\/wp-json\/wp\/v2\/product_cat?post=74048"},{"taxonomy":"product_tag","embeddable":true,"href":"https:\/\/nautical.store\/fi\/wp-json\/wp\/v2\/product_tag?post=74048"},{"taxonomy":"woo-feed-brand","embeddable":true,"href":"https:\/\/nautical.store\/fi\/wp-json\/wp\/v2\/woo-feed-brand?post=74048"}],"curies":[{"name":"wp","href":"https:\/\/api.w.org\/{rel}","templated":true}]}}