{"id":77812,"date":"2021-12-14T13:09:11","date_gmt":"2021-12-14T11:09:11","guid":{"rendered":"https:\/\/www.nautical.store\/?post_type=product&#038;p=2325"},"modified":"2021-12-14T13:09:11","modified_gmt":"2021-12-14T11:09:11","slug":"martina-windproof-2","status":"publish","type":"product","link":"https:\/\/nautical.store\/fi\/tuote\/martina-windproof-2\/","title":{"rendered":"Martina Windproof"},"content":{"rendered":"<p>Villane kootud sviiter, hingava ja tuulekindla voodriga. K\u00f5rgendatud, lukuga kaelus. Pikendatud varrukad p\u00f6idlaaukudega, all\u00e4\u00e4res pael. Suur valik erinevaid v\u00e4rve. Kerge ja soe.<\/p>\n","protected":false},"excerpt":{"rendered":"<p>Villane kootud sviiter, hingava ja tuulekindla voodriga. K\u00f5rgendatud, lukuga kaelus. Pikendatud varrukad p\u00f6idlaaukudega, all\u00e4\u00e4res pael. Suur valik erinevaid v\u00e4rve. Kerge ja soe.<\/p>\n","protected":false},"featured_media":0,"template":"","meta":{"_acf_changed":false},"pwb-brand":[],"product_brand":[],"product_cat":[15],"product_tag":[],"woo-feed-brand":[],"class_list":{"0":"post-77812","1":"product","2":"type-product","3":"status-publish","5":"product_cat-maaramata","7":"first","8":"instock","9":"taxable","10":"shipping-taxable","11":"product-type-simple"},"acf":[],"brands":[],"_links":{"self":[{"href":"https:\/\/nautical.store\/fi\/wp-json\/wp\/v2\/product\/77812","targetHints":{"allow":["GET"]}}],"collection":[{"href":"https:\/\/nautical.store\/fi\/wp-json\/wp\/v2\/product"}],"about":[{"href":"https:\/\/nautical.store\/fi\/wp-json\/wp\/v2\/types\/product"}],"wp:attachment":[{"href":"https:\/\/nautical.store\/fi\/wp-json\/wp\/v2\/media?parent=77812"}],"wp:term":[{"taxonomy":"pwb-brand","embeddable":true,"href":"https:\/\/nautical.store\/fi\/wp-json\/wp\/v2\/pwb-brand?post=77812"},{"taxonomy":"product_brand","embeddable":true,"href":"https:\/\/nautical.store\/fi\/wp-json\/wp\/v2\/product_brand?post=77812"},{"taxonomy":"product_cat","embeddable":true,"href":"https:\/\/nautical.store\/fi\/wp-json\/wp\/v2\/product_cat?post=77812"},{"taxonomy":"product_tag","embeddable":true,"href":"https:\/\/nautical.store\/fi\/wp-json\/wp\/v2\/product_tag?post=77812"},{"taxonomy":"woo-feed-brand","embeddable":true,"href":"https:\/\/nautical.store\/fi\/wp-json\/wp\/v2\/woo-feed-brand?post=77812"}],"curies":[{"name":"wp","href":"https:\/\/api.w.org\/{rel}","templated":true}]}}