{"id":79127,"date":"2021-12-10T15:35:17","date_gmt":"2021-12-10T13:35:17","guid":{"rendered":"https:\/\/www.nautical.store\/?post_type=product&#038;p=1653"},"modified":"2021-12-10T15:35:17","modified_gmt":"2021-12-10T13:35:17","slug":"ellinor-pontso-2","status":"publish","type":"product","link":"https:\/\/nautical.store\/fi\/tuote\/ellinor-pontso-2\/","title":{"rendered":"Ellinor Pont\u0161o"},"content":{"rendered":"<p>Kootud pont\u0161o moh\u00e4\u00e4ri ja villa segust. Kasutatud sertifitseeritud moh\u00e4\u00e4r l\u00f5nga. Pehme ja luksuslik materjal. L\u00fchike l\u00f5ige.<\/p>\n","protected":false},"excerpt":{"rendered":"<p>Kootud pont\u0161o moh\u00e4\u00e4ri ja villa segust. Kasutatud sertifitseeritud moh\u00e4\u00e4r l\u00f5nga. Pehme ja luksuslik materjal. L\u00fchike l\u00f5ige.<\/p>\n","protected":false},"featured_media":0,"template":"","meta":{"_acf_changed":false},"pwb-brand":[],"product_brand":[],"product_cat":[15],"product_tag":[],"woo-feed-brand":[],"class_list":{"0":"post-79127","1":"product","2":"type-product","3":"status-publish","5":"product_cat-maaramata","7":"first","8":"instock","9":"taxable","10":"shipping-taxable","11":"product-type-simple"},"acf":[],"brands":[],"_links":{"self":[{"href":"https:\/\/nautical.store\/fi\/wp-json\/wp\/v2\/product\/79127","targetHints":{"allow":["GET"]}}],"collection":[{"href":"https:\/\/nautical.store\/fi\/wp-json\/wp\/v2\/product"}],"about":[{"href":"https:\/\/nautical.store\/fi\/wp-json\/wp\/v2\/types\/product"}],"wp:attachment":[{"href":"https:\/\/nautical.store\/fi\/wp-json\/wp\/v2\/media?parent=79127"}],"wp:term":[{"taxonomy":"pwb-brand","embeddable":true,"href":"https:\/\/nautical.store\/fi\/wp-json\/wp\/v2\/pwb-brand?post=79127"},{"taxonomy":"product_brand","embeddable":true,"href":"https:\/\/nautical.store\/fi\/wp-json\/wp\/v2\/product_brand?post=79127"},{"taxonomy":"product_cat","embeddable":true,"href":"https:\/\/nautical.store\/fi\/wp-json\/wp\/v2\/product_cat?post=79127"},{"taxonomy":"product_tag","embeddable":true,"href":"https:\/\/nautical.store\/fi\/wp-json\/wp\/v2\/product_tag?post=79127"},{"taxonomy":"woo-feed-brand","embeddable":true,"href":"https:\/\/nautical.store\/fi\/wp-json\/wp\/v2\/woo-feed-brand?post=79127"}],"curies":[{"name":"wp","href":"https:\/\/api.w.org\/{rel}","templated":true}]}}