{"id":80518,"date":"2025-06-05T13:25:24","date_gmt":"2025-06-05T10:25:24","guid":{"rendered":"https:\/\/nautical.store\/toode\/pellep-miesten-takki-levo-quilted\/"},"modified":"2025-06-29T17:19:45","modified_gmt":"2025-06-29T14:19:45","slug":"pellep-miesten-takki-levo-quilted","status":"publish","type":"product","link":"https:\/\/nautical.store\/fi\/tuote\/pellep-miesten-takki-levo-quilted\/","title":{"rendered":"PelleP Miesten Takki Levo Quilted"},"content":{"rendered":"<ul>\n<li>Levo Quilted -hupparitakki miehille on toiminnallinen v\u00e4likerros, jonka sis\u00e4pinta on miellytt\u00e4v\u00e4n pehme\u00e4 ja harjattu, mik\u00e4 takaa hyv\u00e4n l\u00e4mm\u00f6neristyksen. Hihat on valmistettu joustavasta materiaalista, joka mahdollistaa maksimaalisen liikkumisvapauden, ja vartalo-osa on p\u00e4\u00e4llystetty tikatulla nailonkankaalla.<\/li>\n<li>Materiaali: 95% polyesteri, 5% elastaani<\/li>\n<li>Joustava kangas<\/li>\n<li>Kosteutta siirt\u00e4v\u00e4 materiaali<\/li>\n<li>Sis\u00e4pinta harjattu l\u00e4mm\u00f6n ja mukavuuden takaamiseksi<\/li>\n<li>100% nailonista valmistettu hunajakennotikattu vuori<\/li>\n<li>YKK k\u00e4\u00e4nteinen spiraalivetoketju edess\u00e4<\/li>\n<li>P-logolla varustettu vetoketju<\/li>\n<li>2 YKK-vetoketjullista etutaskua<\/li>\n<li>Lycra-reunaviimeistely hihansuissa ja helmassa<\/li>\n<li>P-logon kohokuvioitu kumiprintti vasemmassa hihassa<\/li>\n<li>Normaali istuvuus<\/li>\n<\/ul>\n","protected":false},"excerpt":{"rendered":"<p>Kevyt miesten hupparitakki<\/p>\n","protected":false},"featured_media":80412,"template":"","meta":{"_acf_changed":false},"pwb-brand":[838],"product_brand":[],"product_cat":[1259,1261,702,682],"product_tag":[],"woo-feed-brand":[],"class_list":{"0":"post-80518","1":"product","2":"type-product","3":"status-publish","4":"has-post-thumbnail","6":"pwb-brand-pelle-petterson-fi","7":"product_cat-miesten-golfvaatteet","8":"product_cat-miesten-purjehdusvaatteet","9":"product_cat-paallysvaatteet-miehet","10":"product_cat-tekniset-vaatteet","12":"first","13":"outofstock","14":"taxable","15":"shipping-taxable","16":"product-type-variable","17":"wvs-archive-product-wrapper"},"acf":[],"brands":[{"id":838,"name":"Pelle Petterson","slug":"pelle-petterson-fi"}],"_links":{"self":[{"href":"https:\/\/nautical.store\/fi\/wp-json\/wp\/v2\/product\/80518","targetHints":{"allow":["GET"]}}],"collection":[{"href":"https:\/\/nautical.store\/fi\/wp-json\/wp\/v2\/product"}],"about":[{"href":"https:\/\/nautical.store\/fi\/wp-json\/wp\/v2\/types\/product"}],"wp:featuredmedia":[{"embeddable":true,"href":"https:\/\/nautical.store\/fi\/wp-json\/wp\/v2\/media\/80412"}],"wp:attachment":[{"href":"https:\/\/nautical.store\/fi\/wp-json\/wp\/v2\/media?parent=80518"}],"wp:term":[{"taxonomy":"pwb-brand","embeddable":true,"href":"https:\/\/nautical.store\/fi\/wp-json\/wp\/v2\/pwb-brand?post=80518"},{"taxonomy":"product_brand","embeddable":true,"href":"https:\/\/nautical.store\/fi\/wp-json\/wp\/v2\/product_brand?post=80518"},{"taxonomy":"product_cat","embeddable":true,"href":"https:\/\/nautical.store\/fi\/wp-json\/wp\/v2\/product_cat?post=80518"},{"taxonomy":"product_tag","embeddable":true,"href":"https:\/\/nautical.store\/fi\/wp-json\/wp\/v2\/product_tag?post=80518"},{"taxonomy":"woo-feed-brand","embeddable":true,"href":"https:\/\/nautical.store\/fi\/wp-json\/wp\/v2\/woo-feed-brand?post=80518"}],"curies":[{"name":"wp","href":"https:\/\/api.w.org\/{rel}","templated":true}]}}