{"id":80534,"date":"2025-06-06T07:24:17","date_gmt":"2025-06-06T04:24:17","guid":{"rendered":"https:\/\/nautical.store\/toode\/lyndsey-shortsit\/"},"modified":"2025-06-06T07:24:17","modified_gmt":"2025-06-06T04:24:17","slug":"lyndsey-shortsit","status":"publish","type":"product","link":"https:\/\/nautical.store\/fi\/tuote\/lyndsey-shortsit\/","title":{"rendered":"Lyndsey Shortsit"},"content":{"rendered":"<p>Istuvuus: Korkea vy\u00f6t\u00e4r\u00f6 \/ Kapea lahje<br \/>\nHousujen istuvuus palautuu aina alkuper\u00e4iseen muotoonsa erityisten joustavien lankojen ansiosta.<\/p>\n<p>Yksityiskohdat: Lyndsey-shortseissa on metallinen nappi ja niitit. Vy\u00f6t\u00e4r\u00f6n takana on koristeellinen merkki. Shortsien helma on kerran k\u00e4\u00e4nnetty.<\/p>\n<p>Kiinnitys: Nappi ja vetoketju.<\/p>\n<p>Taskut: 5-taskumalli, etu- ja takataskut.<\/p>\n<p>Koostumus:<br \/>\n91% CO \u2013 Puuvilla, joka takaa pehmeyden, hengitt\u00e4vyyden ja luonnollisen mukavuuden.<br \/>\n6% PES \u2013 Polyesteri, joka lis\u00e4\u00e4 kest\u00e4vyytt\u00e4 ja muodon s\u00e4ilyvyytt\u00e4.<br \/>\n3% EA \u2013 Elastaania, joka varmistaa joustavuuden ja paremman k\u00e4ytt\u00f6mukavuuden.<\/p>\n<p>&nbsp;<\/p>\n","protected":false},"excerpt":{"rendered":"<p>Mukavat naisten shortsit<\/p>\n","protected":false},"featured_media":80484,"template":"","meta":{"_acf_changed":false},"pwb-brand":[959],"product_brand":[],"product_cat":[877,640,2183],"product_tag":[],"woo-feed-brand":[],"class_list":{"0":"post-80534","1":"product","2":"type-product","3":"status-publish","4":"has-post-thumbnail","6":"pwb-brand-para-mi-fi","7":"product_cat-edullinen-hinta-naiset","8":"product_cat-housut-fi","9":"product_cat-outlet-fi","11":"first","12":"instock","13":"sale","14":"taxable","15":"shipping-taxable","16":"purchasable","17":"product-type-variable","18":"wvs-archive-product-wrapper"},"acf":[],"brands":[{"id":959,"name":"Para Mi","slug":"para-mi-fi"}],"_links":{"self":[{"href":"https:\/\/nautical.store\/fi\/wp-json\/wp\/v2\/product\/80534","targetHints":{"allow":["GET"]}}],"collection":[{"href":"https:\/\/nautical.store\/fi\/wp-json\/wp\/v2\/product"}],"about":[{"href":"https:\/\/nautical.store\/fi\/wp-json\/wp\/v2\/types\/product"}],"wp:featuredmedia":[{"embeddable":true,"href":"https:\/\/nautical.store\/fi\/wp-json\/wp\/v2\/media\/80484"}],"wp:attachment":[{"href":"https:\/\/nautical.store\/fi\/wp-json\/wp\/v2\/media?parent=80534"}],"wp:term":[{"taxonomy":"pwb-brand","embeddable":true,"href":"https:\/\/nautical.store\/fi\/wp-json\/wp\/v2\/pwb-brand?post=80534"},{"taxonomy":"product_brand","embeddable":true,"href":"https:\/\/nautical.store\/fi\/wp-json\/wp\/v2\/product_brand?post=80534"},{"taxonomy":"product_cat","embeddable":true,"href":"https:\/\/nautical.store\/fi\/wp-json\/wp\/v2\/product_cat?post=80534"},{"taxonomy":"product_tag","embeddable":true,"href":"https:\/\/nautical.store\/fi\/wp-json\/wp\/v2\/product_tag?post=80534"},{"taxonomy":"woo-feed-brand","embeddable":true,"href":"https:\/\/nautical.store\/fi\/wp-json\/wp\/v2\/woo-feed-brand?post=80534"}],"curies":[{"name":"wp","href":"https:\/\/api.w.org\/{rel}","templated":true}]}}