{"id":80582,"date":"2025-05-18T16:50:39","date_gmt":"2025-05-18T13:50:39","guid":{"rendered":"https:\/\/nautical.store\/toode\/pellep-skort-dock\/"},"modified":"2025-07-27T20:12:52","modified_gmt":"2025-07-27T17:12:52","slug":"pellep-skort-dock","status":"publish","type":"product","link":"https:\/\/nautical.store\/fi\/tuote\/pellep-skort-dock\/","title":{"rendered":"PelleP Skort Dock"},"content":{"rendered":"<p>Tyylik\u00e4s, rento ja k\u00e4yt\u00e4nn\u00f6llinen \u2013 kaikki yhdess\u00e4!<br \/>\nDock Skort on vartaloa my\u00f6t\u00e4ilev\u00e4 p\u00f6k\u00f6hame, joka on valmistettu pehme\u00e4st\u00e4, rypytetyst\u00e4 trikookankaasta. Se tuntuu iholla kevyelt\u00e4 ja ilmavalta, my\u00f6s kes\u00e4n kuumimpina p\u00e4ivin\u00e4.<br \/>\nMukava joustava vy\u00f6t\u00e4r\u00f6 s\u00e4\u00e4dett\u00e4v\u00e4ll\u00e4 ny\u00f6rill\u00e4 tekee siit\u00e4 t\u00e4ydellisen valinnan \u2013 olipa suunnitelmissa spontaani venereissu, j\u00e4\u00e4tel\u00f6n nautiskelu laiturilla tai rauhallinen k\u00e4velyhetki pulahdustauolla. Skort yhdist\u00e4\u00e4 hameen ulkon\u00e4\u00f6n shortsien mukavuuteen, ja sivuhalkiot lis\u00e4\u00e4v\u00e4t liikkumavapautta, tehden siit\u00e4 loistavan kumppanin aktiivisiin p\u00e4iviin \u2013 olipa kyseess\u00e4 hyppy kannelta tai rantaan astuminen.<br \/>\nEtutasku tarrakiinnityksell\u00e4 pit\u00e4\u00e4 pienet tavarat turvallisesti k\u00e4den ulottuvilla.<br \/>\nYhdistettyn\u00e4 Dock Strap Topin kanssa ne muodostavat t\u00e4ydellisen kes\u00e4isen asukokonaisuuden huolettomaan ja tyylikk\u00e4\u00e4seen lomailuun.<br \/>\nMateriaali: 95 % puuvilla, 5 % elastaani<\/p>\n","protected":false},"excerpt":{"rendered":"<p>Lyhyt P\u00f6ksyhame Dock<\/p>\n","protected":false},"featured_media":79409,"template":"","meta":{"_acf_changed":false},"pwb-brand":[838],"product_brand":[],"product_cat":[639,640,1260],"product_tag":[],"woo-feed-brand":[],"class_list":{"0":"post-80582","1":"product","2":"type-product","3":"status-publish","4":"has-post-thumbnail","6":"pwb-brand-pelle-petterson-fi","7":"product_cat-hameet","8":"product_cat-housut-fi","9":"product_cat-naisten-golfvaatteet","11":"first","12":"instock","13":"taxable","14":"shipping-taxable","15":"purchasable","16":"product-type-variable","17":"wvs-archive-product-wrapper"},"acf":[],"brands":[{"id":838,"name":"Pelle Petterson","slug":"pelle-petterson-fi"}],"_links":{"self":[{"href":"https:\/\/nautical.store\/fi\/wp-json\/wp\/v2\/product\/80582","targetHints":{"allow":["GET"]}}],"collection":[{"href":"https:\/\/nautical.store\/fi\/wp-json\/wp\/v2\/product"}],"about":[{"href":"https:\/\/nautical.store\/fi\/wp-json\/wp\/v2\/types\/product"}],"wp:featuredmedia":[{"embeddable":true,"href":"https:\/\/nautical.store\/fi\/wp-json\/wp\/v2\/media\/79409"}],"wp:attachment":[{"href":"https:\/\/nautical.store\/fi\/wp-json\/wp\/v2\/media?parent=80582"}],"wp:term":[{"taxonomy":"pwb-brand","embeddable":true,"href":"https:\/\/nautical.store\/fi\/wp-json\/wp\/v2\/pwb-brand?post=80582"},{"taxonomy":"product_brand","embeddable":true,"href":"https:\/\/nautical.store\/fi\/wp-json\/wp\/v2\/product_brand?post=80582"},{"taxonomy":"product_cat","embeddable":true,"href":"https:\/\/nautical.store\/fi\/wp-json\/wp\/v2\/product_cat?post=80582"},{"taxonomy":"product_tag","embeddable":true,"href":"https:\/\/nautical.store\/fi\/wp-json\/wp\/v2\/product_tag?post=80582"},{"taxonomy":"woo-feed-brand","embeddable":true,"href":"https:\/\/nautical.store\/fi\/wp-json\/wp\/v2\/woo-feed-brand?post=80582"}],"curies":[{"name":"wp","href":"https:\/\/api.w.org\/{rel}","templated":true}]}}