{"id":80683,"date":"2025-06-06T07:53:55","date_gmt":"2025-06-06T04:53:55","guid":{"rendered":"https:\/\/nautical.store\/toode\/parami-bowie-coatings-metallinhohtoiset-housut\/"},"modified":"2025-06-06T07:53:55","modified_gmt":"2025-06-06T04:53:55","slug":"parami-bowie-coatings-metallinhohtoiset-housut","status":"publish","type":"product","link":"https:\/\/nautical.store\/fi\/tuote\/parami-bowie-coatings-metallinhohtoiset-housut\/","title":{"rendered":"ParaMi Bowie Coatings metallinhohtoiset housut"},"content":{"rendered":"<p><!--StartFragment --><\/p>\n<ul>\n<li>\n<ul>Joustavat housut mukavasta materiaalista<\/ul>\n<\/li>\n<li>Tyylik\u00e4s hopeanhohtoinen pinta<\/li>\n<li>Korkea vy\u00f6t\u00e4r\u00f6, imarteleva istuvuus<\/li>\n<li>Kapenevat lahkeet<\/li>\n<li>Vy\u00f6lenkit vy\u00f6t\u00e4r\u00f6ll\u00e4<\/li>\n<li>Nappi- ja vetoketjukiinnitys<\/li>\n<li>K\u00e4tev\u00e4t etu- ja takataskut<\/li>\n<li>Lahkeet voi halutessa k\u00e4\u00e4nt\u00e4\u00e4<\/li>\n<li>Koon 38 lahkeen sis\u00e4pituus on 75 cm<\/li>\n<\/ul>\n<p><!--EndFragment --><\/p>\n","protected":false},"excerpt":{"rendered":"<p>Metallinhohtoiset housut<\/p>\n","protected":false},"featured_media":80502,"template":"","meta":{"_acf_changed":false},"pwb-brand":[959],"product_brand":[],"product_cat":[877,640,2183],"product_tag":[],"woo-feed-brand":[],"class_list":{"0":"post-80683","1":"product","2":"type-product","3":"status-publish","4":"has-post-thumbnail","6":"pwb-brand-para-mi-fi","7":"product_cat-edullinen-hinta-naiset","8":"product_cat-housut-fi","9":"product_cat-outlet-fi","11":"first","12":"instock","13":"sale","14":"taxable","15":"shipping-taxable","16":"purchasable","17":"product-type-variable","18":"wvs-archive-product-wrapper"},"acf":[],"brands":[{"id":959,"name":"Para Mi","slug":"para-mi-fi"}],"_links":{"self":[{"href":"https:\/\/nautical.store\/fi\/wp-json\/wp\/v2\/product\/80683","targetHints":{"allow":["GET"]}}],"collection":[{"href":"https:\/\/nautical.store\/fi\/wp-json\/wp\/v2\/product"}],"about":[{"href":"https:\/\/nautical.store\/fi\/wp-json\/wp\/v2\/types\/product"}],"wp:featuredmedia":[{"embeddable":true,"href":"https:\/\/nautical.store\/fi\/wp-json\/wp\/v2\/media\/80502"}],"wp:attachment":[{"href":"https:\/\/nautical.store\/fi\/wp-json\/wp\/v2\/media?parent=80683"}],"wp:term":[{"taxonomy":"pwb-brand","embeddable":true,"href":"https:\/\/nautical.store\/fi\/wp-json\/wp\/v2\/pwb-brand?post=80683"},{"taxonomy":"product_brand","embeddable":true,"href":"https:\/\/nautical.store\/fi\/wp-json\/wp\/v2\/product_brand?post=80683"},{"taxonomy":"product_cat","embeddable":true,"href":"https:\/\/nautical.store\/fi\/wp-json\/wp\/v2\/product_cat?post=80683"},{"taxonomy":"product_tag","embeddable":true,"href":"https:\/\/nautical.store\/fi\/wp-json\/wp\/v2\/product_tag?post=80683"},{"taxonomy":"woo-feed-brand","embeddable":true,"href":"https:\/\/nautical.store\/fi\/wp-json\/wp\/v2\/woo-feed-brand?post=80683"}],"curies":[{"name":"wp","href":"https:\/\/api.w.org\/{rel}","templated":true}]}}