{"id":80690,"date":"2025-06-05T11:38:56","date_gmt":"2025-06-05T08:38:56","guid":{"rendered":"https:\/\/nautical.store\/toode\/pellep-tiller-naisten-neule\/"},"modified":"2025-10-10T07:46:54","modified_gmt":"2025-10-10T04:46:54","slug":"pellep-tiller-naisten-neule","status":"publish","type":"product","link":"https:\/\/nautical.store\/fi\/tuote\/pellep-tiller-naisten-neule\/","title":{"rendered":"PelleP Tiller naisten neule"},"content":{"rendered":"<p>Tiller-neule on valmistettu hienosta orgaanisen puuvillan ja kashmirin sekoituksesta \u2013 ihanan pehme\u00e4 ja silkkinen iholla. Malli on klassisen mukava, sile\u00e4ll\u00e4 neuloksella. Helmassa, hihansuissa ja kauluksessa on joustinneule, joka tuo tyylik\u00e4st\u00e4 tekstuuria. Viimeisteltyjen olkasaumojen lis\u00e4ksi vasemmassa helmassa on tyylik\u00e4s metallinen P-logo, joka viimeistelee ilmeen.<\/p>\n<ul>\n<li>Materiaali: 92 % luomupuuvillaa, 8 % kashmiria<\/li>\n<li>Normaali istuvuus<\/li>\n<li>Sile\u00e4pintainen neulos<\/li>\n<li>Huolellisesti muotoillut olkasaumat<\/li>\n<li>P-logo metallimerkki vasemmassa helmassa<\/li>\n<li>Malli (170 cm) k\u00e4ytt\u00e4\u00e4 kokoa S<\/li>\n<\/ul>\n","protected":false},"excerpt":{"rendered":"<p>Naisten neulepusero luomupuuvillasta ja kashmirista<\/p>\n","protected":false},"featured_media":85744,"template":"","meta":{"_acf_changed":false},"pwb-brand":[838],"product_brand":[],"product_cat":[827,601],"product_tag":[],"woo-feed-brand":[],"class_list":{"0":"post-80690","1":"product","2":"type-product","3":"status-publish","4":"has-post-thumbnail","6":"pwb-brand-pelle-petterson-fi","7":"product_cat-naiset","8":"product_cat-neuleet","10":"first","11":"instock","12":"taxable","13":"shipping-taxable","14":"purchasable","15":"product-type-variable","16":"wvs-archive-product-wrapper"},"acf":[],"brands":[{"id":838,"name":"Pelle Petterson","slug":"pelle-petterson-fi"}],"_links":{"self":[{"href":"https:\/\/nautical.store\/fi\/wp-json\/wp\/v2\/product\/80690","targetHints":{"allow":["GET"]}}],"collection":[{"href":"https:\/\/nautical.store\/fi\/wp-json\/wp\/v2\/product"}],"about":[{"href":"https:\/\/nautical.store\/fi\/wp-json\/wp\/v2\/types\/product"}],"wp:featuredmedia":[{"embeddable":true,"href":"https:\/\/nautical.store\/fi\/wp-json\/wp\/v2\/media\/85744"}],"wp:attachment":[{"href":"https:\/\/nautical.store\/fi\/wp-json\/wp\/v2\/media?parent=80690"}],"wp:term":[{"taxonomy":"pwb-brand","embeddable":true,"href":"https:\/\/nautical.store\/fi\/wp-json\/wp\/v2\/pwb-brand?post=80690"},{"taxonomy":"product_brand","embeddable":true,"href":"https:\/\/nautical.store\/fi\/wp-json\/wp\/v2\/product_brand?post=80690"},{"taxonomy":"product_cat","embeddable":true,"href":"https:\/\/nautical.store\/fi\/wp-json\/wp\/v2\/product_cat?post=80690"},{"taxonomy":"product_tag","embeddable":true,"href":"https:\/\/nautical.store\/fi\/wp-json\/wp\/v2\/product_tag?post=80690"},{"taxonomy":"woo-feed-brand","embeddable":true,"href":"https:\/\/nautical.store\/fi\/wp-json\/wp\/v2\/woo-feed-brand?post=80690"}],"curies":[{"name":"wp","href":"https:\/\/api.w.org\/{rel}","templated":true}]}}