{"id":80718,"date":"2025-06-10T22:51:55","date_gmt":"2025-06-10T19:51:55","guid":{"rendered":"https:\/\/nautical.store\/?post_type=product&#038;p=80718"},"modified":"2025-06-12T14:48:37","modified_gmt":"2025-06-12T11:48:37","slug":"pellep-nilkkasukat-2-paria","status":"publish","type":"product","link":"https:\/\/nautical.store\/fi\/tuote\/pellep-nilkkasukat-2-paria\/","title":{"rendered":"PelleP nilkkasukat, 2 paria"},"content":{"rendered":"<p>Pehme\u00e4t, mukavat ja kest\u00e4v\u00e4t nilkkasukat joustavalla ribbineuloksella. Sukat on valmistettu orgaanisen puuvillan, polyesterin ja elastaanin sekoituksesta. Ribbineuloksessa kudottu P-logo ja pohjassa True Experience -logo. Pakkauksessa kaksi paria sukkia.<\/p>\n<p>Materiaali: 72 % puuvilla \/ 26 % polyesteri \/ 2 % elastaani<br \/>\nPehme\u00e4t ja mukavat nilkkasukat<br \/>\nKontrastiv\u00e4rinen merkki ribbineuloksessa, jossa P-logo<\/p>\n","protected":false},"excerpt":{"rendered":"<p>Pehme\u00e4t, mukavat ja kest\u00e4v\u00e4t nilkkasukat<\/p>\n","protected":false},"featured_media":80712,"template":"","meta":{"_acf_changed":false},"pwb-brand":[838],"product_brand":[],"product_cat":[628,629,1259,1260],"product_tag":[],"woo-feed-brand":[],"class_list":{"0":"post-80718","1":"product","2":"type-product","3":"status-publish","4":"has-post-thumbnail","6":"pwb-brand-pelle-petterson-fi","7":"product_cat-asusteet","8":"product_cat-asusteet-naiset","9":"product_cat-miesten-golfvaatteet","10":"product_cat-naisten-golfvaatteet","12":"first","13":"instock","14":"taxable","15":"shipping-taxable","16":"purchasable","17":"product-type-variable","18":"wvs-archive-product-wrapper"},"acf":[],"brands":[{"id":838,"name":"Pelle Petterson","slug":"pelle-petterson-fi"}],"_links":{"self":[{"href":"https:\/\/nautical.store\/fi\/wp-json\/wp\/v2\/product\/80718","targetHints":{"allow":["GET"]}}],"collection":[{"href":"https:\/\/nautical.store\/fi\/wp-json\/wp\/v2\/product"}],"about":[{"href":"https:\/\/nautical.store\/fi\/wp-json\/wp\/v2\/types\/product"}],"wp:featuredmedia":[{"embeddable":true,"href":"https:\/\/nautical.store\/fi\/wp-json\/wp\/v2\/media\/80712"}],"wp:attachment":[{"href":"https:\/\/nautical.store\/fi\/wp-json\/wp\/v2\/media?parent=80718"}],"wp:term":[{"taxonomy":"pwb-brand","embeddable":true,"href":"https:\/\/nautical.store\/fi\/wp-json\/wp\/v2\/pwb-brand?post=80718"},{"taxonomy":"product_brand","embeddable":true,"href":"https:\/\/nautical.store\/fi\/wp-json\/wp\/v2\/product_brand?post=80718"},{"taxonomy":"product_cat","embeddable":true,"href":"https:\/\/nautical.store\/fi\/wp-json\/wp\/v2\/product_cat?post=80718"},{"taxonomy":"product_tag","embeddable":true,"href":"https:\/\/nautical.store\/fi\/wp-json\/wp\/v2\/product_tag?post=80718"},{"taxonomy":"woo-feed-brand","embeddable":true,"href":"https:\/\/nautical.store\/fi\/wp-json\/wp\/v2\/woo-feed-brand?post=80718"}],"curies":[{"name":"wp","href":"https:\/\/api.w.org\/{rel}","templated":true}]}}