{"id":80762,"date":"2025-06-06T06:51:38","date_gmt":"2025-06-06T03:51:38","guid":{"rendered":"https:\/\/nautical.store\/toode\/parami-cindy-housut\/"},"modified":"2025-06-06T06:51:38","modified_gmt":"2025-06-06T03:51:38","slug":"parami-cindy-housut","status":"publish","type":"product","link":"https:\/\/nautical.store\/fi\/tuote\/parami-cindy-housut\/","title":{"rendered":"ParaMi Cindy housut"},"content":{"rendered":"<p>Naisten kevyet kes\u00e4housut, joissa suora leikkaus ja k\u00e4yt\u00e4nn\u00f6lliset etutaskut. Superjoustava kangas ja korkea vy\u00f6t\u00e4r\u00f6 takaavat miellytt\u00e4v\u00e4n istuvuuden. K\u00e4\u00e4nnetyt lahkeet ja tyylik\u00e4s ilme tekev\u00e4t niist\u00e4 loistavan valinnan niin arkeen kuin vapaa-aikaan. Vy\u00f6t\u00e4r\u00f6ll\u00e4 vy\u00f6lenkit, nappi ja vetoketju sek\u00e4 sivutaskut, jotka tuovat lis\u00e4\u00e4 mukavuutta ja viimeistelty\u00e4 ilmett\u00e4. N\u00e4ist\u00e4 Para Mi -housuista voi tulla uudet suosikkisi!<br \/>\nLahkeen pituus: L 28<br \/>\n55 % puuvillaa<br \/>\n42 % viskoosia<br \/>\n3 % elastaania<\/p>\n","protected":false},"excerpt":{"rendered":"<p>Naisten kevyet kes\u00e4housut, joissa suora leikkaus ja k\u00e4yt\u00e4nn\u00f6lliset etutaskut. Superjoustava kangas ja korkea vy\u00f6t\u00e4r\u00f6 takaavat miellytt\u00e4v\u00e4n istuvuuden. K\u00e4\u00e4nnetyt lahkeet ja tyylik\u00e4s ilme tekev\u00e4t niist\u00e4 loistavan valinnan niin arkeen kuin vapaa-aikaan. Vy\u00f6t\u00e4r\u00f6ll\u00e4 vy\u00f6lenkit, nappi ja vetoketju sek\u00e4 sivutaskut, jotka tuovat lis\u00e4\u00e4 mukavuutta ja viimeistelty\u00e4 ilmett\u00e4. N\u00e4ist\u00e4 Para Mi -housuista voi tulla uudet suosikkisi! Lahkeen pituus: L [&hellip;]<\/p>\n","protected":false},"featured_media":80514,"template":"","meta":{"_acf_changed":false},"pwb-brand":[959],"product_brand":[],"product_cat":[877,640,2183],"product_tag":[],"woo-feed-brand":[],"class_list":{"0":"post-80762","1":"product","2":"type-product","3":"status-publish","4":"has-post-thumbnail","6":"pwb-brand-para-mi-fi","7":"product_cat-edullinen-hinta-naiset","8":"product_cat-housut-fi","9":"product_cat-outlet-fi","11":"first","12":"instock","13":"sale","14":"taxable","15":"shipping-taxable","16":"purchasable","17":"product-type-variable","18":"wvs-archive-product-wrapper"},"acf":[],"brands":[{"id":959,"name":"Para Mi","slug":"para-mi-fi"}],"_links":{"self":[{"href":"https:\/\/nautical.store\/fi\/wp-json\/wp\/v2\/product\/80762","targetHints":{"allow":["GET"]}}],"collection":[{"href":"https:\/\/nautical.store\/fi\/wp-json\/wp\/v2\/product"}],"about":[{"href":"https:\/\/nautical.store\/fi\/wp-json\/wp\/v2\/types\/product"}],"wp:featuredmedia":[{"embeddable":true,"href":"https:\/\/nautical.store\/fi\/wp-json\/wp\/v2\/media\/80514"}],"wp:attachment":[{"href":"https:\/\/nautical.store\/fi\/wp-json\/wp\/v2\/media?parent=80762"}],"wp:term":[{"taxonomy":"pwb-brand","embeddable":true,"href":"https:\/\/nautical.store\/fi\/wp-json\/wp\/v2\/pwb-brand?post=80762"},{"taxonomy":"product_brand","embeddable":true,"href":"https:\/\/nautical.store\/fi\/wp-json\/wp\/v2\/product_brand?post=80762"},{"taxonomy":"product_cat","embeddable":true,"href":"https:\/\/nautical.store\/fi\/wp-json\/wp\/v2\/product_cat?post=80762"},{"taxonomy":"product_tag","embeddable":true,"href":"https:\/\/nautical.store\/fi\/wp-json\/wp\/v2\/product_tag?post=80762"},{"taxonomy":"woo-feed-brand","embeddable":true,"href":"https:\/\/nautical.store\/fi\/wp-json\/wp\/v2\/woo-feed-brand?post=80762"}],"curies":[{"name":"wp","href":"https:\/\/api.w.org\/{rel}","templated":true}]}}