{"id":80772,"date":"2025-06-04T17:41:39","date_gmt":"2025-06-04T14:41:39","guid":{"rendered":"https:\/\/nautical.store\/toode\/pellep-miesten-takki-vela-fd\/"},"modified":"2025-06-04T17:41:39","modified_gmt":"2025-06-04T14:41:39","slug":"pellep-miesten-takki-vela-fd","status":"publish","type":"product","link":"https:\/\/nautical.store\/fi\/tuote\/pellep-miesten-takki-vela-fd\/","title":{"rendered":"PelleP Miesten Takki Vela FD"},"content":{"rendered":"<p>Vela FD -takki on kest\u00e4v\u00e4 ja nopeasti kuivuva Rip Stop -materiaalista valmistettu ulkoilutakki. Hihansuut voi s\u00e4\u00e4t\u00e4\u00e4 neppareilla, ja takin PFC-vapaa vett\u00e4hylkiv\u00e4 k\u00e4sittely (DWR) suojaa kosteudelta. Lis\u00e4ksi antistaattinen k\u00e4sittely est\u00e4\u00e4 staattisen s\u00e4hk\u00f6n kertymist\u00e4, ja materiaali kest\u00e4\u00e4 hyvin suolavett\u00e4. Sel\u00e4n keskiosassa on tyylik\u00e4s Pelle P -brodeeraus, ja vasemman rintataskun l\u00e4p\u00e4ss\u00e4 P-logon brodeeraus.<br \/>\nMateriaali: 100 % polyamidia<br \/>\nNopeasti kuivuva Rip Stop -kangas<br \/>\nKaksi l\u00e4p\u00e4llist\u00e4 rintataskua piilotetuilla neppareilla<br \/>\nKaksi k\u00e4yt\u00e4nn\u00f6llist\u00e4 etutaskua<br \/>\nEdess\u00e4 metallinen vetoketju<br \/>\nVetoketjussa P-logolla varustettu ny\u00f6rivetokahva<br \/>\nPelle P -brodeeraus sel\u00e4n keskiosassa<br \/>\nP-logon brodeeraus rintataskun l\u00e4p\u00e4ss\u00e4<br \/>\nRipustuslenkki kauluksen sis\u00e4puolella ja toinen sel\u00e4n keskiosan alla<br \/>\nPFC-vapaa vett\u00e4hylkiv\u00e4 k\u00e4sittely (DWR)<br \/>\nAntistaattinen k\u00e4sittely<br \/>\nNormaali istuvuus<\/p>\n","protected":false},"excerpt":{"rendered":"<p>Miesten kevyt takki<\/p>\n","protected":false},"featured_media":80357,"template":"","meta":{"_acf_changed":false},"pwb-brand":[838],"product_brand":[],"product_cat":[777,702,682],"product_tag":[],"woo-feed-brand":[],"class_list":{"0":"post-80772","1":"product","2":"type-product","3":"status-publish","4":"has-post-thumbnail","6":"pwb-brand-pelle-petterson-fi","7":"product_cat-miehet","8":"product_cat-paallysvaatteet-miehet","9":"product_cat-tekniset-vaatteet","11":"first","12":"instock","13":"taxable","14":"shipping-taxable","15":"purchasable","16":"product-type-variable","17":"wvs-archive-product-wrapper"},"acf":[],"brands":[{"id":838,"name":"Pelle Petterson","slug":"pelle-petterson-fi"}],"_links":{"self":[{"href":"https:\/\/nautical.store\/fi\/wp-json\/wp\/v2\/product\/80772","targetHints":{"allow":["GET"]}}],"collection":[{"href":"https:\/\/nautical.store\/fi\/wp-json\/wp\/v2\/product"}],"about":[{"href":"https:\/\/nautical.store\/fi\/wp-json\/wp\/v2\/types\/product"}],"wp:featuredmedia":[{"embeddable":true,"href":"https:\/\/nautical.store\/fi\/wp-json\/wp\/v2\/media\/80357"}],"wp:attachment":[{"href":"https:\/\/nautical.store\/fi\/wp-json\/wp\/v2\/media?parent=80772"}],"wp:term":[{"taxonomy":"pwb-brand","embeddable":true,"href":"https:\/\/nautical.store\/fi\/wp-json\/wp\/v2\/pwb-brand?post=80772"},{"taxonomy":"product_brand","embeddable":true,"href":"https:\/\/nautical.store\/fi\/wp-json\/wp\/v2\/product_brand?post=80772"},{"taxonomy":"product_cat","embeddable":true,"href":"https:\/\/nautical.store\/fi\/wp-json\/wp\/v2\/product_cat?post=80772"},{"taxonomy":"product_tag","embeddable":true,"href":"https:\/\/nautical.store\/fi\/wp-json\/wp\/v2\/product_tag?post=80772"},{"taxonomy":"woo-feed-brand","embeddable":true,"href":"https:\/\/nautical.store\/fi\/wp-json\/wp\/v2\/woo-feed-brand?post=80772"}],"curies":[{"name":"wp","href":"https:\/\/api.w.org\/{rel}","templated":true}]}}