{"id":80797,"date":"2025-05-05T17:35:52","date_gmt":"2025-05-05T14:35:52","guid":{"rendered":"https:\/\/nautical.store\/?post_type=product&#038;p=80797"},"modified":"2026-03-20T21:19:42","modified_gmt":"2026-03-20T19:19:42","slug":"pellep-hupparimekko","status":"publish","type":"product","link":"https:\/\/nautical.store\/fi\/tuote\/pellep-hupparimekko\/","title":{"rendered":"PelleP hupparimekko"},"content":{"rendered":"<p><!--StartFragment --><\/p>\n<p>Rentouttava P-college-mekko on miellytt\u00e4v\u00e4n v\u00e4lj\u00e4 ja siin\u00e4 on sivutaskut, leve\u00e4t resorit sek\u00e4 huolella viimeistellyt yksityiskohdat. Pehme\u00e4ksi harjattu sis\u00e4pinta takaa erinomaisen k\u00e4ytt\u00f6mukavuuden. P-logo koristaa sek\u00e4 kaulusta ett\u00e4 rintaa. Mekko on valmistettu korkealaatuisesta puuvillasekoitteesta.<\/p>\n<p>Materiaal: 80 % puuvillaa, 20 % polyesteri\u00e4<\/p>\n<ul>\n<li>Rento istuvuus, joka takaa mukavuuden<\/li>\n<li>Pituus koossa S: 107 cm olkasaumasta<\/li>\n<li>Pehme\u00e4 harjattu sis\u00e4pinta lis\u00e4\u00e4 miellytt\u00e4vyytt\u00e4<\/li>\n<li>Raglan-hihat, jotka tarjoavat liikkumisvapautta<\/li>\n<li>Sivutaskut, k\u00e4yt\u00e4nn\u00f6lliset ja huomaamattomat<\/li>\n<li>1&#215;1 joustinneulos helmassa, p\u00e4\u00e4ntiell\u00e4 ja hihansuissa<\/li>\n<li>Flatlock-saumat sivuilla ja hihojen sis\u00e4puolella viimeistellyn ilmeen vuoksi<\/li>\n<li>P-logon kirjailu kauluksessa ja rinnassa<\/li>\n<li>Kontrastivahvikkeet, jotka tuovat tyylikk\u00e4it\u00e4 yksityiskohtia<\/li>\n<\/ul>\n<p><!--EndFragment --> <!--EndFragment --><\/p>\n","protected":false},"excerpt":{"rendered":"<p><!--StartFragment --><\/p>\n<p>College-mekko<\/p>\n<ul>\n<li style=\"list-style-type: none;\">\n<ul>\n<li><\/li>\n<\/ul>\n<\/li>\n<\/ul>\n<p><!--EndFragment --><\/p>\n","protected":false},"featured_media":92327,"template":"","meta":{"_acf_changed":false},"pwb-brand":[838],"product_brand":[],"product_cat":[593,827],"product_tag":[],"woo-feed-brand":[],"class_list":{"0":"post-80797","1":"product","2":"type-product","3":"status-publish","4":"has-post-thumbnail","6":"pwb-brand-pelle-petterson-fi","7":"product_cat-mekot","8":"product_cat-naiset","10":"first","11":"instock","12":"taxable","13":"shipping-taxable","14":"purchasable","15":"product-type-variable","16":"wvs-archive-product-wrapper"},"acf":[],"brands":[{"id":838,"name":"Pelle Petterson","slug":"pelle-petterson-fi"}],"_links":{"self":[{"href":"https:\/\/nautical.store\/fi\/wp-json\/wp\/v2\/product\/80797","targetHints":{"allow":["GET"]}}],"collection":[{"href":"https:\/\/nautical.store\/fi\/wp-json\/wp\/v2\/product"}],"about":[{"href":"https:\/\/nautical.store\/fi\/wp-json\/wp\/v2\/types\/product"}],"wp:featuredmedia":[{"embeddable":true,"href":"https:\/\/nautical.store\/fi\/wp-json\/wp\/v2\/media\/92327"}],"wp:attachment":[{"href":"https:\/\/nautical.store\/fi\/wp-json\/wp\/v2\/media?parent=80797"}],"wp:term":[{"taxonomy":"pwb-brand","embeddable":true,"href":"https:\/\/nautical.store\/fi\/wp-json\/wp\/v2\/pwb-brand?post=80797"},{"taxonomy":"product_brand","embeddable":true,"href":"https:\/\/nautical.store\/fi\/wp-json\/wp\/v2\/product_brand?post=80797"},{"taxonomy":"product_cat","embeddable":true,"href":"https:\/\/nautical.store\/fi\/wp-json\/wp\/v2\/product_cat?post=80797"},{"taxonomy":"product_tag","embeddable":true,"href":"https:\/\/nautical.store\/fi\/wp-json\/wp\/v2\/product_tag?post=80797"},{"taxonomy":"woo-feed-brand","embeddable":true,"href":"https:\/\/nautical.store\/fi\/wp-json\/wp\/v2\/woo-feed-brand?post=80797"}],"curies":[{"name":"wp","href":"https:\/\/api.w.org\/{rel}","templated":true}]}}