{"id":80845,"date":"2025-06-02T09:37:03","date_gmt":"2025-06-02T06:37:03","guid":{"rendered":"https:\/\/nautical.store\/toode\/pellep-tekninen-urheilupaita-momentum-camber\/"},"modified":"2025-06-02T09:37:03","modified_gmt":"2025-06-02T06:37:03","slug":"pellep-tekninen-urheilupaita-momentum-camber","status":"publish","type":"product","link":"https:\/\/nautical.store\/fi\/tuote\/pellep-tekninen-urheilupaita-momentum-camber\/","title":{"rendered":"PelleP tekninen urheilupaita Momentum Camber"},"content":{"rendered":"<p><!--StartFragment --><\/p>\n<p>Mukavuus on avain menestykseen kent\u00e4ll\u00e4. T\u00e4m\u00e4 tekninen t-paita on suunniteltu tarjoamaan optimaalista mukavuutta intensiivisiss\u00e4 aktiviteeteissa, kuten purjehduksessa ja golfissa, sek\u00e4 maalla ett\u00e4 vedess\u00e4. Kevyt ja joustava kangas siirt\u00e4\u00e4 kosteuden tehokkaasti pois iholta, jotta pysyt kuivana. Lyhyet hihat lis\u00e4\u00e4v\u00e4t k\u00e4ytt\u00f6mukavuutta <strong>erityisen kuumina p\u00e4ivin\u00e4<\/strong>. W Momentum Camber Tee:n huolellisesti kehitetty istuvuus ja ominaisuudet ovat syntyneet yhteisty\u00f6ss\u00e4 True Friends &amp; Teams -kumppaneidemme kanssa, jotta voit keskitty\u00e4 t\u00e4ysin suoritukseesi kent\u00e4ll\u00e4.<\/p>\n<p><!--EndFragment --><\/p>\n<p>Materiaali: 100% polyesteri<\/p>\n<p>&nbsp;<\/p>\n","protected":false},"excerpt":{"rendered":"<p><!--StartFragment --><\/p>\n<p><!--StartFragment --><\/p>\n<p><!--StartFragment --><\/p>\n<p>Naisten urheilupaita<\/p>\n<p><!--EndFragment --><\/p>\n<p><!--EndFragment --><\/p>\n<p><!--EndFragment --><\/p>\n","protected":false},"featured_media":80248,"template":"","meta":{"_acf_changed":false},"pwb-brand":[838],"product_brand":[],"product_cat":[1260,1262,590,726],"product_tag":[],"woo-feed-brand":[],"class_list":{"0":"post-80845","1":"product","2":"type-product","3":"status-publish","4":"has-post-thumbnail","6":"pwb-brand-pelle-petterson-fi","7":"product_cat-naisten-golfvaatteet","8":"product_cat-naisten-purjehdusvaatteet","9":"product_cat-paidat","10":"product_cat-tekniset-vaatteet-naiset","12":"first","13":"instock","14":"taxable","15":"shipping-taxable","16":"purchasable","17":"product-type-variable","18":"wvs-archive-product-wrapper"},"acf":[],"brands":[{"id":838,"name":"Pelle Petterson","slug":"pelle-petterson-fi"}],"_links":{"self":[{"href":"https:\/\/nautical.store\/fi\/wp-json\/wp\/v2\/product\/80845","targetHints":{"allow":["GET"]}}],"collection":[{"href":"https:\/\/nautical.store\/fi\/wp-json\/wp\/v2\/product"}],"about":[{"href":"https:\/\/nautical.store\/fi\/wp-json\/wp\/v2\/types\/product"}],"wp:featuredmedia":[{"embeddable":true,"href":"https:\/\/nautical.store\/fi\/wp-json\/wp\/v2\/media\/80248"}],"wp:attachment":[{"href":"https:\/\/nautical.store\/fi\/wp-json\/wp\/v2\/media?parent=80845"}],"wp:term":[{"taxonomy":"pwb-brand","embeddable":true,"href":"https:\/\/nautical.store\/fi\/wp-json\/wp\/v2\/pwb-brand?post=80845"},{"taxonomy":"product_brand","embeddable":true,"href":"https:\/\/nautical.store\/fi\/wp-json\/wp\/v2\/product_brand?post=80845"},{"taxonomy":"product_cat","embeddable":true,"href":"https:\/\/nautical.store\/fi\/wp-json\/wp\/v2\/product_cat?post=80845"},{"taxonomy":"product_tag","embeddable":true,"href":"https:\/\/nautical.store\/fi\/wp-json\/wp\/v2\/product_tag?post=80845"},{"taxonomy":"woo-feed-brand","embeddable":true,"href":"https:\/\/nautical.store\/fi\/wp-json\/wp\/v2\/woo-feed-brand?post=80845"}],"curies":[{"name":"wp","href":"https:\/\/api.w.org\/{rel}","templated":true}]}}