{"id":80865,"date":"2025-05-29T22:00:56","date_gmt":"2025-05-29T19:00:56","guid":{"rendered":"https:\/\/nautical.store\/toode\/pellep-naisten-paita-dock\/"},"modified":"2026-03-02T22:35:26","modified_gmt":"2026-03-02T20:35:26","slug":"pellep-naisten-paita-dock","status":"publish","type":"product","link":"https:\/\/nautical.store\/fi\/tuote\/pellep-naisten-paita-dock\/","title":{"rendered":"PelleP naisten paita Dock"},"content":{"rendered":"<p>Paita on kauniin tekstuurinen, kevyt ja mukava p\u00e4\u00e4ll\u00e4. Nappilistaa koristavat Pelle P -logonapit. Kun yhdistet\u00e4\u00e4n pitkien housujen kanssa, syntyy tyylik\u00e4s ja mukava kokonaisuus, joka sopii erinomaisesti kaikkiin vuodenaikoihin. Naisten Dock-paita viimeistelee asun ja tuo siihen huolitellun ilmeen vuodenajasta riippumatta.<\/p>\n<p>Materiaali: 95% puuvillaa, 5% elastaania<br \/>\nRento ja miellytt\u00e4v\u00e4 istuvuus<br \/>\nPehme\u00e4 seersucker-neulos takaa kevyen tuntuman<br \/>\nKaulus tukevalla kaulustalla<br \/>\nEtulista Pelle P -logonapeilla<br \/>\nSivuissa huomaamattomat flatlock-saumat<br \/>\nVasemmassa hihassa Pelle P metallinen logomerkki<br \/>\nSelk\u00e4myksess\u00e4 P-logo kirjailuna<br \/>\nKontrastiv\u00e4riset tikkaukset tuovat viimeistellyn ilmeen<\/p>\n","protected":false},"excerpt":{"rendered":"<p>Mukava naisten paita<\/p>\n","protected":false},"featured_media":92035,"template":"","meta":{"_acf_changed":false},"pwb-brand":[838],"product_brand":[],"product_cat":[827,590],"product_tag":[],"woo-feed-brand":[],"class_list":{"0":"post-80865","1":"product","2":"type-product","3":"status-publish","4":"has-post-thumbnail","6":"pwb-brand-pelle-petterson-fi","7":"product_cat-naiset","8":"product_cat-paidat","10":"first","11":"instock","12":"sale","13":"taxable","14":"shipping-taxable","15":"purchasable","16":"product-type-variable","17":"wvs-archive-product-wrapper"},"acf":[],"brands":[{"id":838,"name":"Pelle Petterson","slug":"pelle-petterson-fi"}],"_links":{"self":[{"href":"https:\/\/nautical.store\/fi\/wp-json\/wp\/v2\/product\/80865","targetHints":{"allow":["GET"]}}],"collection":[{"href":"https:\/\/nautical.store\/fi\/wp-json\/wp\/v2\/product"}],"about":[{"href":"https:\/\/nautical.store\/fi\/wp-json\/wp\/v2\/types\/product"}],"wp:featuredmedia":[{"embeddable":true,"href":"https:\/\/nautical.store\/fi\/wp-json\/wp\/v2\/media\/92035"}],"wp:attachment":[{"href":"https:\/\/nautical.store\/fi\/wp-json\/wp\/v2\/media?parent=80865"}],"wp:term":[{"taxonomy":"pwb-brand","embeddable":true,"href":"https:\/\/nautical.store\/fi\/wp-json\/wp\/v2\/pwb-brand?post=80865"},{"taxonomy":"product_brand","embeddable":true,"href":"https:\/\/nautical.store\/fi\/wp-json\/wp\/v2\/product_brand?post=80865"},{"taxonomy":"product_cat","embeddable":true,"href":"https:\/\/nautical.store\/fi\/wp-json\/wp\/v2\/product_cat?post=80865"},{"taxonomy":"product_tag","embeddable":true,"href":"https:\/\/nautical.store\/fi\/wp-json\/wp\/v2\/product_tag?post=80865"},{"taxonomy":"woo-feed-brand","embeddable":true,"href":"https:\/\/nautical.store\/fi\/wp-json\/wp\/v2\/woo-feed-brand?post=80865"}],"curies":[{"name":"wp","href":"https:\/\/api.w.org\/{rel}","templated":true}]}}