{"id":80883,"date":"2025-05-26T22:04:16","date_gmt":"2025-05-26T19:04:16","guid":{"rendered":"https:\/\/nautical.store\/toode\/jane-capsleeve\/"},"modified":"2025-05-26T22:04:16","modified_gmt":"2025-05-26T19:04:16","slug":"jane-capsleeve","status":"publish","type":"product","link":"https:\/\/nautical.store\/fi\/tuote\/jane-capsleeve\/","title":{"rendered":"Jane Capsleeve"},"content":{"rendered":"<p>Milano-tyylinen neulepusero, valmistettu 100 % luomupuuvillasta. Sivuhalkiot ja viimeistelem\u00e4tt\u00f6m\u00e4t reunat tuovat rennon ilmeen. Kevyt ja ilmava hihamalli sek\u00e4 normaali istuvuus takaavat mukavuuden. Yhdistettyn\u00e4 Jane Pants -housuihin syntyy tyylik\u00e4s kokonaisuus.<br \/>\nValmistettu vastuullisesti Euroopassa.<\/p>\n","protected":false},"excerpt":{"rendered":"<p>Tyylik\u00e4s neule<\/p>\n","protected":false},"featured_media":79853,"template":"","meta":{"_acf_changed":false},"pwb-brand":[836],"product_brand":[],"product_cat":[877,827,601,2183,590],"product_tag":[],"woo-feed-brand":[],"class_list":{"0":"post-80883","1":"product","2":"type-product","3":"status-publish","4":"has-post-thumbnail","6":"pwb-brand-holebrook-fi","7":"product_cat-edullinen-hinta-naiset","8":"product_cat-naiset","9":"product_cat-neuleet","10":"product_cat-outlet-fi","11":"product_cat-paidat","13":"first","14":"instock","15":"sale","16":"taxable","17":"shipping-taxable","18":"purchasable","19":"product-type-variable","20":"wvs-archive-product-wrapper"},"acf":[],"brands":[{"id":836,"name":"Holebrook","slug":"holebrook-fi"}],"_links":{"self":[{"href":"https:\/\/nautical.store\/fi\/wp-json\/wp\/v2\/product\/80883","targetHints":{"allow":["GET"]}}],"collection":[{"href":"https:\/\/nautical.store\/fi\/wp-json\/wp\/v2\/product"}],"about":[{"href":"https:\/\/nautical.store\/fi\/wp-json\/wp\/v2\/types\/product"}],"wp:featuredmedia":[{"embeddable":true,"href":"https:\/\/nautical.store\/fi\/wp-json\/wp\/v2\/media\/79853"}],"wp:attachment":[{"href":"https:\/\/nautical.store\/fi\/wp-json\/wp\/v2\/media?parent=80883"}],"wp:term":[{"taxonomy":"pwb-brand","embeddable":true,"href":"https:\/\/nautical.store\/fi\/wp-json\/wp\/v2\/pwb-brand?post=80883"},{"taxonomy":"product_brand","embeddable":true,"href":"https:\/\/nautical.store\/fi\/wp-json\/wp\/v2\/product_brand?post=80883"},{"taxonomy":"product_cat","embeddable":true,"href":"https:\/\/nautical.store\/fi\/wp-json\/wp\/v2\/product_cat?post=80883"},{"taxonomy":"product_tag","embeddable":true,"href":"https:\/\/nautical.store\/fi\/wp-json\/wp\/v2\/product_tag?post=80883"},{"taxonomy":"woo-feed-brand","embeddable":true,"href":"https:\/\/nautical.store\/fi\/wp-json\/wp\/v2\/woo-feed-brand?post=80883"}],"curies":[{"name":"wp","href":"https:\/\/api.w.org\/{rel}","templated":true}]}}