{"id":80896,"date":"2025-05-25T12:36:31","date_gmt":"2025-05-25T09:36:31","guid":{"rendered":"https:\/\/nautical.store\/toode\/pellep-housut-1300\/"},"modified":"2025-05-25T12:36:31","modified_gmt":"2025-05-25T09:36:31","slug":"pellep-housut-1300","status":"publish","type":"product","link":"https:\/\/nautical.store\/fi\/tuote\/pellep-housut-1300\/","title":{"rendered":"PelleP housut 1300"},"content":{"rendered":"<p>Mukavat ja kest\u00e4v\u00e4t housut, jotka tarjoavat t\u00e4yden liikkuvuuden aktiiviseen el\u00e4m\u00e4ntyyliin. Vedenkest\u00e4v\u00e4 ja nopeasti kuivuva joustokangas tekee niist\u00e4 t\u00e4ydellisen valinnan niin maalle kuin merelle.<br \/>\n1300-housut on vahvistettu kulutusalttiilta alueilta XYRPLEX\u2122-materiaalilla, joka on sek\u00e4 kest\u00e4v\u00e4 ett\u00e4 kevyt. Kontrastiv\u00e4riset mustat lahjetaskut on valmistettu kolmikerroksisesta kankaasta, mik\u00e4 tekee niist\u00e4 vett\u00e4 hylkiv\u00e4t.<br \/>\nHousuissa on vetoketjullinen sepalus, vedenkest\u00e4v\u00e4t vetoketjut lahjetaskuissa, pieni lis\u00e4tasku vetoketjulla pienille tavaroille sek\u00e4 kaksi takataskua piilotetuilla vetoketjuilla. Materiaalina p\u00e4\u00e4osin polyamidin ja elastaanin seos, ja housuissa on PFC-vapaa DWR-k\u00e4sittely.<br \/>\nTunnusomaiset tikkaukset ja brodeerattu Pelle P -logo keskell\u00e4 takana helmassa sek\u00e4 vasemmassa lahkeessa viimeistelev\u00e4t tyylin. Vy\u00f6 kuuluu mukaan.<\/p>\n<p><!--StartFragment --><\/p>\n<p>Materiaali:<\/p>\n<ul>\n<li>P\u00e4\u00e4materiaali: 89 % polyamidi, 11 % elastaani<\/li>\n<li>Lahjetaskun kolmikerroksinen kangas: 100 % polyamidi<\/li>\n<li>Vahvikekangas: XYRPLEX\u2122 \u2013 72 % nailon, 14 % polyesteri, 14 % elastaani<\/li>\n<\/ul>\n<p>Ominaisuudet:<\/p>\n<ul>\n<li>Vett\u00e4 hylkiv\u00e4 ja nopeasti kuivuva joustokangas<\/li>\n<li>Kolmikerroksinen kangas vett\u00e4 hylkiville taskuille kontrastiv\u00e4risen\u00e4 mustana<\/li>\n<li>Vett\u00e4 hylkiv\u00e4t vetoketjut lahjetaskuissa<\/li>\n<li>Lis\u00e4tasku vetoketjulla pienten tavaroiden turvalliseen s\u00e4ilytt\u00e4miseen<\/li>\n<li>Kontrastiv\u00e4riset vahvikepaneelit eritt\u00e4in kest\u00e4v\u00e4ll\u00e4 XYRPLEX\u2122-materiaalilla, joka tarjoaa joustavuutta ja erinomaisen liikkuvuuden<\/li>\n<li>Kaksi takataskua piilotetuilla vetoketjuilla<\/li>\n<li>Vetoketjullinen sepalus<\/li>\n<li>Pelle P -muovinappi<\/li>\n<li>Kontrastiv\u00e4riset tikkaukset<\/li>\n<li>Brodeerattu Pelle P -logo takana vy\u00f6lenkiss\u00e4<\/li>\n<li>Pelle P -painatus vasemmassa lahkeessa<\/li>\n<li>Mukana Pelle P -vy\u00f6<\/li>\n<\/ul>\n<p><!--EndFragment --><\/p>\n","protected":false},"excerpt":{"rendered":"<p>Mukavat ja kest\u00e4v\u00e4t housut<\/p>\n","protected":false},"featured_media":79823,"template":"","meta":{"_acf_changed":false},"pwb-brand":[838],"product_brand":[],"product_cat":[610,1261,682],"product_tag":[],"woo-feed-brand":[],"class_list":{"0":"post-80896","1":"product","2":"type-product","3":"status-publish","4":"has-post-thumbnail","6":"pwb-brand-pelle-petterson-fi","7":"product_cat-housut","8":"product_cat-miesten-purjehdusvaatteet","9":"product_cat-tekniset-vaatteet","11":"first","12":"instock","13":"taxable","14":"shipping-taxable","15":"purchasable","16":"product-type-variable","17":"wvs-archive-product-wrapper"},"acf":[],"brands":[{"id":838,"name":"Pelle Petterson","slug":"pelle-petterson-fi"}],"_links":{"self":[{"href":"https:\/\/nautical.store\/fi\/wp-json\/wp\/v2\/product\/80896","targetHints":{"allow":["GET"]}}],"collection":[{"href":"https:\/\/nautical.store\/fi\/wp-json\/wp\/v2\/product"}],"about":[{"href":"https:\/\/nautical.store\/fi\/wp-json\/wp\/v2\/types\/product"}],"wp:featuredmedia":[{"embeddable":true,"href":"https:\/\/nautical.store\/fi\/wp-json\/wp\/v2\/media\/79823"}],"wp:attachment":[{"href":"https:\/\/nautical.store\/fi\/wp-json\/wp\/v2\/media?parent=80896"}],"wp:term":[{"taxonomy":"pwb-brand","embeddable":true,"href":"https:\/\/nautical.store\/fi\/wp-json\/wp\/v2\/pwb-brand?post=80896"},{"taxonomy":"product_brand","embeddable":true,"href":"https:\/\/nautical.store\/fi\/wp-json\/wp\/v2\/product_brand?post=80896"},{"taxonomy":"product_cat","embeddable":true,"href":"https:\/\/nautical.store\/fi\/wp-json\/wp\/v2\/product_cat?post=80896"},{"taxonomy":"product_tag","embeddable":true,"href":"https:\/\/nautical.store\/fi\/wp-json\/wp\/v2\/product_tag?post=80896"},{"taxonomy":"woo-feed-brand","embeddable":true,"href":"https:\/\/nautical.store\/fi\/wp-json\/wp\/v2\/woo-feed-brand?post=80896"}],"curies":[{"name":"wp","href":"https:\/\/api.w.org\/{rel}","templated":true}]}}