{"id":80966,"date":"2025-05-25T11:39:11","date_gmt":"2025-05-25T08:39:11","guid":{"rendered":"https:\/\/nautical.store\/toode\/pellep-naisten-takki-arolla\/"},"modified":"2025-05-25T11:39:11","modified_gmt":"2025-05-25T08:39:11","slug":"pellep-naisten-takki-arolla","status":"publish","type":"product","link":"https:\/\/nautical.store\/fi\/tuote\/pellep-naisten-takki-arolla\/","title":{"rendered":"PelleP Naisten Takki Arolla"},"content":{"rendered":"<p>K\u00e4yt\u00e4nn\u00f6llinen takki ymp\u00e4rivuotiseen k\u00e4ytt\u00f6\u00f6n \u2013 sopii t\u00e4ydellisesti aktiiviseen ulkoiluun. Takki on joustavaa materiaalia, mik\u00e4 tekee siit\u00e4 mukavan p\u00e4\u00e4ll\u00e4 ja antaa hyv\u00e4n liikkumisvapauden.<br \/>\nUlkokerros suojaa tuulelta ja vedelt\u00e4, ja tikatuissa osissa k\u00e4ytetty Sorona Aura -t\u00e4yte pit\u00e4\u00e4 l\u00e4mpim\u00e4n\u00e4 viile\u00e4ll\u00e4 s\u00e4\u00e4ll\u00e4. Korkea kaulus on s\u00e4\u00e4dett\u00e4v\u00e4, joten takkia voi k\u00e4ytt\u00e4\u00e4 laskettelutakin alla, merell\u00e4 seikkaillessa tai p\u00e4\u00e4llimm\u00e4isen\u00e4 kerroksena golfkent\u00e4ll\u00e4 viilein\u00e4 p\u00e4ivin\u00e4. Hihansuissa ja helmassa oleva pehme\u00e4 joustava reunus auttaa pit\u00e4m\u00e4\u00e4n l\u00e4mm\u00f6n sis\u00e4ll\u00e4.<br \/>\nN\u00e4kyvyyden takaamiseksi rinnassa ja niskassa on heijastinpainatus. Takki ei ole pelk\u00e4st\u00e4\u00e4n toiminnallinen ulkoiluun, vaan se n\u00e4ytt\u00e4\u00e4 tyylikk\u00e4\u00e4lt\u00e4 ja urheilulliselta, joten sit\u00e4 voi k\u00e4ytt\u00e4\u00e4 my\u00f6s arjessa. K\u00e4yt\u00e4nn\u00f6llisyytt\u00e4 lis\u00e4\u00e4v\u00e4t sis\u00e4taskut, vetoketjullinen rintatasku arvotavaroille ja kaksi etutaskua, joissa voi l\u00e4mmitt\u00e4\u00e4 k\u00e4si\u00e4 tai s\u00e4ilytt\u00e4\u00e4 tavaroita turvallisesti. Takin voi tarvittaessa pakata mukaan tulevaan s\u00e4ilytyspussiin ja ottaa k\u00e4tev\u00e4sti mukaan reppuun.<\/p>\n<ul>\n<li>Materiaali: 92 % polyesteri, 8 % elastaani<\/li>\n<li>Kaksikerroksinen kangas, tuulen- ja vedenpit\u00e4v\u00e4<br \/>\nSorona Aura -t\u00e4yte<\/li>\n<li>Tikattu osat l\u00e4mp\u00f6eristykseen<\/li>\n<li>Kaksi vetoketjullista etutaskua<\/li>\n<li>Yksi vetoketjullinen rintatasku<\/li>\n<li>YKK-vetoketjut edess\u00e4 ja taskuissa<\/li>\n<li>Kaksi sis\u00e4taskua<\/li>\n<li>Heijastinpainatus rinnassa ja niskassa<\/li>\n<li>Joustava reunus hihansuissa ja helmassa<\/li>\n<li>Normaali istuvuus<\/li>\n<\/ul>\n","protected":false},"excerpt":{"rendered":"<p>Veden- ja tuulenpit\u00e4v\u00e4 mukava takki naisille<\/p>\n","protected":false},"featured_media":79788,"template":"","meta":{"_acf_changed":false},"pwb-brand":[838],"product_brand":[],"product_cat":[1260,1262,617,726],"product_tag":[],"woo-feed-brand":[],"class_list":{"0":"post-80966","1":"product","2":"type-product","3":"status-publish","4":"has-post-thumbnail","6":"pwb-brand-pelle-petterson-fi","7":"product_cat-naisten-golfvaatteet","8":"product_cat-naisten-purjehdusvaatteet","9":"product_cat-paallysvaatteet","10":"product_cat-tekniset-vaatteet-naiset","12":"first","13":"instock","14":"taxable","15":"shipping-taxable","16":"purchasable","17":"product-type-variable","18":"wvs-archive-product-wrapper"},"acf":[],"brands":[{"id":838,"name":"Pelle Petterson","slug":"pelle-petterson-fi"}],"_links":{"self":[{"href":"https:\/\/nautical.store\/fi\/wp-json\/wp\/v2\/product\/80966","targetHints":{"allow":["GET"]}}],"collection":[{"href":"https:\/\/nautical.store\/fi\/wp-json\/wp\/v2\/product"}],"about":[{"href":"https:\/\/nautical.store\/fi\/wp-json\/wp\/v2\/types\/product"}],"wp:featuredmedia":[{"embeddable":true,"href":"https:\/\/nautical.store\/fi\/wp-json\/wp\/v2\/media\/79788"}],"wp:attachment":[{"href":"https:\/\/nautical.store\/fi\/wp-json\/wp\/v2\/media?parent=80966"}],"wp:term":[{"taxonomy":"pwb-brand","embeddable":true,"href":"https:\/\/nautical.store\/fi\/wp-json\/wp\/v2\/pwb-brand?post=80966"},{"taxonomy":"product_brand","embeddable":true,"href":"https:\/\/nautical.store\/fi\/wp-json\/wp\/v2\/product_brand?post=80966"},{"taxonomy":"product_cat","embeddable":true,"href":"https:\/\/nautical.store\/fi\/wp-json\/wp\/v2\/product_cat?post=80966"},{"taxonomy":"product_tag","embeddable":true,"href":"https:\/\/nautical.store\/fi\/wp-json\/wp\/v2\/product_tag?post=80966"},{"taxonomy":"woo-feed-brand","embeddable":true,"href":"https:\/\/nautical.store\/fi\/wp-json\/wp\/v2\/woo-feed-brand?post=80966"}],"curies":[{"name":"wp","href":"https:\/\/api.w.org\/{rel}","templated":true}]}}