{"id":81002,"date":"2025-05-20T09:53:07","date_gmt":"2025-05-20T06:53:07","guid":{"rendered":"https:\/\/nautical.store\/toode\/pellep-naisten-takki-vela-fd\/"},"modified":"2025-05-20T09:53:07","modified_gmt":"2025-05-20T06:53:07","slug":"pellep-naisten-takki-vela-fd","status":"publish","type":"product","link":"https:\/\/nautical.store\/fi\/tuote\/pellep-naisten-takki-vela-fd\/","title":{"rendered":"PelleP Naisten Takki Vela FD"},"content":{"rendered":"<p><!--StartFragment --><\/p>\n<p>Naisten Vela FD -takki on tehty kest\u00e4v\u00e4st\u00e4 ja nopeasti kuivuvasta Ripstop-materiaalista. Siin\u00e4 on vetoketju edess\u00e4, hihansuut s\u00e4\u00e4tyv\u00e4t painonapeilla ja etupuolella on kaksi reilun kokoista taskua.<\/p>\n<p>Takki on 100 % polyamidia, ja siin\u00e4 on PFC-vapaa vedenhylkivyysk\u00e4sittely. Lis\u00e4ksi materiaali on k\u00e4sitelty staattista s\u00e4hk\u00f6\u00e4 ja suolavett\u00e4 kest\u00e4v\u00e4ksi.<\/p>\n<p>Takin sel\u00e4ss\u00e4 on tyylik\u00e4s kirjailtu P-logo ja vasemmalla rinnassa brodeerattu Pelle P -logo. Mukana tulee my\u00f6s yhteensopiva vy\u00f6.<\/p>\n<p><!--EndFragment --><\/p>\n","protected":false},"excerpt":{"rendered":"<p><!--StartFragment --><\/p>\n<p>Naisten tekninen kes\u00e4takki<\/p>\n<p><!--EndFragment --><\/p>\n","protected":false},"featured_media":79642,"template":"","meta":{"_acf_changed":false},"pwb-brand":[838],"product_brand":[],"product_cat":[827,617,726],"product_tag":[],"woo-feed-brand":[],"class_list":{"0":"post-81002","1":"product","2":"type-product","3":"status-publish","4":"has-post-thumbnail","6":"pwb-brand-pelle-petterson-fi","7":"product_cat-naiset","8":"product_cat-paallysvaatteet","9":"product_cat-tekniset-vaatteet-naiset","11":"first","12":"instock","13":"taxable","14":"shipping-taxable","15":"purchasable","16":"product-type-variable","17":"wvs-archive-product-wrapper"},"acf":[],"brands":[{"id":838,"name":"Pelle Petterson","slug":"pelle-petterson-fi"}],"_links":{"self":[{"href":"https:\/\/nautical.store\/fi\/wp-json\/wp\/v2\/product\/81002","targetHints":{"allow":["GET"]}}],"collection":[{"href":"https:\/\/nautical.store\/fi\/wp-json\/wp\/v2\/product"}],"about":[{"href":"https:\/\/nautical.store\/fi\/wp-json\/wp\/v2\/types\/product"}],"wp:featuredmedia":[{"embeddable":true,"href":"https:\/\/nautical.store\/fi\/wp-json\/wp\/v2\/media\/79642"}],"wp:attachment":[{"href":"https:\/\/nautical.store\/fi\/wp-json\/wp\/v2\/media?parent=81002"}],"wp:term":[{"taxonomy":"pwb-brand","embeddable":true,"href":"https:\/\/nautical.store\/fi\/wp-json\/wp\/v2\/pwb-brand?post=81002"},{"taxonomy":"product_brand","embeddable":true,"href":"https:\/\/nautical.store\/fi\/wp-json\/wp\/v2\/product_brand?post=81002"},{"taxonomy":"product_cat","embeddable":true,"href":"https:\/\/nautical.store\/fi\/wp-json\/wp\/v2\/product_cat?post=81002"},{"taxonomy":"product_tag","embeddable":true,"href":"https:\/\/nautical.store\/fi\/wp-json\/wp\/v2\/product_tag?post=81002"},{"taxonomy":"woo-feed-brand","embeddable":true,"href":"https:\/\/nautical.store\/fi\/wp-json\/wp\/v2\/woo-feed-brand?post=81002"}],"curies":[{"name":"wp","href":"https:\/\/api.w.org\/{rel}","templated":true}]}}