{"id":81018,"date":"2025-05-19T11:29:50","date_gmt":"2025-05-19T08:29:50","guid":{"rendered":"https:\/\/nautical.store\/toode\/pellep-miesten-dock-shortsit\/"},"modified":"2026-04-06T23:12:13","modified_gmt":"2026-04-06T20:12:13","slug":"pellep-miesten-dock-shortsit","status":"publish","type":"product","link":"https:\/\/nautical.store\/fi\/tuote\/pellep-miesten-dock-shortsit\/","title":{"rendered":"PelleP Miesten Dock-shortsit"},"content":{"rendered":"<p><!--StartFragment --><\/p>\n<p>Tunne olosi yht\u00e4 aikaa tyylikk\u00e4\u00e4ksi ja rennoksi! Strukturoitu puuvillakangas on pehme\u00e4 ja kevyt \u2013 miellytt\u00e4v\u00e4 ihoa vasten my\u00f6s kuumimpina kes\u00e4p\u00e4ivin\u00e4.<\/p>\n<p>Mukava joustava vy\u00f6t\u00e4r\u00f6 ja s\u00e4\u00e4dett\u00e4v\u00e4 ny\u00f6ri takaavat t\u00e4ydellisen istuvuuden, joten n\u00e4it\u00e4 shortseja tekee mieli k\u00e4ytt\u00e4\u00e4 koko kes\u00e4n! Kaksi k\u00e4yt\u00e4nn\u00f6llist\u00e4 etutaskua ja yksi takatasku pit\u00e4v\u00e4t t\u00e4rke\u00e4t pikkutavarat n\u00e4pp\u00e4r\u00e4sti mukana.<\/p>\n<p>Yhdist\u00e4 Dock-lyhythihaiseen paitaan tai Dock Camp Collar -paitaan ja luot tyylikk\u00e4\u00e4n vapaa-ajan asukokonaisuuden, joka sopii t\u00e4ydellisesti rentoihin kes\u00e4p\u00e4iviin.<\/p>\n<p>Materiaali: 95 % puuvillaa, 5 % elastaania<\/p>\n<p><!--EndFragment --><\/p>\n","protected":false},"excerpt":{"rendered":"<p>Miesten Kes\u00e4shortsit<\/p>\n","protected":false},"featured_media":93313,"template":"","meta":{"_acf_changed":false},"pwb-brand":[838],"product_brand":[],"product_cat":[610,777],"product_tag":[],"woo-feed-brand":[],"class_list":{"0":"post-81018","1":"product","2":"type-product","3":"status-publish","4":"has-post-thumbnail","6":"pwb-brand-pelle-petterson-fi","7":"product_cat-housut","8":"product_cat-miehet","10":"first","11":"instock","12":"taxable","13":"shipping-taxable","14":"purchasable","15":"product-type-variable","16":"wvs-archive-product-wrapper"},"acf":[],"brands":[{"id":838,"name":"Pelle Petterson","slug":"pelle-petterson-fi"}],"_links":{"self":[{"href":"https:\/\/nautical.store\/fi\/wp-json\/wp\/v2\/product\/81018","targetHints":{"allow":["GET"]}}],"collection":[{"href":"https:\/\/nautical.store\/fi\/wp-json\/wp\/v2\/product"}],"about":[{"href":"https:\/\/nautical.store\/fi\/wp-json\/wp\/v2\/types\/product"}],"wp:featuredmedia":[{"embeddable":true,"href":"https:\/\/nautical.store\/fi\/wp-json\/wp\/v2\/media\/93313"}],"wp:attachment":[{"href":"https:\/\/nautical.store\/fi\/wp-json\/wp\/v2\/media?parent=81018"}],"wp:term":[{"taxonomy":"pwb-brand","embeddable":true,"href":"https:\/\/nautical.store\/fi\/wp-json\/wp\/v2\/pwb-brand?post=81018"},{"taxonomy":"product_brand","embeddable":true,"href":"https:\/\/nautical.store\/fi\/wp-json\/wp\/v2\/product_brand?post=81018"},{"taxonomy":"product_cat","embeddable":true,"href":"https:\/\/nautical.store\/fi\/wp-json\/wp\/v2\/product_cat?post=81018"},{"taxonomy":"product_tag","embeddable":true,"href":"https:\/\/nautical.store\/fi\/wp-json\/wp\/v2\/product_tag?post=81018"},{"taxonomy":"woo-feed-brand","embeddable":true,"href":"https:\/\/nautical.store\/fi\/wp-json\/wp\/v2\/woo-feed-brand?post=81018"}],"curies":[{"name":"wp","href":"https:\/\/api.w.org\/{rel}","templated":true}]}}