{"id":81041,"date":"2025-05-18T23:07:20","date_gmt":"2025-05-18T20:07:20","guid":{"rendered":"https:\/\/nautical.store\/toode\/pellep-miesten-collegepaita\/"},"modified":"2025-05-18T23:07:20","modified_gmt":"2025-05-18T20:07:20","slug":"pellep-miesten-collegepaita","status":"publish","type":"product","link":"https:\/\/nautical.store\/fi\/tuote\/pellep-miesten-collegepaita\/","title":{"rendered":"PelleP miesten collegepaita"},"content":{"rendered":"<p>T\u00e4m\u00e4 miesten collegepaita on valmistettu puuvillan ja polyesterin sekoitteesta ja siin\u00e4 on normaali istuvuus. Sis\u00e4pinta on harjattu pehme\u00e4ksi, jotta se tuntuisi mukavalta p\u00e4\u00e4ll\u00e4. Hihansuut ja helma on viimeistelty 1&#215;1-joustinneuloksella. Kauluksessa on puolivetoketju, jossa on kolmiaskelinen siksak-tikkaus ja P-logolla varustettu vetoketjun vedin. Tyylikkyytt\u00e4 tuovat flatlock-saumat, P-logo kirjailtuna rinnassa ja niskan takana puolikuussa, sek\u00e4 P-logomerkki vasemmassa hihassa.<\/p>\n<p><!--StartFragment --><\/p>\n<ul>\n<li>Materiaali: 80 % puuvillaa, 20 % polyesteri\u00e4<\/li>\n<li>Normaali istuvuus<\/li>\n<li>Harjattu sis\u00e4pinta<\/li>\n<li>1&#215;1-joustinneulos helmassa ja hihansuiden reunoissa<\/li>\n<li>Kaulus puolivetoketjulla<\/li>\n<li>Etuvetoketjussa kolmiaskelinen siksak-tikkaus<\/li>\n<li>Vetoketjussa P-logolla varustettu vedin<\/li>\n<li>Flatlock-saumayksityiskohdat<\/li>\n<li>P-logokirjailu rinnassa<\/li>\n<li>P-logomerkki vasemmassa hihassa<\/li>\n<li>Kontrastivahvikkeet<\/li>\n<\/ul>\n","protected":false},"excerpt":{"rendered":"<p>Puolivetoketjullinen collegepaita<\/p>\n","protected":false},"featured_media":79544,"template":"","meta":{"_acf_changed":false},"pwb-brand":[838],"product_brand":[],"product_cat":[716,777],"product_tag":[],"woo-feed-brand":[],"class_list":{"0":"post-81041","1":"product","2":"type-product","3":"status-publish","4":"has-post-thumbnail","6":"pwb-brand-pelle-petterson-fi","7":"product_cat-hupparit-ja-fleecet-miehet","8":"product_cat-miehet","10":"first","11":"instock","12":"taxable","13":"shipping-taxable","14":"purchasable","15":"product-type-variable","16":"wvs-archive-product-wrapper"},"acf":[],"brands":[{"id":838,"name":"Pelle Petterson","slug":"pelle-petterson-fi"}],"_links":{"self":[{"href":"https:\/\/nautical.store\/fi\/wp-json\/wp\/v2\/product\/81041","targetHints":{"allow":["GET"]}}],"collection":[{"href":"https:\/\/nautical.store\/fi\/wp-json\/wp\/v2\/product"}],"about":[{"href":"https:\/\/nautical.store\/fi\/wp-json\/wp\/v2\/types\/product"}],"wp:featuredmedia":[{"embeddable":true,"href":"https:\/\/nautical.store\/fi\/wp-json\/wp\/v2\/media\/79544"}],"wp:attachment":[{"href":"https:\/\/nautical.store\/fi\/wp-json\/wp\/v2\/media?parent=81041"}],"wp:term":[{"taxonomy":"pwb-brand","embeddable":true,"href":"https:\/\/nautical.store\/fi\/wp-json\/wp\/v2\/pwb-brand?post=81041"},{"taxonomy":"product_brand","embeddable":true,"href":"https:\/\/nautical.store\/fi\/wp-json\/wp\/v2\/product_brand?post=81041"},{"taxonomy":"product_cat","embeddable":true,"href":"https:\/\/nautical.store\/fi\/wp-json\/wp\/v2\/product_cat?post=81041"},{"taxonomy":"product_tag","embeddable":true,"href":"https:\/\/nautical.store\/fi\/wp-json\/wp\/v2\/product_tag?post=81041"},{"taxonomy":"woo-feed-brand","embeddable":true,"href":"https:\/\/nautical.store\/fi\/wp-json\/wp\/v2\/woo-feed-brand?post=81041"}],"curies":[{"name":"wp","href":"https:\/\/api.w.org\/{rel}","templated":true}]}}