{"id":81053,"date":"2025-05-18T18:34:57","date_gmt":"2025-05-18T15:34:57","guid":{"rendered":"https:\/\/nautical.store\/toode\/pellep-pellavainen-halterneck-kesamekko\/"},"modified":"2025-05-18T18:34:57","modified_gmt":"2025-05-18T15:34:57","slug":"pellep-pellavainen-halterneck-kesamekko","status":"publish","type":"product","link":"https:\/\/nautical.store\/fi\/tuote\/pellep-pellavainen-halterneck-kesamekko\/","title":{"rendered":"PelleP pellavainen halterneck-kes\u00e4mekko"},"content":{"rendered":"<p>Elegantti ja ajattoman naisellinen \u2013 t\u00e4m\u00e4 t\u00e4ysin vuoritettu pellavamekko hurmaa sirolla halterneck-leikkauksellaan ja s\u00e4\u00e4dett\u00e4v\u00e4ll\u00e4 nauhakiinnityksell\u00e4 niskan takana. Sel\u00e4n piilovetoketju tekee pukeutumisesta vaivatonta. Helmassa ja sel\u00e4ss\u00e4 erottuvat hillityt P-logoyksityiskohdat. Kest\u00e4v\u00e4 ja luonnollisesti hengitt\u00e4v\u00e4 pellava tuntuu ylelliselt\u00e4, mutta toimii yht\u00e4 hyvin arjen rennossa tyyliss\u00e4 kuin kes\u00e4n juhlahetkiss\u00e4.<\/p>\n<p><!--StartFragment --><\/p>\n<ul>\n<li>Materiaali: 100 % pellavaa<\/li>\n<li>Normaali istuvuus<\/li>\n<li>Midimittainen helma<\/li>\n<li>Pehme\u00e4 ja kevyesti strukturoidulla pinnalla varustettu pellavakangas<\/li>\n<li>Korkea halterneck-p\u00e4\u00e4ntie s\u00e4\u00e4dett\u00e4v\u00e4ll\u00e4 nauhalla<\/li>\n<li>Etupuolella muotosaumat naiselliseen istuvuuteen<\/li>\n<li>Halkio edess\u00e4 vasemmalla<\/li>\n<li>T\u00e4ysin vuoritettu<\/li>\n<li>Piilovetoketju sel\u00e4n keskell\u00e4<\/li>\n<li>P-kirjailu edess\u00e4 vasemmassa helman reunassa<\/li>\n<li>P-kirjailu takana oikealla puolella<\/li>\n<li>Kontrastivahvikkeet<\/li>\n<\/ul>\n","protected":false},"excerpt":{"rendered":"<p>Elegantti kes\u00e4mekko<\/p>\n","protected":false},"featured_media":79503,"template":"","meta":{"_acf_changed":false},"pwb-brand":[838],"product_brand":[],"product_cat":[593,827],"product_tag":[],"woo-feed-brand":[],"class_list":{"0":"post-81053","1":"product","2":"type-product","3":"status-publish","4":"has-post-thumbnail","6":"pwb-brand-pelle-petterson-fi","7":"product_cat-mekot","8":"product_cat-naiset","10":"first","11":"instock","12":"taxable","13":"shipping-taxable","14":"purchasable","15":"product-type-variable","16":"wvs-archive-product-wrapper"},"acf":[],"brands":[{"id":838,"name":"Pelle Petterson","slug":"pelle-petterson-fi"}],"_links":{"self":[{"href":"https:\/\/nautical.store\/fi\/wp-json\/wp\/v2\/product\/81053","targetHints":{"allow":["GET"]}}],"collection":[{"href":"https:\/\/nautical.store\/fi\/wp-json\/wp\/v2\/product"}],"about":[{"href":"https:\/\/nautical.store\/fi\/wp-json\/wp\/v2\/types\/product"}],"wp:featuredmedia":[{"embeddable":true,"href":"https:\/\/nautical.store\/fi\/wp-json\/wp\/v2\/media\/79503"}],"wp:attachment":[{"href":"https:\/\/nautical.store\/fi\/wp-json\/wp\/v2\/media?parent=81053"}],"wp:term":[{"taxonomy":"pwb-brand","embeddable":true,"href":"https:\/\/nautical.store\/fi\/wp-json\/wp\/v2\/pwb-brand?post=81053"},{"taxonomy":"product_brand","embeddable":true,"href":"https:\/\/nautical.store\/fi\/wp-json\/wp\/v2\/product_brand?post=81053"},{"taxonomy":"product_cat","embeddable":true,"href":"https:\/\/nautical.store\/fi\/wp-json\/wp\/v2\/product_cat?post=81053"},{"taxonomy":"product_tag","embeddable":true,"href":"https:\/\/nautical.store\/fi\/wp-json\/wp\/v2\/product_tag?post=81053"},{"taxonomy":"woo-feed-brand","embeddable":true,"href":"https:\/\/nautical.store\/fi\/wp-json\/wp\/v2\/woo-feed-brand?post=81053"}],"curies":[{"name":"wp","href":"https:\/\/api.w.org\/{rel}","templated":true}]}}