{"id":81065,"date":"2025-05-09T16:22:41","date_gmt":"2025-05-09T13:22:41","guid":{"rendered":"https:\/\/nautical.store\/toode\/lydia-kevyt-tuunikamekko\/"},"modified":"2025-05-09T16:22:41","modified_gmt":"2025-05-09T13:22:41","slug":"lydia-kevyt-tuunikamekko","status":"publish","type":"product","link":"https:\/\/nautical.store\/fi\/tuote\/lydia-kevyt-tuunikamekko\/","title":{"rendered":"Lydia kevyt tuunikamekko"},"content":{"rendered":"<p>Lyhythihainen mekko, joka on valmistettu pehme\u00e4st\u00e4 pellava-puuvillasekoitteesta \u2013 viile\u00e4 ja hengitt\u00e4v\u00e4 valinta kes\u00e4\u00e4n. Rennon v\u00e4lj\u00e4 malli, sivutaskut, V-p\u00e4\u00e4ntie ja halkio tuovat mukavuutta ja tyyli\u00e4. Pituus ulottuu polven alapuolelle. Kankaan Oeko-Tex\u00ae-sertifikaatti takaa turvallisuuden iholle. Valmistettu vastuullisesti Euroopassa.<\/p>\n<ul>\n<li>Materiaali: puuvillaa ja pellavaa<\/li>\n<li><!--StartFragment -->Rento istuvuus, pituus polven yl\u00e4puolelle<\/li>\n<li>V-p\u00e4\u00e4ntie ja leve\u00e4t hihat<\/li>\n<li>Halkiot sivuilla ja sivutaskut<\/li>\n<li>Kangas OEKO-TEX\u00ae-sertifioitu<\/li>\n<li>Valmistettu Euroopassa\n<p><!--EndFragment --><\/li>\n<\/ul>\n","protected":false},"excerpt":{"rendered":"<p><!--StartFragment --><\/p>\n<p>Tyylik\u00e4s kes\u00e4inen tunikamekko<\/p>\n<p><!--EndFragment --><\/p>\n","protected":false},"featured_media":79008,"template":"","meta":{"_acf_changed":false},"pwb-brand":[836],"product_brand":[],"product_cat":[877,593,827,2183],"product_tag":[],"woo-feed-brand":[],"class_list":{"0":"post-81065","1":"product","2":"type-product","3":"status-publish","4":"has-post-thumbnail","6":"pwb-brand-holebrook-fi","7":"product_cat-edullinen-hinta-naiset","8":"product_cat-mekot","9":"product_cat-naiset","10":"product_cat-outlet-fi","12":"first","13":"instock","14":"sale","15":"taxable","16":"shipping-taxable","17":"purchasable","18":"product-type-variable","19":"wvs-archive-product-wrapper"},"acf":[],"brands":[{"id":836,"name":"Holebrook","slug":"holebrook-fi"}],"_links":{"self":[{"href":"https:\/\/nautical.store\/fi\/wp-json\/wp\/v2\/product\/81065","targetHints":{"allow":["GET"]}}],"collection":[{"href":"https:\/\/nautical.store\/fi\/wp-json\/wp\/v2\/product"}],"about":[{"href":"https:\/\/nautical.store\/fi\/wp-json\/wp\/v2\/types\/product"}],"wp:featuredmedia":[{"embeddable":true,"href":"https:\/\/nautical.store\/fi\/wp-json\/wp\/v2\/media\/79008"}],"wp:attachment":[{"href":"https:\/\/nautical.store\/fi\/wp-json\/wp\/v2\/media?parent=81065"}],"wp:term":[{"taxonomy":"pwb-brand","embeddable":true,"href":"https:\/\/nautical.store\/fi\/wp-json\/wp\/v2\/pwb-brand?post=81065"},{"taxonomy":"product_brand","embeddable":true,"href":"https:\/\/nautical.store\/fi\/wp-json\/wp\/v2\/product_brand?post=81065"},{"taxonomy":"product_cat","embeddable":true,"href":"https:\/\/nautical.store\/fi\/wp-json\/wp\/v2\/product_cat?post=81065"},{"taxonomy":"product_tag","embeddable":true,"href":"https:\/\/nautical.store\/fi\/wp-json\/wp\/v2\/product_tag?post=81065"},{"taxonomy":"woo-feed-brand","embeddable":true,"href":"https:\/\/nautical.store\/fi\/wp-json\/wp\/v2\/woo-feed-brand?post=81065"}],"curies":[{"name":"wp","href":"https:\/\/api.w.org\/{rel}","templated":true}]}}