{"id":81097,"date":"2025-05-18T18:12:49","date_gmt":"2025-05-18T15:12:49","guid":{"rendered":"https:\/\/nautical.store\/toode\/pellep-sporttinen-skortti-laskoksilla\/"},"modified":"2025-05-18T18:12:49","modified_gmt":"2025-05-18T15:12:49","slug":"pellep-sporttinen-skortti-laskoksilla","status":"publish","type":"product","link":"https:\/\/nautical.store\/fi\/tuote\/pellep-sporttinen-skortti-laskoksilla\/","title":{"rendered":"PelleP sporttinen skortti laskoksilla"},"content":{"rendered":"<p>Nopeasti kuivuvasta ja joustavasta materiaalista (94\u202f% polyesteri\u00e4, 6\u202f% elastaania) valmistettu skortti takaa maksimaalisen mukavuuden ja liikkumavapauden. Sis\u00e4\u00e4nrakennetut shortsit sek\u00e4 halkiot edess\u00e4 ja takana lis\u00e4\u00e4v\u00e4t liikkuvuutta. Yksityiskohtina vetoketjullinen sepalus, nepparit, kontrastiv\u00e4riset tikkaukset ja PelleP-logot. Vy\u00f6t\u00e4r\u00f6n sis\u00e4puolelle on painettu teksti &#8221;Navigare necesse est&#8221;.<\/p>\n<p><!--StartFragment --><\/p>\n<ul>\n<li>Materiaali: 94\u202f% polyesteri\u00e4, 6\u202f% elastaania<\/li>\n<li>P\u00e4\u00e4- ja taskukangas nopeasti kuivuvaa materiaalia<\/li>\n<li>Joustava kangas takaa mukavan istuvuuden ja vapaan liikkumisen<\/li>\n<li>Hameen alla sis\u00e4\u00e4nrakennetut shortsit<\/li>\n<li>Halkiot edess\u00e4 ja takana helpottavat liikkumista<\/li>\n<li>Sepalus edess\u00e4<\/li>\n<li>Kontrastiv\u00e4riset tikkaukset<\/li>\n<li>Nepparikiinnitys edess\u00e4<\/li>\n<li>Vy\u00f6t\u00e4r\u00f6n sis\u00e4puolella painatus &#8221;Navigare necesse est&#8221;<\/li>\n<li>PelleP-logo kirjailtuna<\/li>\n<\/ul>\n","protected":false},"excerpt":{"rendered":"<p>Mukava housuhame<\/p>\n","protected":false},"featured_media":79468,"template":"","meta":{"_acf_changed":false},"pwb-brand":[838],"product_brand":[],"product_cat":[639,640,1260,726],"product_tag":[],"woo-feed-brand":[],"class_list":{"0":"post-81097","1":"product","2":"type-product","3":"status-publish","4":"has-post-thumbnail","6":"pwb-brand-pelle-petterson-fi","7":"product_cat-hameet","8":"product_cat-housut-fi","9":"product_cat-naisten-golfvaatteet","10":"product_cat-tekniset-vaatteet-naiset","12":"first","13":"instock","14":"taxable","15":"shipping-taxable","16":"purchasable","17":"product-type-variable","18":"wvs-archive-product-wrapper"},"acf":[],"brands":[{"id":838,"name":"Pelle Petterson","slug":"pelle-petterson-fi"}],"_links":{"self":[{"href":"https:\/\/nautical.store\/fi\/wp-json\/wp\/v2\/product\/81097","targetHints":{"allow":["GET"]}}],"collection":[{"href":"https:\/\/nautical.store\/fi\/wp-json\/wp\/v2\/product"}],"about":[{"href":"https:\/\/nautical.store\/fi\/wp-json\/wp\/v2\/types\/product"}],"wp:featuredmedia":[{"embeddable":true,"href":"https:\/\/nautical.store\/fi\/wp-json\/wp\/v2\/media\/79468"}],"wp:attachment":[{"href":"https:\/\/nautical.store\/fi\/wp-json\/wp\/v2\/media?parent=81097"}],"wp:term":[{"taxonomy":"pwb-brand","embeddable":true,"href":"https:\/\/nautical.store\/fi\/wp-json\/wp\/v2\/pwb-brand?post=81097"},{"taxonomy":"product_brand","embeddable":true,"href":"https:\/\/nautical.store\/fi\/wp-json\/wp\/v2\/product_brand?post=81097"},{"taxonomy":"product_cat","embeddable":true,"href":"https:\/\/nautical.store\/fi\/wp-json\/wp\/v2\/product_cat?post=81097"},{"taxonomy":"product_tag","embeddable":true,"href":"https:\/\/nautical.store\/fi\/wp-json\/wp\/v2\/product_tag?post=81097"},{"taxonomy":"woo-feed-brand","embeddable":true,"href":"https:\/\/nautical.store\/fi\/wp-json\/wp\/v2\/woo-feed-brand?post=81097"}],"curies":[{"name":"wp","href":"https:\/\/api.w.org\/{rel}","templated":true}]}}