{"id":81245,"date":"2025-06-27T20:34:48","date_gmt":"2025-06-27T17:34:48","guid":{"rendered":"https:\/\/nautical.store\/toode\/pellep-sukat-2-paria\/"},"modified":"2026-03-26T21:22:09","modified_gmt":"2026-03-26T19:22:09","slug":"pellep-sukat-2-paria","status":"publish","type":"product","link":"https:\/\/nautical.store\/fi\/tuote\/pellep-sukat-2-paria\/","title":{"rendered":"PelleP Sukat 2 paria"},"content":{"rendered":"<p><!--StartFragment --><\/p>\n<p>Pehme\u00e4t, mukavat ja kest\u00e4v\u00e4t sukat, joissa on joustava, klassisen korkea resori. Sukat on valmistettu luomupuuvillan, polyesterin ja elastaanin sekoitteesta \u2013 ne istuvat hyvin ja tuntuvat miellytt\u00e4vilt\u00e4 my\u00f6s pitk\u00e4aikaisessa k\u00e4yt\u00f6ss\u00e4. Resorissa on tyylik\u00e4s kontrastiv\u00e4rinen P-logo ja jalkapohjassa True Experience -logo. Pakkauksessa on kaksi paria.<\/p>\n<p>Materiaali: 72 % puuvillaa \/ 26 % polyesteri\u00e4 \/ 2 % elastaania<br \/>\nPitk\u00e4t sukat klassisella korkealla resorilla<br \/>\nResorissa kontrastiv\u00e4rinen brodeerattu P-logo<\/p>\n<p><!--EndFragment --><\/p>\n","protected":false},"excerpt":{"rendered":"<p>Tyylikk\u00e4\u00e4t sukat<\/p>\n","protected":false},"featured_media":81231,"template":"","meta":{"_acf_changed":false},"pwb-brand":[838],"product_brand":[],"product_cat":[628,926,629,777,827],"product_tag":[],"woo-feed-brand":[],"class_list":{"0":"post-81245","1":"product","2":"type-product","3":"status-publish","4":"has-post-thumbnail","6":"pwb-brand-pelle-petterson-fi","7":"product_cat-asusteet","8":"product_cat-asusteet-fi","9":"product_cat-asusteet-naiset","10":"product_cat-miehet","11":"product_cat-naiset","13":"first","14":"instock","15":"taxable","16":"shipping-taxable","17":"purchasable","18":"product-type-variable","19":"wvs-archive-product-wrapper"},"acf":[],"brands":[{"id":838,"name":"Pelle Petterson","slug":"pelle-petterson-fi"}],"_links":{"self":[{"href":"https:\/\/nautical.store\/fi\/wp-json\/wp\/v2\/product\/81245","targetHints":{"allow":["GET"]}}],"collection":[{"href":"https:\/\/nautical.store\/fi\/wp-json\/wp\/v2\/product"}],"about":[{"href":"https:\/\/nautical.store\/fi\/wp-json\/wp\/v2\/types\/product"}],"wp:featuredmedia":[{"embeddable":true,"href":"https:\/\/nautical.store\/fi\/wp-json\/wp\/v2\/media\/81231"}],"wp:attachment":[{"href":"https:\/\/nautical.store\/fi\/wp-json\/wp\/v2\/media?parent=81245"}],"wp:term":[{"taxonomy":"pwb-brand","embeddable":true,"href":"https:\/\/nautical.store\/fi\/wp-json\/wp\/v2\/pwb-brand?post=81245"},{"taxonomy":"product_brand","embeddable":true,"href":"https:\/\/nautical.store\/fi\/wp-json\/wp\/v2\/product_brand?post=81245"},{"taxonomy":"product_cat","embeddable":true,"href":"https:\/\/nautical.store\/fi\/wp-json\/wp\/v2\/product_cat?post=81245"},{"taxonomy":"product_tag","embeddable":true,"href":"https:\/\/nautical.store\/fi\/wp-json\/wp\/v2\/product_tag?post=81245"},{"taxonomy":"woo-feed-brand","embeddable":true,"href":"https:\/\/nautical.store\/fi\/wp-json\/wp\/v2\/woo-feed-brand?post=81245"}],"curies":[{"name":"wp","href":"https:\/\/api.w.org\/{rel}","templated":true}]}}