{"id":81321,"date":"2025-05-04T15:19:03","date_gmt":"2025-05-04T12:19:03","guid":{"rendered":"https:\/\/nautical.store\/toode\/joline-crew\/"},"modified":"2025-10-12T20:31:55","modified_gmt":"2025-10-12T17:31:55","slug":"joline-crew","status":"publish","type":"product","link":"https:\/\/nautical.store\/fi\/tuote\/joline-crew\/","title":{"rendered":"Joline Crew"},"content":{"rendered":"<p><!--StartFragment --><\/p>\n<p>Joline-neulepusero on valmistettu pehme\u00e4st\u00e4 ja ilmavasta mohairsekoitteesta.<\/p>\n<p>Py\u00f6re\u00e4 p\u00e4\u00e4ntie, laskeutuvat olkap\u00e4\u00e4t ja erityisen v\u00e4lj\u00e4 mitoitus tekev\u00e4t siit\u00e4 t\u00e4ydellisen rennon ja mukavan valinnan. Jos toivot istuvampaa mallia, valitse yksi koko pienempi.<\/p>\n<p>Neuleessa k\u00e4ytetty mohair on RMS-sertifioitua \u2013 t\u00e4m\u00e4 takaa el\u00e4inten hyvinvoinnin, villan vastuullisen k\u00e4sittelyn koko tuotantoprosessin ajan sek\u00e4 laidunmaiden kest\u00e4v\u00e4n k\u00e4yt\u00f6n.<\/p>\n<p>Materiaali:\u00a081 % nuoren vuohen mohairia (RMS-sertifioitu), 17 % polyamidia, 2 % elastaania.<\/p>\n<p>Valmistettu vastuullisesti Euroopassa.<\/p>\n<p><!--EndFragment --><\/p>\n","protected":false},"excerpt":{"rendered":"<p>Pehme\u00e4 ja v\u00e4lj\u00e4 naisten neule<\/p>\n","protected":false},"featured_media":84936,"template":"","meta":{"_acf_changed":false},"pwb-brand":[836],"product_brand":[],"product_cat":[877,827,601],"product_tag":[],"woo-feed-brand":[],"class_list":{"0":"post-81321","1":"product","2":"type-product","3":"status-publish","4":"has-post-thumbnail","6":"pwb-brand-holebrook-fi","7":"product_cat-edullinen-hinta-naiset","8":"product_cat-naiset","9":"product_cat-neuleet","11":"first","12":"instock","13":"sale","14":"taxable","15":"shipping-taxable","16":"purchasable","17":"product-type-variable","18":"wvs-archive-product-wrapper"},"acf":[],"brands":[{"id":836,"name":"Holebrook","slug":"holebrook-fi"}],"_links":{"self":[{"href":"https:\/\/nautical.store\/fi\/wp-json\/wp\/v2\/product\/81321","targetHints":{"allow":["GET"]}}],"collection":[{"href":"https:\/\/nautical.store\/fi\/wp-json\/wp\/v2\/product"}],"about":[{"href":"https:\/\/nautical.store\/fi\/wp-json\/wp\/v2\/types\/product"}],"wp:featuredmedia":[{"embeddable":true,"href":"https:\/\/nautical.store\/fi\/wp-json\/wp\/v2\/media\/84936"}],"wp:attachment":[{"href":"https:\/\/nautical.store\/fi\/wp-json\/wp\/v2\/media?parent=81321"}],"wp:term":[{"taxonomy":"pwb-brand","embeddable":true,"href":"https:\/\/nautical.store\/fi\/wp-json\/wp\/v2\/pwb-brand?post=81321"},{"taxonomy":"product_brand","embeddable":true,"href":"https:\/\/nautical.store\/fi\/wp-json\/wp\/v2\/product_brand?post=81321"},{"taxonomy":"product_cat","embeddable":true,"href":"https:\/\/nautical.store\/fi\/wp-json\/wp\/v2\/product_cat?post=81321"},{"taxonomy":"product_tag","embeddable":true,"href":"https:\/\/nautical.store\/fi\/wp-json\/wp\/v2\/product_tag?post=81321"},{"taxonomy":"woo-feed-brand","embeddable":true,"href":"https:\/\/nautical.store\/fi\/wp-json\/wp\/v2\/woo-feed-brand?post=81321"}],"curies":[{"name":"wp","href":"https:\/\/api.w.org\/{rel}","templated":true}]}}