{"id":81338,"date":"2025-05-18T17:30:23","date_gmt":"2025-05-18T14:30:23","guid":{"rendered":"https:\/\/nautical.store\/toode\/pellep-naisten-plannard-liivi\/"},"modified":"2025-05-18T17:30:23","modified_gmt":"2025-05-18T14:30:23","slug":"pellep-naisten-plannard-liivi","status":"publish","type":"product","link":"https:\/\/nautical.store\/fi\/tuote\/pellep-naisten-plannard-liivi\/","title":{"rendered":"PelleP naisten Plannard-liivi"},"content":{"rendered":"<p><!--StartFragment --><\/p>\n<p>Plannard Grid\u2122 -materiaalista valmistettu naisten liivi, jossa on nelj\u00e4\u00e4n suuntaan joustava stretch ja kosteutta siirt\u00e4v\u00e4t ominaisuudet.<\/p>\n<p>Sile\u00e4 ulkopinta, ruudullinen sis\u00e4puoli ja kontrastipaneelit tuovat teknist\u00e4 tyyli\u00e4. T\u00e4yspitk\u00e4 k\u00e4\u00e4nteinen vetoketju edess\u00e4, kaksi etutaskua piilovetoketjuilla. Heijastava Pelle P -logo vasemmassa rinnassa ja heijastava P-logo niskassa. Slim fit -mitoitus.<\/p>\n<p><!--StartFragment --><\/p>\n<ul>\n<li>Materiaali: 100 % polyesteri<br \/>\nKangas: PLANNARD GRID\u00ae -materiaali, jossa nelj\u00e4\u00e4n suuntaan joustava stretch<br \/>\nOminaisuudet:<\/li>\n<li>Siirt\u00e4\u00e4 kosteutta tehokkaasti<\/li>\n<li>Sile\u00e4 ulkopinta, ruudullinen sis\u00e4puoli<\/li>\n<li>Kontrastiv\u00e4riset paneelit<\/li>\n<li>Tiukka\/slim fit -mitoitus<\/li>\n<li>T\u00e4yspitk\u00e4 k\u00e4\u00e4nteinen vetoketju edess\u00e4<\/li>\n<li>Kaksi vetoketjullista etutaskua<\/li>\n<li>P-logolla varustettu vetoketjuvedin<\/li>\n<li>P-logo-kumimerkki vasemmassa hihassa<\/li>\n<li>Heijastava Pelle P -painatus vasemmassa rinnassa<\/li>\n<li>Heijastava P-logo niskassa <!--EndFragment --><\/li>\n<\/ul>\n<p>&nbsp;<\/p>\n<p><!--EndFragment --><\/p>\n","protected":false},"excerpt":{"rendered":"<p>Naisten fleeceliivi<\/p>\n","protected":false},"featured_media":79432,"template":"","meta":{"_acf_changed":false},"pwb-brand":[838],"product_brand":[],"product_cat":[688,1260,1262,617,726],"product_tag":[],"woo-feed-brand":[],"class_list":{"0":"post-81338","1":"product","2":"type-product","3":"status-publish","4":"has-post-thumbnail","6":"pwb-brand-pelle-petterson-fi","7":"product_cat-hupparit-ja-fleecet","8":"product_cat-naisten-golfvaatteet","9":"product_cat-naisten-purjehdusvaatteet","10":"product_cat-paallysvaatteet","11":"product_cat-tekniset-vaatteet-naiset","13":"first","14":"instock","15":"taxable","16":"shipping-taxable","17":"purchasable","18":"product-type-variable","19":"wvs-archive-product-wrapper"},"acf":[],"brands":[{"id":838,"name":"Pelle Petterson","slug":"pelle-petterson-fi"}],"_links":{"self":[{"href":"https:\/\/nautical.store\/fi\/wp-json\/wp\/v2\/product\/81338","targetHints":{"allow":["GET"]}}],"collection":[{"href":"https:\/\/nautical.store\/fi\/wp-json\/wp\/v2\/product"}],"about":[{"href":"https:\/\/nautical.store\/fi\/wp-json\/wp\/v2\/types\/product"}],"wp:featuredmedia":[{"embeddable":true,"href":"https:\/\/nautical.store\/fi\/wp-json\/wp\/v2\/media\/79432"}],"wp:attachment":[{"href":"https:\/\/nautical.store\/fi\/wp-json\/wp\/v2\/media?parent=81338"}],"wp:term":[{"taxonomy":"pwb-brand","embeddable":true,"href":"https:\/\/nautical.store\/fi\/wp-json\/wp\/v2\/pwb-brand?post=81338"},{"taxonomy":"product_brand","embeddable":true,"href":"https:\/\/nautical.store\/fi\/wp-json\/wp\/v2\/product_brand?post=81338"},{"taxonomy":"product_cat","embeddable":true,"href":"https:\/\/nautical.store\/fi\/wp-json\/wp\/v2\/product_cat?post=81338"},{"taxonomy":"product_tag","embeddable":true,"href":"https:\/\/nautical.store\/fi\/wp-json\/wp\/v2\/product_tag?post=81338"},{"taxonomy":"woo-feed-brand","embeddable":true,"href":"https:\/\/nautical.store\/fi\/wp-json\/wp\/v2\/woo-feed-brand?post=81338"}],"curies":[{"name":"wp","href":"https:\/\/api.w.org\/{rel}","templated":true}]}}