{"id":81352,"date":"2025-05-09T15:14:07","date_gmt":"2025-05-09T12:14:07","guid":{"rendered":"https:\/\/nautical.store\/toode\/esther-slipmekko\/"},"modified":"2025-06-29T18:18:13","modified_gmt":"2025-06-29T15:18:13","slug":"esther-slipmekko","status":"publish","type":"product","link":"https:\/\/nautical.store\/fi\/tuote\/esther-slipmekko\/","title":{"rendered":"Esther-slipmekko"},"content":{"rendered":"<p><!--StartFragment --><\/p>\n<p>Esther-maksimekko on valmistettu kevyest\u00e4 ja joustavasta viskoosisekoitteesta (93 % viskoosia, 7 % elastaania), joka tuntuu iholla pehme\u00e4lt\u00e4 ja laskeutuu kauniisti.<\/p>\n<p>T\u00e4ss\u00e4 kes\u00e4mekossa on ohuet, s\u00e4\u00e4dett\u00e4v\u00e4t olkaimet, yl\u00e4osa istuu napakasti ja helma levenee ilmavasti \u2013 ihanteellinen kuumiin kes\u00e4p\u00e4iviin tai kevyeksi ilta-asuksi.<\/p>\n<p>Kangas on sertifioitu Oeko-Tex\u00ae -standardin mukaisesti, ja tuote on valmistettu vastuullisesti Euroopassa.<\/p>\n<p><!--EndFragment --><\/p>\n","protected":false},"excerpt":{"rendered":"<p>Vieh\u00e4tt\u00e4v\u00e4 maksimekko kes\u00e4n l\u00e4mp\u00f6\u00f6n<\/p>\n","protected":false},"featured_media":78969,"template":"","meta":{"_acf_changed":false},"pwb-brand":[836],"product_brand":[],"product_cat":[877,593,827],"product_tag":[],"woo-feed-brand":[],"class_list":{"0":"post-81352","1":"product","2":"type-product","3":"status-publish","4":"has-post-thumbnail","6":"pwb-brand-holebrook-fi","7":"product_cat-edullinen-hinta-naiset","8":"product_cat-mekot","9":"product_cat-naiset","11":"first","12":"instock","13":"sale","14":"taxable","15":"shipping-taxable","16":"purchasable","17":"product-type-variable","18":"wvs-archive-product-wrapper"},"acf":[],"brands":[{"id":836,"name":"Holebrook","slug":"holebrook-fi"}],"_links":{"self":[{"href":"https:\/\/nautical.store\/fi\/wp-json\/wp\/v2\/product\/81352","targetHints":{"allow":["GET"]}}],"collection":[{"href":"https:\/\/nautical.store\/fi\/wp-json\/wp\/v2\/product"}],"about":[{"href":"https:\/\/nautical.store\/fi\/wp-json\/wp\/v2\/types\/product"}],"wp:featuredmedia":[{"embeddable":true,"href":"https:\/\/nautical.store\/fi\/wp-json\/wp\/v2\/media\/78969"}],"wp:attachment":[{"href":"https:\/\/nautical.store\/fi\/wp-json\/wp\/v2\/media?parent=81352"}],"wp:term":[{"taxonomy":"pwb-brand","embeddable":true,"href":"https:\/\/nautical.store\/fi\/wp-json\/wp\/v2\/pwb-brand?post=81352"},{"taxonomy":"product_brand","embeddable":true,"href":"https:\/\/nautical.store\/fi\/wp-json\/wp\/v2\/product_brand?post=81352"},{"taxonomy":"product_cat","embeddable":true,"href":"https:\/\/nautical.store\/fi\/wp-json\/wp\/v2\/product_cat?post=81352"},{"taxonomy":"product_tag","embeddable":true,"href":"https:\/\/nautical.store\/fi\/wp-json\/wp\/v2\/product_tag?post=81352"},{"taxonomy":"woo-feed-brand","embeddable":true,"href":"https:\/\/nautical.store\/fi\/wp-json\/wp\/v2\/woo-feed-brand?post=81352"}],"curies":[{"name":"wp","href":"https:\/\/api.w.org\/{rel}","templated":true}]}}