{"id":81371,"date":"2025-05-09T13:53:13","date_gmt":"2025-05-09T10:53:13","guid":{"rendered":"https:\/\/nautical.store\/toode\/esther-t-paita\/"},"modified":"2025-06-29T18:45:29","modified_gmt":"2025-06-29T15:45:29","slug":"esther-t-paita","status":"publish","type":"product","link":"https:\/\/nautical.store\/fi\/tuote\/esther-t-paita\/","title":{"rendered":"Esther T-paita"},"content":{"rendered":"<p>Holebrook Esther t-paidassa on mukava ja pehme\u00e4 laatu. T-paidassa on klassinen malli, jossa leve\u00e4 p\u00e4\u00e4ntie. Yhdist\u00e4 Esther Pants -housujen kanssa saadaksesi t\u00e4ydellisen asun. Kangas on \u00d6ko-Tex\u00ae -sertifioitu. Kest\u00e4v\u00e4sti tuotettu Euroopassa.<\/p>\n<p>Koko:\u00a0 Rinnanymp\u00e4rys\u00a0 \u00a0 Sel\u00e4n pituus<\/p>\n<p>XS\u00a0 \u00a0 \u00a0 \u00a0 \u00a0 \u00a0 \u00a0 90 cm\u00a0 \u00a0 \u00a0 \u00a0 \u00a0 \u00a0 \u00a0 \u00a0 \u00a0 \u00a0 \u00a056 cm<\/p>\n<p>S\u00a0 \u00a0 \u00a0 \u00a0 \u00a0 \u00a0 \u00a0 94 cm\u00a0 \u00a0 \u00a0 \u00a0 \u00a0 \u00a0 \u00a0 \u00a0 \u00a0 \u00a0 \u00a057 cm<\/p>\n<p>M\u00a0 \u00a0 \u00a0 \u00a0 \u00a0 \u00a0 100 cm\u00a0 \u00a0 \u00a0 \u00a0 \u00a0 \u00a0 \u00a0 \u00a0 \u00a0 \u00a059\u00a0 cm<\/p>\n<p>L\u00a0 \u00a0 \u00a0 \u00a0 \u00a0 \u00a0 \u00a0106 cm\u00a0 \u00a0 \u00a0 \u00a0 \u00a0 \u00a0 \u00a0 \u00a0 \u00a0 60 cm<\/p>\n<p>XL\u00a0 \u00a0 \u00a0 \u00a0 \u00a0 \u00a0 112cm\u00a0 \u00a0 \u00a0 \u00a0 \u00a0 \u00a0 \u00a0 \u00a0 \u00a0 \u00a0 \u00a063cm<\/p>\n","protected":false},"excerpt":{"rendered":"<p>Tyylik\u00e4s ja yksinkertainen naisten toppi<\/p>\n","protected":false},"featured_media":78931,"template":"","meta":{"_acf_changed":false},"pwb-brand":[836],"product_brand":[],"product_cat":[877,827,590],"product_tag":[],"woo-feed-brand":[],"class_list":{"0":"post-81371","1":"product","2":"type-product","3":"status-publish","4":"has-post-thumbnail","6":"pwb-brand-holebrook-fi","7":"product_cat-edullinen-hinta-naiset","8":"product_cat-naiset","9":"product_cat-paidat","11":"first","12":"instock","13":"sale","14":"taxable","15":"shipping-taxable","16":"purchasable","17":"product-type-variable","18":"wvs-archive-product-wrapper"},"acf":[],"brands":[{"id":836,"name":"Holebrook","slug":"holebrook-fi"}],"_links":{"self":[{"href":"https:\/\/nautical.store\/fi\/wp-json\/wp\/v2\/product\/81371","targetHints":{"allow":["GET"]}}],"collection":[{"href":"https:\/\/nautical.store\/fi\/wp-json\/wp\/v2\/product"}],"about":[{"href":"https:\/\/nautical.store\/fi\/wp-json\/wp\/v2\/types\/product"}],"wp:featuredmedia":[{"embeddable":true,"href":"https:\/\/nautical.store\/fi\/wp-json\/wp\/v2\/media\/78931"}],"wp:attachment":[{"href":"https:\/\/nautical.store\/fi\/wp-json\/wp\/v2\/media?parent=81371"}],"wp:term":[{"taxonomy":"pwb-brand","embeddable":true,"href":"https:\/\/nautical.store\/fi\/wp-json\/wp\/v2\/pwb-brand?post=81371"},{"taxonomy":"product_brand","embeddable":true,"href":"https:\/\/nautical.store\/fi\/wp-json\/wp\/v2\/product_brand?post=81371"},{"taxonomy":"product_cat","embeddable":true,"href":"https:\/\/nautical.store\/fi\/wp-json\/wp\/v2\/product_cat?post=81371"},{"taxonomy":"product_tag","embeddable":true,"href":"https:\/\/nautical.store\/fi\/wp-json\/wp\/v2\/product_tag?post=81371"},{"taxonomy":"woo-feed-brand","embeddable":true,"href":"https:\/\/nautical.store\/fi\/wp-json\/wp\/v2\/woo-feed-brand?post=81371"}],"curies":[{"name":"wp","href":"https:\/\/api.w.org\/{rel}","templated":true}]}}