{"id":81387,"date":"2025-05-09T09:29:18","date_gmt":"2025-05-09T06:29:18","guid":{"rendered":"https:\/\/nautical.store\/toode\/esther-v-mekko\/"},"modified":"2025-05-09T09:29:18","modified_gmt":"2025-05-09T06:29:18","slug":"esther-v-mekko","status":"publish","type":"product","link":"https:\/\/nautical.store\/fi\/tuote\/esther-v-mekko\/","title":{"rendered":"Esther V-mekko"},"content":{"rendered":"<p><!--StartFragment --><\/p>\n<p>Kevyt ja ilmavasti laskeutuva V-p\u00e4\u00e4ntiell\u00e4 varustettu mekko, joka tuntuu ihanan pehme\u00e4lt\u00e4 p\u00e4\u00e4ll\u00e4.<\/p>\n<p>Valmistettu viskoosin (93 %) ja elastaanin (7 %) sekoitteesta \u2013 mukautuu liikkeisiin ja pit\u00e4\u00e4 olon rentona koko p\u00e4iv\u00e4n. V\u00e4lj\u00e4 malli, v\u00e4lj\u00e4t hihat ja keskipituinen helma tekev\u00e4t siit\u00e4 t\u00e4ydellisen arkeen tai kes\u00e4isiin hetkiin.<\/p>\n<p>Kangas on Oeko-Tex\u00ae -sertifioitu \u2013 eli testattu haitta-aineiden varalta. Valmistettu vastuullisesti Euroopassa.<\/p>\n<p><!--EndFragment --><\/p>\n","protected":false},"excerpt":{"rendered":"<p>V-p\u00e4\u00e4ntiell\u00e4 varustettu mekko<\/p>\n","protected":false},"featured_media":78903,"template":"","meta":{"_acf_changed":false},"pwb-brand":[836],"product_brand":[],"product_cat":[877,593],"product_tag":[],"woo-feed-brand":[],"class_list":{"0":"post-81387","1":"product","2":"type-product","3":"status-publish","4":"has-post-thumbnail","6":"pwb-brand-holebrook-fi","7":"product_cat-edullinen-hinta-naiset","8":"product_cat-mekot","10":"first","11":"instock","12":"sale","13":"taxable","14":"shipping-taxable","15":"purchasable","16":"product-type-variable","17":"wvs-archive-product-wrapper"},"acf":[],"brands":[{"id":836,"name":"Holebrook","slug":"holebrook-fi"}],"_links":{"self":[{"href":"https:\/\/nautical.store\/fi\/wp-json\/wp\/v2\/product\/81387","targetHints":{"allow":["GET"]}}],"collection":[{"href":"https:\/\/nautical.store\/fi\/wp-json\/wp\/v2\/product"}],"about":[{"href":"https:\/\/nautical.store\/fi\/wp-json\/wp\/v2\/types\/product"}],"wp:featuredmedia":[{"embeddable":true,"href":"https:\/\/nautical.store\/fi\/wp-json\/wp\/v2\/media\/78903"}],"wp:attachment":[{"href":"https:\/\/nautical.store\/fi\/wp-json\/wp\/v2\/media?parent=81387"}],"wp:term":[{"taxonomy":"pwb-brand","embeddable":true,"href":"https:\/\/nautical.store\/fi\/wp-json\/wp\/v2\/pwb-brand?post=81387"},{"taxonomy":"product_brand","embeddable":true,"href":"https:\/\/nautical.store\/fi\/wp-json\/wp\/v2\/product_brand?post=81387"},{"taxonomy":"product_cat","embeddable":true,"href":"https:\/\/nautical.store\/fi\/wp-json\/wp\/v2\/product_cat?post=81387"},{"taxonomy":"product_tag","embeddable":true,"href":"https:\/\/nautical.store\/fi\/wp-json\/wp\/v2\/product_tag?post=81387"},{"taxonomy":"woo-feed-brand","embeddable":true,"href":"https:\/\/nautical.store\/fi\/wp-json\/wp\/v2\/woo-feed-brand?post=81387"}],"curies":[{"name":"wp","href":"https:\/\/api.w.org\/{rel}","templated":true}]}}