{"id":81413,"date":"2025-05-07T21:49:09","date_gmt":"2025-05-07T18:49:09","guid":{"rendered":"https:\/\/nautical.store\/toode\/ingo-windproof\/"},"modified":"2025-05-07T21:49:09","modified_gmt":"2025-05-07T18:49:09","slug":"ingo-windproof","status":"publish","type":"product","link":"https:\/\/nautical.store\/fi\/tuote\/ingo-windproof\/","title":{"rendered":"Ingo Windproof"},"content":{"rendered":"<p>Tuulenpit\u00e4v\u00e4 puuvillaneule, jossa on kaksisuuntainen vetoketju edess\u00e4. Etu- ja takaosa on neulottu tekstuuripinnalla, kun taas hihat ovat sile\u00e4neuloksiset. Helmassa ja hihansuissa joustavat resorit, ja raglanhihat antavat rennon istuvuuden. Sivuilta l\u00f6ytyv\u00e4t k\u00e4yt\u00e4nn\u00f6lliset taskut.<br \/>\nNeuleessa on tuulenpit\u00e4v\u00e4 vuori (96 % polyesteri, 4 % elastaani), joka on valmistettu erityisell\u00e4 neulostekniikalla ilman kemikaaleja. Tiivis rakenne pys\u00e4ytt\u00e4\u00e4 tuulen mutta s\u00e4ilytt\u00e4\u00e4 hyv\u00e4n hengitt\u00e4vyyden. Elastaani tuo vuoriin joustavuutta, joten se ei rajoita liikkumista.<br \/>\nVuori t\u00e4ytt\u00e4\u00e4 \u00d6KO-TEX\u00ae Standard 100 -sertifikaatin vaatimukset, eli siit\u00e4 on tarkistettu haitta-aineettomuus. Neule on valmistettu vastuullisesti Euroopassa.<\/p>\n","protected":false},"excerpt":{"rendered":"<p>Tekninen Holebrook windproof<\/p>\n","protected":false},"featured_media":78773,"template":"","meta":{"_acf_changed":false},"pwb-brand":[836],"product_brand":[],"product_cat":[1259,706],"product_tag":[],"woo-feed-brand":[],"class_list":{"0":"post-81413","1":"product","2":"type-product","3":"status-publish","4":"has-post-thumbnail","6":"pwb-brand-holebrook-fi","7":"product_cat-miesten-golfvaatteet","8":"product_cat-tuulenpitavat-miehet","10":"first","11":"instock","12":"taxable","13":"shipping-taxable","14":"purchasable","15":"product-type-variable","16":"wvs-archive-product-wrapper"},"acf":[],"brands":[{"id":836,"name":"Holebrook","slug":"holebrook-fi"}],"_links":{"self":[{"href":"https:\/\/nautical.store\/fi\/wp-json\/wp\/v2\/product\/81413","targetHints":{"allow":["GET"]}}],"collection":[{"href":"https:\/\/nautical.store\/fi\/wp-json\/wp\/v2\/product"}],"about":[{"href":"https:\/\/nautical.store\/fi\/wp-json\/wp\/v2\/types\/product"}],"wp:featuredmedia":[{"embeddable":true,"href":"https:\/\/nautical.store\/fi\/wp-json\/wp\/v2\/media\/78773"}],"wp:attachment":[{"href":"https:\/\/nautical.store\/fi\/wp-json\/wp\/v2\/media?parent=81413"}],"wp:term":[{"taxonomy":"pwb-brand","embeddable":true,"href":"https:\/\/nautical.store\/fi\/wp-json\/wp\/v2\/pwb-brand?post=81413"},{"taxonomy":"product_brand","embeddable":true,"href":"https:\/\/nautical.store\/fi\/wp-json\/wp\/v2\/product_brand?post=81413"},{"taxonomy":"product_cat","embeddable":true,"href":"https:\/\/nautical.store\/fi\/wp-json\/wp\/v2\/product_cat?post=81413"},{"taxonomy":"product_tag","embeddable":true,"href":"https:\/\/nautical.store\/fi\/wp-json\/wp\/v2\/product_tag?post=81413"},{"taxonomy":"woo-feed-brand","embeddable":true,"href":"https:\/\/nautical.store\/fi\/wp-json\/wp\/v2\/woo-feed-brand?post=81413"}],"curies":[{"name":"wp","href":"https:\/\/api.w.org\/{rel}","templated":true}]}}