{"id":81424,"date":"2025-05-07T17:19:17","date_gmt":"2025-05-07T14:19:17","guid":{"rendered":"https:\/\/nautical.store\/toode\/greger-crew-neule\/"},"modified":"2026-02-26T13:58:05","modified_gmt":"2026-02-26T11:58:05","slug":"greger-crew-neule","status":"publish","type":"product","link":"https:\/\/nautical.store\/fi\/tuote\/greger-crew-neule\/","title":{"rendered":"Greger Crew -neule"},"content":{"rendered":"<p>Pitk\u00e4hihainen neulepaita, jossa on el\u00e4v\u00e4pintainen neulos ja rento istuvuus. Valmistettu 100 % luomupuuvillasta, joka tuntuu miellytt\u00e4v\u00e4lt\u00e4 iholla. Klassinen py\u00f6re\u00e4 p\u00e4\u00e4ntie, joustavat resorit ja ajaton malli tekev\u00e4t siit\u00e4 monik\u00e4ytt\u00f6isen arjen luottovaatekappaleen.<br \/>\nValmistettu vastuullisesti Euroopassa.<\/p>\n<p><!--StartFragment --><\/p>\n<p>Yksityiskohdat<\/p>\n<ul>\n<li>Normaali mitoitus<\/li>\n<li>Patenttineulosta<\/li>\n<li>Joustavat resorit<\/li>\n<li>Valmistettu 100 % luomupuuvillasta<\/li>\n<li>Valmistettu Euroopassa <!--EndFragment --><\/li>\n<\/ul>\n","protected":false},"excerpt":{"rendered":"<p>Neulepaita 100 % luomupuuvillaa<\/p>\n","protected":false},"featured_media":78742,"template":"","meta":{"_acf_changed":false},"pwb-brand":[836],"product_brand":[],"product_cat":[876,619,2183],"product_tag":[],"woo-feed-brand":[],"class_list":{"0":"post-81424","1":"product","2":"type-product","3":"status-publish","4":"has-post-thumbnail","6":"pwb-brand-holebrook-fi","7":"product_cat-edullinen-hinta-miehet-fi","8":"product_cat-neuleet-miehet","9":"product_cat-outlet-fi","11":"first","12":"instock","13":"sale","14":"taxable","15":"shipping-taxable","16":"purchasable","17":"product-type-variable","18":"wvs-archive-product-wrapper"},"acf":[],"brands":[{"id":836,"name":"Holebrook","slug":"holebrook-fi"}],"_links":{"self":[{"href":"https:\/\/nautical.store\/fi\/wp-json\/wp\/v2\/product\/81424","targetHints":{"allow":["GET"]}}],"collection":[{"href":"https:\/\/nautical.store\/fi\/wp-json\/wp\/v2\/product"}],"about":[{"href":"https:\/\/nautical.store\/fi\/wp-json\/wp\/v2\/types\/product"}],"wp:featuredmedia":[{"embeddable":true,"href":"https:\/\/nautical.store\/fi\/wp-json\/wp\/v2\/media\/78742"}],"wp:attachment":[{"href":"https:\/\/nautical.store\/fi\/wp-json\/wp\/v2\/media?parent=81424"}],"wp:term":[{"taxonomy":"pwb-brand","embeddable":true,"href":"https:\/\/nautical.store\/fi\/wp-json\/wp\/v2\/pwb-brand?post=81424"},{"taxonomy":"product_brand","embeddable":true,"href":"https:\/\/nautical.store\/fi\/wp-json\/wp\/v2\/product_brand?post=81424"},{"taxonomy":"product_cat","embeddable":true,"href":"https:\/\/nautical.store\/fi\/wp-json\/wp\/v2\/product_cat?post=81424"},{"taxonomy":"product_tag","embeddable":true,"href":"https:\/\/nautical.store\/fi\/wp-json\/wp\/v2\/product_tag?post=81424"},{"taxonomy":"woo-feed-brand","embeddable":true,"href":"https:\/\/nautical.store\/fi\/wp-json\/wp\/v2\/woo-feed-brand?post=81424"}],"curies":[{"name":"wp","href":"https:\/\/api.w.org\/{rel}","templated":true}]}}