{"id":81434,"date":"2025-05-05T21:27:53","date_gmt":"2025-05-05T18:27:53","guid":{"rendered":"https:\/\/nautical.store\/toode\/pellep-pellavainen-kesamekko\/"},"modified":"2025-05-05T21:27:53","modified_gmt":"2025-05-05T18:27:53","slug":"pellep-pellavainen-kesamekko","status":"publish","type":"product","link":"https:\/\/nautical.store\/fi\/tuote\/pellep-pellavainen-kesamekko\/","title":{"rendered":"PelleP pellavainen kes\u00e4mekko"},"content":{"rendered":"<p>Rento ja ilmava pellavamekko, joka tuo tyylikkyytt\u00e4 arkeen ja juhlaan. Pellava on kest\u00e4v\u00e4 ja luonnostaan hengitt\u00e4v\u00e4 materiaali \u2013 klassikko, joka n\u00e4ytt\u00e4\u00e4 hyv\u00e4lt\u00e4 vuodesta toiseen. Se tuntuu ylelliselt\u00e4, mutta on samalla helppo ja huoleton valinta moniin tilanteisiin.<br \/>\nLinen Breeze -mekossa on v\u00e4lj\u00e4 leikkaus, V-p\u00e4\u00e4ntie kauluksella, lyhyet k\u00e4\u00e4nteelliset hihat ja kevyesti levenev\u00e4 helma. P-logo kauluksessa ja vasemmassa hihassa tuo viimeistellyn yksityiskohdan. Mukana irrotettava alusmekko.<\/p>\n<ul>\n<li>Materiaali: 100 % pellavaa<\/li>\n<li>V\u00e4lj\u00e4 mitoitus<\/li>\n<li>Mekon pituus koossa S: 118 cm olkasaumasta mitattuna<\/li>\n<li>Pehme\u00e4, kevyesti struktuurinen pellavakangas<\/li>\n<li>Irtovuorimekko mukana<\/li>\n<li>Lyhyet hihat k\u00e4\u00e4nteill\u00e4 ja nappikiinnityksell\u00e4<\/li>\n<li>V-p\u00e4\u00e4ntie<\/li>\n<li>Leikkaus vy\u00f6t\u00e4r\u00f6ll\u00e4<\/li>\n<li>Kevyesti levenev\u00e4 helma<\/li>\n<li>Puolikaaren muotoinen yksityiskohta p\u00e4\u00e4ntiell\u00e4, P-kirjailu<\/li>\n<li>P-kirjailu my\u00f6s rinnassa<\/li>\n<li>Navigare necesse est -kirjailu kauluksen sis\u00e4puolella<\/li>\n<li>Kontrastivahvikkeet<\/li>\n<\/ul>\n","protected":false},"excerpt":{"rendered":"<p>Pellavamekko<\/p>\n","protected":false},"featured_media":78641,"template":"","meta":{"_acf_changed":false},"pwb-brand":[838],"product_brand":[],"product_cat":[593,827],"product_tag":[],"woo-feed-brand":[],"class_list":{"0":"post-81434","1":"product","2":"type-product","3":"status-publish","4":"has-post-thumbnail","6":"pwb-brand-pelle-petterson-fi","7":"product_cat-mekot","8":"product_cat-naiset","10":"first","11":"instock","12":"taxable","13":"shipping-taxable","14":"purchasable","15":"product-type-variable","16":"wvs-archive-product-wrapper"},"acf":[],"brands":[{"id":838,"name":"Pelle Petterson","slug":"pelle-petterson-fi"}],"_links":{"self":[{"href":"https:\/\/nautical.store\/fi\/wp-json\/wp\/v2\/product\/81434","targetHints":{"allow":["GET"]}}],"collection":[{"href":"https:\/\/nautical.store\/fi\/wp-json\/wp\/v2\/product"}],"about":[{"href":"https:\/\/nautical.store\/fi\/wp-json\/wp\/v2\/types\/product"}],"wp:featuredmedia":[{"embeddable":true,"href":"https:\/\/nautical.store\/fi\/wp-json\/wp\/v2\/media\/78641"}],"wp:attachment":[{"href":"https:\/\/nautical.store\/fi\/wp-json\/wp\/v2\/media?parent=81434"}],"wp:term":[{"taxonomy":"pwb-brand","embeddable":true,"href":"https:\/\/nautical.store\/fi\/wp-json\/wp\/v2\/pwb-brand?post=81434"},{"taxonomy":"product_brand","embeddable":true,"href":"https:\/\/nautical.store\/fi\/wp-json\/wp\/v2\/product_brand?post=81434"},{"taxonomy":"product_cat","embeddable":true,"href":"https:\/\/nautical.store\/fi\/wp-json\/wp\/v2\/product_cat?post=81434"},{"taxonomy":"product_tag","embeddable":true,"href":"https:\/\/nautical.store\/fi\/wp-json\/wp\/v2\/product_tag?post=81434"},{"taxonomy":"woo-feed-brand","embeddable":true,"href":"https:\/\/nautical.store\/fi\/wp-json\/wp\/v2\/woo-feed-brand?post=81434"}],"curies":[{"name":"wp","href":"https:\/\/api.w.org\/{rel}","templated":true}]}}