{"id":81439,"date":"2025-05-05T10:25:11","date_gmt":"2025-05-05T07:25:11","guid":{"rendered":"https:\/\/nautical.store\/toode\/pellep-dock-hame\/"},"modified":"2025-05-05T10:25:11","modified_gmt":"2025-05-05T07:25:11","slug":"pellep-dock-hame","status":"publish","type":"product","link":"https:\/\/nautical.store\/fi\/tuote\/pellep-dock-hame\/","title":{"rendered":"PelleP Dock-hame"},"content":{"rendered":"<p>Naisten pehme\u00e4 ja mukava kes\u00e4hame, joka sopii t\u00e4ydellisesti yhteen muiden Dock-malliston tuotteiden kanssa.<br \/>\nMateriaali: 95 % puuvillaa, 5 % elastaania<br \/>\nNormaali istuvuus<br \/>\nEp\u00e4symmetrinen leikkaus<br \/>\nValmistettu pehme\u00e4st\u00e4, rypytetyst\u00e4\u00a0 \u00a0 \u00a0 \u00a0 \u00a0trikookankaasta<br \/>\nJoustava vy\u00f6t\u00e4r\u00f6 s\u00e4\u00e4dett\u00e4v\u00e4ll\u00e4 nauhalla<br \/>\nMetallinen Pelle P -embleemi edess\u00e4\u00a0 \u00a0 \u00a0vasemmalla<br \/>\nKirjailtu P-logo takana oikealla lantiolla<br \/>\nKontrastiv\u00e4riset vahvistetut saumat<\/p>\n","protected":false},"excerpt":{"rendered":"<p>Mukava ja tyylik\u00e4s kes\u00e4hame<\/p>\n","protected":false},"featured_media":78544,"template":"","meta":{"_acf_changed":false},"pwb-brand":[838],"product_brand":[],"product_cat":[639,827],"product_tag":[],"woo-feed-brand":[],"class_list":{"0":"post-81439","1":"product","2":"type-product","3":"status-publish","4":"has-post-thumbnail","6":"pwb-brand-pelle-petterson-fi","7":"product_cat-hameet","8":"product_cat-naiset","10":"first","11":"instock","12":"taxable","13":"shipping-taxable","14":"purchasable","15":"product-type-variable","16":"wvs-archive-product-wrapper"},"acf":[],"brands":[{"id":838,"name":"Pelle Petterson","slug":"pelle-petterson-fi"}],"_links":{"self":[{"href":"https:\/\/nautical.store\/fi\/wp-json\/wp\/v2\/product\/81439","targetHints":{"allow":["GET"]}}],"collection":[{"href":"https:\/\/nautical.store\/fi\/wp-json\/wp\/v2\/product"}],"about":[{"href":"https:\/\/nautical.store\/fi\/wp-json\/wp\/v2\/types\/product"}],"wp:featuredmedia":[{"embeddable":true,"href":"https:\/\/nautical.store\/fi\/wp-json\/wp\/v2\/media\/78544"}],"wp:attachment":[{"href":"https:\/\/nautical.store\/fi\/wp-json\/wp\/v2\/media?parent=81439"}],"wp:term":[{"taxonomy":"pwb-brand","embeddable":true,"href":"https:\/\/nautical.store\/fi\/wp-json\/wp\/v2\/pwb-brand?post=81439"},{"taxonomy":"product_brand","embeddable":true,"href":"https:\/\/nautical.store\/fi\/wp-json\/wp\/v2\/product_brand?post=81439"},{"taxonomy":"product_cat","embeddable":true,"href":"https:\/\/nautical.store\/fi\/wp-json\/wp\/v2\/product_cat?post=81439"},{"taxonomy":"product_tag","embeddable":true,"href":"https:\/\/nautical.store\/fi\/wp-json\/wp\/v2\/product_tag?post=81439"},{"taxonomy":"woo-feed-brand","embeddable":true,"href":"https:\/\/nautical.store\/fi\/wp-json\/wp\/v2\/woo-feed-brand?post=81439"}],"curies":[{"name":"wp","href":"https:\/\/api.w.org\/{rel}","templated":true}]}}