{"id":81454,"date":"2025-05-05T12:43:06","date_gmt":"2025-05-05T09:43:06","guid":{"rendered":"https:\/\/nautical.store\/toode\/pellep-akvo-vedenpitava-vyolaukku\/"},"modified":"2025-05-05T12:43:06","modified_gmt":"2025-05-05T09:43:06","slug":"pellep-akvo-vedenpitava-vyolaukku","status":"publish","type":"product","link":"https:\/\/nautical.store\/fi\/tuote\/pellep-akvo-vedenpitava-vyolaukku\/","title":{"rendered":"PelleP Akvo vedenpit\u00e4v\u00e4 vy\u00f6laukku"},"content":{"rendered":"<p>Vedenpit\u00e4v\u00e4 vy\u00f6laukku, jossa on s\u00e4\u00e4dett\u00e4v\u00e4t hihnat, tiivis vetoketjukiinnitys ja l\u00e4pin\u00e4kyv\u00e4 ikkuna puhelinta varten.<br \/>\nEtupuolella on Pelle P -logo sek\u00e4 True Experience -logo.<br \/>\nAkvo-vy\u00f6laukku on valmistettu kest\u00e4v\u00e4st\u00e4 polyuretaanista.<\/p>\n","protected":false},"excerpt":{"rendered":"<p>Vedenpit\u00e4v\u00e4 vy\u00f6laukku<\/p>\n","protected":false},"featured_media":80199,"template":"","meta":{"_acf_changed":false},"pwb-brand":[838],"product_brand":[],"product_cat":[628,629,926,1180],"product_tag":[],"woo-feed-brand":[],"class_list":{"0":"post-81454","1":"product","2":"type-product","3":"status-publish","4":"has-post-thumbnail","6":"pwb-brand-pelle-petterson-fi","7":"product_cat-asusteet","8":"product_cat-asusteet-naiset","9":"product_cat-asusteet-fi","10":"product_cat-golf-fi","12":"first","13":"instock","14":"taxable","15":"shipping-taxable","16":"purchasable","17":"product-type-variable","18":"wvs-archive-product-wrapper"},"acf":[],"brands":[{"id":838,"name":"Pelle Petterson","slug":"pelle-petterson-fi"}],"_links":{"self":[{"href":"https:\/\/nautical.store\/fi\/wp-json\/wp\/v2\/product\/81454","targetHints":{"allow":["GET"]}}],"collection":[{"href":"https:\/\/nautical.store\/fi\/wp-json\/wp\/v2\/product"}],"about":[{"href":"https:\/\/nautical.store\/fi\/wp-json\/wp\/v2\/types\/product"}],"wp:featuredmedia":[{"embeddable":true,"href":"https:\/\/nautical.store\/fi\/wp-json\/wp\/v2\/media\/80199"}],"wp:attachment":[{"href":"https:\/\/nautical.store\/fi\/wp-json\/wp\/v2\/media?parent=81454"}],"wp:term":[{"taxonomy":"pwb-brand","embeddable":true,"href":"https:\/\/nautical.store\/fi\/wp-json\/wp\/v2\/pwb-brand?post=81454"},{"taxonomy":"product_brand","embeddable":true,"href":"https:\/\/nautical.store\/fi\/wp-json\/wp\/v2\/product_brand?post=81454"},{"taxonomy":"product_cat","embeddable":true,"href":"https:\/\/nautical.store\/fi\/wp-json\/wp\/v2\/product_cat?post=81454"},{"taxonomy":"product_tag","embeddable":true,"href":"https:\/\/nautical.store\/fi\/wp-json\/wp\/v2\/product_tag?post=81454"},{"taxonomy":"woo-feed-brand","embeddable":true,"href":"https:\/\/nautical.store\/fi\/wp-json\/wp\/v2\/woo-feed-brand?post=81454"}],"curies":[{"name":"wp","href":"https:\/\/api.w.org\/{rel}","templated":true}]}}