{"id":81519,"date":"2025-07-02T17:01:09","date_gmt":"2025-07-02T14:01:09","guid":{"rendered":"https:\/\/nautical.store\/toode\/81519\/"},"modified":"2025-07-02T17:01:09","modified_gmt":"2025-07-02T14:01:09","slug":"81519","status":"publish","type":"product","link":"https:\/\/nautical.store\/fi\/tuote\/81519\/","title":{"rendered":""},"content":{"rendered":"<p><!--StartFragment --><\/p>\n<p>Ole mukana Viron purjehduskulttuurin huippuhetkess\u00e4!<br \/>\nT\u00e4m\u00e4 tekninen miesten pikeepaita on suunniteltu aktiiviseen liikkumiseen ja tyylikk\u00e4\u00e4seen esiintymiseen sek\u00e4 merell\u00e4 ett\u00e4 maissa. Nelj\u00e4\u00e4n suuntaan joustava, nopeasti kuivuva ja hengitt\u00e4v\u00e4 kangas siirt\u00e4\u00e4 kosteutta tehokkaasti ja pit\u00e4\u00e4 sinut viile\u00e4n\u00e4 my\u00f6s kuumina kes\u00e4p\u00e4ivin\u00e4. UV-suoja antaa lis\u00e4turvaa auringolta, ja yksityiskohdat tuovat sporttista, edustavaa ilmett\u00e4.<\/p>\n<p>Erikoisuutena: paidassa on Muhu V\u00e4in\u00e4 Regatta 2025 virallinen logo \u2013 t\u00e4ydellinen valinta sinulle, joka arvostat Viron purjehdusperinteit\u00e4 ja haluat kantaa niit\u00e4 ylpeydell\u00e4.<\/p>\n<p>Materiaali ja ominaisuudet:<\/p>\n<ul>\n<li>100\u202f% polyesteri\u00e4<\/li>\n<li>Ribattu kaulus ja kaksinappinen nappilista<\/li>\n<li>Kontrastivahvikkeet saumoissa<\/li>\n<li>Pelle P -logomerkki vasemmassa hihassa<\/li>\n<li>Heijastava Pelle P -logo rinnassa ja niskassa<\/li>\n<li>Heijastava True Experience -printti sel\u00e4n alaosassa<\/li>\n<li>UV-suoja<\/li>\n<li>Nopea kuivuvuus ja hengitt\u00e4vyys<\/li>\n<li>4-suuntaan joustava istuvuus ja mukavuus<\/li>\n<li>Rajoitettu er\u00e4, koot L\u2013XXL<\/li>\n<\/ul>\n<p>Tartu tilaisuuteen \u2013 t\u00e4m\u00e4 ei ole vain paita, vaan muisto regatasta.<\/p>\n<p><!--EndFragment --><\/p>\n","protected":false},"excerpt":{"rendered":"<p>Urheilullinen tekninen paita logolla<\/p>\n","protected":false},"featured_media":81508,"template":"","meta":{"_acf_changed":false},"pwb-brand":[838],"product_brand":[],"product_cat":[876,777,1261,2183,633,1269],"product_tag":[],"woo-feed-brand":[],"class_list":{"0":"post-81519","1":"product","2":"type-product","3":"status-publish","4":"has-post-thumbnail","6":"pwb-brand-pelle-petterson-fi","7":"product_cat-edullinen-hinta-miehet-fi","8":"product_cat-miehet","9":"product_cat-miesten-purjehdusvaatteet","10":"product_cat-outlet-fi","11":"product_cat-paidat-fi","12":"product_cat-purjehdus","14":"first","15":"instock","16":"sale","17":"taxable","18":"shipping-taxable","19":"purchasable","20":"product-type-variable","21":"wvs-archive-product-wrapper"},"acf":[],"brands":[{"id":838,"name":"Pelle Petterson","slug":"pelle-petterson-fi"}],"_links":{"self":[{"href":"https:\/\/nautical.store\/fi\/wp-json\/wp\/v2\/product\/81519","targetHints":{"allow":["GET"]}}],"collection":[{"href":"https:\/\/nautical.store\/fi\/wp-json\/wp\/v2\/product"}],"about":[{"href":"https:\/\/nautical.store\/fi\/wp-json\/wp\/v2\/types\/product"}],"wp:featuredmedia":[{"embeddable":true,"href":"https:\/\/nautical.store\/fi\/wp-json\/wp\/v2\/media\/81508"}],"wp:attachment":[{"href":"https:\/\/nautical.store\/fi\/wp-json\/wp\/v2\/media?parent=81519"}],"wp:term":[{"taxonomy":"pwb-brand","embeddable":true,"href":"https:\/\/nautical.store\/fi\/wp-json\/wp\/v2\/pwb-brand?post=81519"},{"taxonomy":"product_brand","embeddable":true,"href":"https:\/\/nautical.store\/fi\/wp-json\/wp\/v2\/product_brand?post=81519"},{"taxonomy":"product_cat","embeddable":true,"href":"https:\/\/nautical.store\/fi\/wp-json\/wp\/v2\/product_cat?post=81519"},{"taxonomy":"product_tag","embeddable":true,"href":"https:\/\/nautical.store\/fi\/wp-json\/wp\/v2\/product_tag?post=81519"},{"taxonomy":"woo-feed-brand","embeddable":true,"href":"https:\/\/nautical.store\/fi\/wp-json\/wp\/v2\/woo-feed-brand?post=81519"}],"curies":[{"name":"wp","href":"https:\/\/api.w.org\/{rel}","templated":true}]}}