{"id":82078,"date":"2025-05-04T14:44:51","date_gmt":"2025-05-04T11:44:51","guid":{"rendered":"https:\/\/nautical.store\/toode\/pellep-naisten-pikeepaita-garda\/"},"modified":"2026-03-29T10:53:58","modified_gmt":"2026-03-29T07:53:58","slug":"pellep-naisten-pikeepaita-garda","status":"publish","type":"product","link":"https:\/\/nautical.store\/fi\/tuote\/pellep-naisten-pikeepaita-garda\/","title":{"rendered":"PelleP Naisten Pikeepaita Garda"},"content":{"rendered":"<p>Garda Polo on mukava ja kes\u00e4inen naisten pikeepaita, jossa on leve\u00e4 kaulus ja V-mallinen kaula-aukko ilman nappeja. Hihansuissa ja helmassa on leve\u00e4t resorit, ja helmassa n\u00e4kyy tyylik\u00e4s Pelle P -logo.<br \/>\nPaita on valmistettu seoksesta, jossa on luomupuuvillaa, modaalikuitua ja elastaania \u2013 miellytt\u00e4v\u00e4 p\u00e4\u00e4ll\u00e4 ja joustava k\u00e4yt\u00f6ss\u00e4.<\/p>\n<p>\u2022 50 % luomupuuvilla, 46 % modaali, 4 % elastaani<br \/>\n\u2022 Normaali istuvuus<br \/>\n\u2022 Vaihteleva ribbineulos<br \/>\n\u2022 Leve\u00e4 kaulus V-p\u00e4\u00e4ntiell\u00e4, neulottu 1&#215;1 ribbist\u00e4<br \/>\n\u2022 Hihansuut ja helma 2&#215;2 ribbist\u00e4<br \/>\n\u2022 Pelle P -metallimerkki vasemmassa hihassa<\/p>\n","protected":false},"excerpt":{"rendered":"<p><!--StartFragment --><\/p>\n<p>Mukava ja tyylik\u00e4s naisten neulottu pikeepaita<\/p>\n<p><!--EndFragment --><\/p>\n","protected":false},"featured_media":93116,"template":"","meta":{"_acf_changed":false},"pwb-brand":[838],"product_brand":[],"product_cat":[827,601,590],"product_tag":[],"woo-feed-brand":[],"class_list":{"0":"post-82078","1":"product","2":"type-product","3":"status-publish","4":"has-post-thumbnail","6":"pwb-brand-pelle-petterson-fi","7":"product_cat-naiset","8":"product_cat-neuleet","9":"product_cat-paidat","11":"first","12":"instock","13":"taxable","14":"shipping-taxable","15":"purchasable","16":"product-type-variable","17":"wvs-archive-product-wrapper"},"acf":[],"brands":[{"id":838,"name":"Pelle Petterson","slug":"pelle-petterson-fi"}],"_links":{"self":[{"href":"https:\/\/nautical.store\/fi\/wp-json\/wp\/v2\/product\/82078","targetHints":{"allow":["GET"]}}],"collection":[{"href":"https:\/\/nautical.store\/fi\/wp-json\/wp\/v2\/product"}],"about":[{"href":"https:\/\/nautical.store\/fi\/wp-json\/wp\/v2\/types\/product"}],"wp:featuredmedia":[{"embeddable":true,"href":"https:\/\/nautical.store\/fi\/wp-json\/wp\/v2\/media\/93116"}],"wp:attachment":[{"href":"https:\/\/nautical.store\/fi\/wp-json\/wp\/v2\/media?parent=82078"}],"wp:term":[{"taxonomy":"pwb-brand","embeddable":true,"href":"https:\/\/nautical.store\/fi\/wp-json\/wp\/v2\/pwb-brand?post=82078"},{"taxonomy":"product_brand","embeddable":true,"href":"https:\/\/nautical.store\/fi\/wp-json\/wp\/v2\/product_brand?post=82078"},{"taxonomy":"product_cat","embeddable":true,"href":"https:\/\/nautical.store\/fi\/wp-json\/wp\/v2\/product_cat?post=82078"},{"taxonomy":"product_tag","embeddable":true,"href":"https:\/\/nautical.store\/fi\/wp-json\/wp\/v2\/product_tag?post=82078"},{"taxonomy":"woo-feed-brand","embeddable":true,"href":"https:\/\/nautical.store\/fi\/wp-json\/wp\/v2\/woo-feed-brand?post=82078"}],"curies":[{"name":"wp","href":"https:\/\/api.w.org\/{rel}","templated":true}]}}