{"id":82303,"date":"2025-03-25T12:50:21","date_gmt":"2025-03-25T10:50:21","guid":{"rendered":"https:\/\/nautical.store\/toode\/marlene-kaftaanimekko\/"},"modified":"2025-03-25T12:50:21","modified_gmt":"2025-03-25T10:50:21","slug":"marlene-kaftaanimekko","status":"publish","type":"product","link":"https:\/\/nautical.store\/fi\/tuote\/marlene-kaftaanimekko\/","title":{"rendered":"Marlene Kaftaanimekko"},"content":{"rendered":"<p><!--StartFragment --><\/p>\n<p>Kaftaanimekko broderie anglaise -tyylill\u00e4 \u2013 puhdasta puuvillaa ja kes\u00e4n kepeytt\u00e4.<\/p>\n<p>Kevyt ja ilmava mekko V-p\u00e4\u00e4ntiell\u00e4 sek\u00e4 leveill\u00e4 hihoilla tuntuu miellytt\u00e4v\u00e4lt\u00e4 iholla. Suora leikkaus luo rennon ja imartelevan siluetin. Korkeat sivuhalkiot tuovat lis\u00e4\u00e4 liikkumisvapautta ja naisellista ilmett\u00e4.<br \/>\nOeko-Tex-sertifioitu kangas \u2013 turvallinen valinta sek\u00e4 iholle ett\u00e4 ymp\u00e4rist\u00f6lle.<br \/>\nValmistettu vastuullisesti Euroopassa.<\/p>\n<p><strong>Materiaalitiedot:<\/strong><\/p>\n<ul>\n<li>100 % puuvillaa<\/li>\n<li>Suora leikkaus<\/li>\n<li>Normaali istuvuus<\/li>\n<li>Korkeat sivuhalkiot<\/li>\n<li>Oeko-Tex-sertifioitu kangas<\/li>\n<li>Valmistettu Euroopassa<\/li>\n<li>Koko M: pituus olkasaumasta 128 cm<\/li>\n<\/ul>\n<p><!--EndFragment --><\/p>\n","protected":false},"excerpt":{"rendered":"<p><!--StartFragment --><\/p>\n<p>Tyylik\u00e4s kes\u00e4mekko<\/p>\n<p><!--EndFragment --><\/p>\n","protected":false},"featured_media":72628,"template":"","meta":{"_acf_changed":false},"pwb-brand":[836],"product_brand":[],"product_cat":[877,593,827],"product_tag":[],"woo-feed-brand":[],"class_list":{"0":"post-82303","1":"product","2":"type-product","3":"status-publish","4":"has-post-thumbnail","6":"pwb-brand-holebrook-fi","7":"product_cat-edullinen-hinta-naiset","8":"product_cat-mekot","9":"product_cat-naiset","11":"first","12":"instock","13":"sale","14":"taxable","15":"shipping-taxable","16":"purchasable","17":"product-type-variable","18":"wvs-archive-product-wrapper"},"acf":[],"brands":[{"id":836,"name":"Holebrook","slug":"holebrook-fi"}],"_links":{"self":[{"href":"https:\/\/nautical.store\/fi\/wp-json\/wp\/v2\/product\/82303","targetHints":{"allow":["GET"]}}],"collection":[{"href":"https:\/\/nautical.store\/fi\/wp-json\/wp\/v2\/product"}],"about":[{"href":"https:\/\/nautical.store\/fi\/wp-json\/wp\/v2\/types\/product"}],"wp:featuredmedia":[{"embeddable":true,"href":"https:\/\/nautical.store\/fi\/wp-json\/wp\/v2\/media\/72628"}],"wp:attachment":[{"href":"https:\/\/nautical.store\/fi\/wp-json\/wp\/v2\/media?parent=82303"}],"wp:term":[{"taxonomy":"pwb-brand","embeddable":true,"href":"https:\/\/nautical.store\/fi\/wp-json\/wp\/v2\/pwb-brand?post=82303"},{"taxonomy":"product_brand","embeddable":true,"href":"https:\/\/nautical.store\/fi\/wp-json\/wp\/v2\/product_brand?post=82303"},{"taxonomy":"product_cat","embeddable":true,"href":"https:\/\/nautical.store\/fi\/wp-json\/wp\/v2\/product_cat?post=82303"},{"taxonomy":"product_tag","embeddable":true,"href":"https:\/\/nautical.store\/fi\/wp-json\/wp\/v2\/product_tag?post=82303"},{"taxonomy":"woo-feed-brand","embeddable":true,"href":"https:\/\/nautical.store\/fi\/wp-json\/wp\/v2\/woo-feed-brand?post=82303"}],"curies":[{"name":"wp","href":"https:\/\/api.w.org\/{rel}","templated":true}]}}