{"id":82796,"date":"2025-07-14T23:09:17","date_gmt":"2025-07-14T20:09:17","guid":{"rendered":"https:\/\/nautical.store\/toode\/planet-mokasiinit\/"},"modified":"2025-08-27T09:48:44","modified_gmt":"2025-08-27T06:48:44","slug":"planet-mokasiinit","status":"publish","type":"product","link":"https:\/\/nautical.store\/fi\/tuote\/planet-mokasiinit\/","title":{"rendered":"Planet Mokasiinit"},"content":{"rendered":"<p><!--StartFragment --><\/p>\n<p>Le DD Planet -keng\u00e4t on valmistettu br\u00e4ndin omasta kierr\u00e4tett\u00e4v\u00e4st\u00e4 puuvillakuidun ja kumin seoksesta. Ne yhdist\u00e4v\u00e4t v\u00e4limerellisen rantakulttuurin urbaaniin kaupunkityyliin. Italialaisten k\u00e4sity\u00f6l\u00e4isten ammattitaito tarjoaa tinkim\u00e4t\u00f6nt\u00e4 mukavuutta ja oivaltavaa muotoilua \u2013 t\u00e4ydellinen valinta sek\u00e4 luontoon ett\u00e4 kaupunkiseikkailuihin.<\/p>\n<p>\u2022 Hengitt\u00e4v\u00e4<br \/>\n\u2022 Mukava<br \/>\n\u2022 Kest\u00e4v\u00e4<br \/>\n\u2022 Kierr\u00e4tett\u00e4v\u00e4 puuvillakuitu ja kumi<br \/>\n\u2022 Kumipohja<br \/>\n\u2022 Eritt\u00e4in kevyt \u2013 paino vain 150 g<br \/>\n\u2022 Antibakteerinen<br \/>\n\u2022 Pit\u00e4v\u00e4 pohja<br \/>\n\u2022 Konepest\u00e4v\u00e4 (40 \u00b0C)<br \/>\n\u2022 Valmistettu Italiassa paikallisten k\u00e4sity\u00f6l\u00e4isten toimesta<\/p>\n<p>Koko-opas:<br \/>\nLe DD Planet -loaferit ovat mitoitukseltaan reilut, joten suosittelemme valitsemaan koon pienemm\u00e4n kuin normaalisti. Paras istuvuus saavutetaan, kun kenk\u00e4 tuntuu aluksi hieman napakalta \u2013 k\u00e4yt\u00f6ss\u00e4 materiaali mukautuu ja venyy. Jos olet yleens\u00e4 kahden koon v\u00e4lill\u00e4, suosittelemme valitsemaan noin 1,5 kokoa pienemm\u00e4n.<\/p>\n<p><!--EndFragment --><\/p>\n","protected":false},"excerpt":{"rendered":"<p>Mukavat jalkineet ko&#8217;oissa 35\u201346<\/p>\n","protected":false},"featured_media":88196,"template":"","meta":{"_acf_changed":false},"pwb-brand":[2592],"product_brand":[],"product_cat":[817,818,777,827],"product_tag":[],"woo-feed-brand":[],"class_list":{"0":"post-82796","1":"product","2":"type-product","3":"status-publish","4":"has-post-thumbnail","6":"pwb-brand-le-dd-fi","7":"product_cat-jalkineet","8":"product_cat-jalkineet-naiset","9":"product_cat-miehet","10":"product_cat-naiset","12":"first","13":"instock","14":"taxable","15":"shipping-taxable","16":"purchasable","17":"product-type-variable","18":"wvs-archive-product-wrapper"},"acf":[],"brands":[{"id":2592,"name":"LeDD","slug":"le-dd-fi"}],"_links":{"self":[{"href":"https:\/\/nautical.store\/fi\/wp-json\/wp\/v2\/product\/82796","targetHints":{"allow":["GET"]}}],"collection":[{"href":"https:\/\/nautical.store\/fi\/wp-json\/wp\/v2\/product"}],"about":[{"href":"https:\/\/nautical.store\/fi\/wp-json\/wp\/v2\/types\/product"}],"wp:featuredmedia":[{"embeddable":true,"href":"https:\/\/nautical.store\/fi\/wp-json\/wp\/v2\/media\/88196"}],"wp:attachment":[{"href":"https:\/\/nautical.store\/fi\/wp-json\/wp\/v2\/media?parent=82796"}],"wp:term":[{"taxonomy":"pwb-brand","embeddable":true,"href":"https:\/\/nautical.store\/fi\/wp-json\/wp\/v2\/pwb-brand?post=82796"},{"taxonomy":"product_brand","embeddable":true,"href":"https:\/\/nautical.store\/fi\/wp-json\/wp\/v2\/product_brand?post=82796"},{"taxonomy":"product_cat","embeddable":true,"href":"https:\/\/nautical.store\/fi\/wp-json\/wp\/v2\/product_cat?post=82796"},{"taxonomy":"product_tag","embeddable":true,"href":"https:\/\/nautical.store\/fi\/wp-json\/wp\/v2\/product_tag?post=82796"},{"taxonomy":"woo-feed-brand","embeddable":true,"href":"https:\/\/nautical.store\/fi\/wp-json\/wp\/v2\/woo-feed-brand?post=82796"}],"curies":[{"name":"wp","href":"https:\/\/api.w.org\/{rel}","templated":true}]}}