{"id":82925,"date":"2025-07-15T22:17:00","date_gmt":"2025-07-15T19:17:00","guid":{"rendered":"https:\/\/nautical.store\/toode\/mercury-sneakerit\/"},"modified":"2025-10-23T10:23:22","modified_gmt":"2025-10-23T07:23:22","slug":"mercury-sneakerit","status":"publish","type":"product","link":"https:\/\/nautical.store\/fi\/tuote\/mercury-sneakerit\/","title":{"rendered":"Mercury sneakerit"},"content":{"rendered":"<p>Uus Le DD Mercury -malli \u2013 raikas lis\u00e4ys Le DD -kokoelmaan<br \/>\nMercury-vapaa-ajankeng\u00e4t on suunniteltu yst\u00e4vien ja asiakkaiden palautteen pohjalta. Keng\u00e4n muoto perustuu suosittujen loaferien tyylikkyyteen, mutta pohja on entist\u00e4kin kest\u00e4v\u00e4mpi.<br \/>\n\u2022 Konepest\u00e4v\u00e4t<br \/>\n\u2022 Kierr\u00e4tett\u00e4v\u00e4 puuvillakuitu ja kumi<br \/>\n\u2022 Antibakteeriset ja hengitt\u00e4v\u00e4t kuten kaikki Le DD -jalkineet<br \/>\n\u2022 Suunniteltu ja valmistettu Italiassa<br \/>\nKoko-ohje:<br \/>\nLe DD Mercury -keng\u00e4t ovat mitoitukseltaan reiluja, joten suosittelemme valitsemaan koon pienemm\u00e4n kuin normaalisti. Paras istuvuus on silloin, kun kenk\u00e4 tuntuu aluksi hieman napakalta \u2013 k\u00e4yt\u00f6ss\u00e4 materiaali mukautuu. Jos olet kahden koon v\u00e4lill\u00e4, valitse noin 1,5 kokoa pienempi.<br \/>\nLe DD loaferit voidaan pest\u00e4 40 \u00b0C l\u00e4mp\u00f6tilassa.<br \/>\nPaino: 300 grammaa<\/p>\n","protected":false},"excerpt":{"rendered":"<p>Mukavat jalkineet ko&#8217;oissa 37\u201346<\/p>\n","protected":false},"featured_media":82740,"template":"","meta":{"_acf_changed":false},"pwb-brand":[2592],"product_brand":[],"product_cat":[818,817,777,827],"product_tag":[],"woo-feed-brand":[],"class_list":{"0":"post-82925","1":"product","2":"type-product","3":"status-publish","4":"has-post-thumbnail","6":"pwb-brand-le-dd-fi","7":"product_cat-jalkineet-naiset","8":"product_cat-jalkineet","9":"product_cat-miehet","10":"product_cat-naiset","12":"first","13":"instock","14":"taxable","15":"shipping-taxable","16":"purchasable","17":"product-type-variable","18":"wvs-archive-product-wrapper"},"acf":[],"brands":[{"id":2592,"name":"LeDD","slug":"le-dd-fi"}],"_links":{"self":[{"href":"https:\/\/nautical.store\/fi\/wp-json\/wp\/v2\/product\/82925","targetHints":{"allow":["GET"]}}],"collection":[{"href":"https:\/\/nautical.store\/fi\/wp-json\/wp\/v2\/product"}],"about":[{"href":"https:\/\/nautical.store\/fi\/wp-json\/wp\/v2\/types\/product"}],"wp:featuredmedia":[{"embeddable":true,"href":"https:\/\/nautical.store\/fi\/wp-json\/wp\/v2\/media\/82740"}],"wp:attachment":[{"href":"https:\/\/nautical.store\/fi\/wp-json\/wp\/v2\/media?parent=82925"}],"wp:term":[{"taxonomy":"pwb-brand","embeddable":true,"href":"https:\/\/nautical.store\/fi\/wp-json\/wp\/v2\/pwb-brand?post=82925"},{"taxonomy":"product_brand","embeddable":true,"href":"https:\/\/nautical.store\/fi\/wp-json\/wp\/v2\/product_brand?post=82925"},{"taxonomy":"product_cat","embeddable":true,"href":"https:\/\/nautical.store\/fi\/wp-json\/wp\/v2\/product_cat?post=82925"},{"taxonomy":"product_tag","embeddable":true,"href":"https:\/\/nautical.store\/fi\/wp-json\/wp\/v2\/product_tag?post=82925"},{"taxonomy":"woo-feed-brand","embeddable":true,"href":"https:\/\/nautical.store\/fi\/wp-json\/wp\/v2\/woo-feed-brand?post=82925"}],"curies":[{"name":"wp","href":"https:\/\/api.w.org\/{rel}","templated":true}]}}