{"id":83109,"date":"2025-07-23T16:08:59","date_gmt":"2025-07-23T13:08:59","guid":{"rendered":"https:\/\/nautical.store\/toode\/dream-tossut\/"},"modified":"2025-07-23T16:08:59","modified_gmt":"2025-07-23T13:08:59","slug":"dream-tossut","status":"publish","type":"product","link":"https:\/\/nautical.store\/fi\/tuote\/dream-tossut\/","title":{"rendered":"Dream-tossut"},"content":{"rendered":"<p><!--StartFragment --><\/p>\n<p>Unelmakevyet Dream-tossut \u2013 V\u00e4limeren fiilist\u00e4 joka askeleella!<br \/>\nN\u00e4m\u00e4 tossut on tehty Le DD:n omasta puuvilla-kumisekoituksesta, joka tuntuu jalassa kevyelt\u00e4 mutta kest\u00e4\u00e4 k\u00e4ytt\u00f6\u00e4. Inspiraatio tulee V\u00e4limeren rantatyyleist\u00e4, mutta toteutus on tyylikk\u00e4\u00e4n urbaani \u2013 ja kaikki t\u00e4m\u00e4 italialaisten mestareiden k\u00e4sity\u00f6n\u00e4.<\/p>\n<p>Miksi ihastua n\u00e4ihin?<\/p>\n<ul>\n<li>Hengitt\u00e4v\u00e4 kangas<\/li>\n<li>Supermukavat jalassa<\/li>\n<li>Todella kest\u00e4v\u00e4t<\/li>\n<li>Kierr\u00e4tetty puuvillakuitu + kumia<\/li>\n<li>Extra-kevyet<\/li>\n<li>Antibakteeriset<\/li>\n<li>Pit\u00e4v\u00e4 pohja<\/li>\n<li>Pesukoneeseen (40\u202f\u00b0C)<\/li>\n<li>Valmistettu Italiassa, rakkaudella<\/li>\n<\/ul>\n<p>Koot:<\/p>\n<ul>\n<li>XS: 35\u201336\u201337<\/li>\n<li>S: 38\u201339\u201340<\/li>\n<li>M: 41\u201342\u201343<\/li>\n<li>L: 44\u201345\u201346<\/li>\n<\/ul>\n<p><!--EndFragment --><\/p>\n","protected":false},"excerpt":{"rendered":"<p><!--StartFragment --><\/p>\n<ul>\n<li style=\"list-style-type: none;\">\n<ul>\n<li style=\"list-style-type: none;\">\n<ul style=\"text-align: left;\"><!--EndFragment --><\/ul>\n<ul style=\"text-align: left;\">\n<li style=\"list-style-type: none;\">\n<ul><!--StartFragment --><\/ul>\n<\/li>\n<\/ul>\n<ul style=\"text-align: left;\">\n<li style=\"list-style-type: none;\">\n<ul><!--StartFragment --><\/ul>\n<\/li>\n<\/ul>\n<p style=\"text-align: left;\"><!--StartFragment --><\/p>\n<p>&nbsp;<\/p>\n<p style=\"text-align: left;\"> <!--EndFragment --><\/p>\n<ul style=\"text-align: left;\">\n<li style=\"list-style-type: none;\">\n<ul><!--EndFragment --><\/ul>\n<\/li>\n<\/ul>\n<ul style=\"text-align: left;\"><\/ul>\n<\/li>\n<\/ul>\n<\/li>\n<\/ul>\n<p><!--EndFragment --><\/p>\n","protected":false},"featured_media":83039,"template":"","meta":{"_acf_changed":false},"pwb-brand":[2592],"product_brand":[],"product_cat":[817,818,777,827],"product_tag":[],"woo-feed-brand":[],"class_list":{"0":"post-83109","1":"product","2":"type-product","3":"status-publish","4":"has-post-thumbnail","6":"pwb-brand-le-dd-fi","7":"product_cat-jalkineet","8":"product_cat-jalkineet-naiset","9":"product_cat-miehet","10":"product_cat-naiset","12":"first","13":"instock","14":"taxable","15":"shipping-taxable","16":"purchasable","17":"product-type-variable","18":"wvs-archive-product-wrapper"},"acf":[],"brands":[{"id":2592,"name":"LeDD","slug":"le-dd-fi"}],"_links":{"self":[{"href":"https:\/\/nautical.store\/fi\/wp-json\/wp\/v2\/product\/83109","targetHints":{"allow":["GET"]}}],"collection":[{"href":"https:\/\/nautical.store\/fi\/wp-json\/wp\/v2\/product"}],"about":[{"href":"https:\/\/nautical.store\/fi\/wp-json\/wp\/v2\/types\/product"}],"wp:featuredmedia":[{"embeddable":true,"href":"https:\/\/nautical.store\/fi\/wp-json\/wp\/v2\/media\/83039"}],"wp:attachment":[{"href":"https:\/\/nautical.store\/fi\/wp-json\/wp\/v2\/media?parent=83109"}],"wp:term":[{"taxonomy":"pwb-brand","embeddable":true,"href":"https:\/\/nautical.store\/fi\/wp-json\/wp\/v2\/pwb-brand?post=83109"},{"taxonomy":"product_brand","embeddable":true,"href":"https:\/\/nautical.store\/fi\/wp-json\/wp\/v2\/product_brand?post=83109"},{"taxonomy":"product_cat","embeddable":true,"href":"https:\/\/nautical.store\/fi\/wp-json\/wp\/v2\/product_cat?post=83109"},{"taxonomy":"product_tag","embeddable":true,"href":"https:\/\/nautical.store\/fi\/wp-json\/wp\/v2\/product_tag?post=83109"},{"taxonomy":"woo-feed-brand","embeddable":true,"href":"https:\/\/nautical.store\/fi\/wp-json\/wp\/v2\/woo-feed-brand?post=83109"}],"curies":[{"name":"wp","href":"https:\/\/api.w.org\/{rel}","templated":true}]}}